{"id":141827,"date":"2021-11-09T11:26:59","date_gmt":"2021-11-09T10:26:59","guid":{"rendered":"https:\/\/www.magped.com\/conditions-dannulation\/"},"modified":"2024-08-07T00:10:24","modified_gmt":"2024-08-06T22:10:24","slug":"conditions-dannulation","status":"publish","type":"page","link":"https:\/\/www.magped.com\/fr\/conditions-dannulation\/","title":{"rendered":"CONDITIONS D&rsquo;ANNULATION"},"content":{"rendered":"<h1><font color = 95C121 >Conditions d&rsquo;annulation<\/font><\/h1>\n<h3>DROITS D&rsquo;ANNULATION POUR LES CONSOMMATEURS:<\/h3>\n<p>Les consommateurs ont le droit de r\u00e9silier ce contrat dans un d\u00e9lai de quatorze jours sans donner de motif. Le d\u00e9lai de r\u00e9tractation est de quatorze jours \u00e0 compter de la date \u00e0 laquelle vous, ou un tiers d\u00e9sign\u00e9 par vous, autre que le transporteur, avez pris possession du dernier bien ou de la derni\u00e8re livraison partielle. Pour exercer votre droit de r\u00e9tractation, vous devez nous informer de votre d\u00e9cision d&rsquo;annuler le pr\u00e9sent contrat au moyen d&rsquo;une d\u00e9claration \u00e9crite explicite (par exemple, par une lettre envoy\u00e9e par courrier recommand\u00e9, par t\u00e9l\u00e9copie ou par courrier \u00e9lectronique). Vous pouvez utiliser le mod\u00e8le d\u2019annulation joint \u00e0 cette fin. Pour prot\u00e9ger le d\u00e9lai de r\u00e9tractation, il suffit d&rsquo;envoyer la notification d&rsquo;ex\u00e9cution du droit de r\u00e9tractation avant la fin du d\u00e9lai de r\u00e9tractation. Cons\u00e9quences de l&rsquo;annulation: Si vous annulez ce contrat, nous vous rembourserons tous les paiements que nous avons re\u00e7us de vous, y compris les frais de livraison (\u00e0 l&rsquo;exclusion des frais suppl\u00e9mentaires occasionn\u00e9s lorsque vous avez choisi un mode de livraison autre que la livraison standard. m\u00e9thode propos\u00e9e par nous), sans d\u00e9lai et au plus tard dans les quatorze jours \u00e0 compter de la date \u00e0 laquelle nous recevons une notification \u00e9crite de votre annulation de ce contrat. Pour rembourser votre paiement, nous utiliserons la m\u00eame m\u00e9thode que vous avez utilis\u00e9e pour effectuer la transaction initiale, \u00e0 moins qu&rsquo;une autre m\u00e9thode ait \u00e9t\u00e9 express\u00e9ment convenue avec vous et qu&rsquo;en aucun cas des frais ne vous seront factur\u00e9s \u00e0 la suite de ce remboursement. Cependant, nous pouvons refuser de rembourser jusqu&rsquo;\u00e0 ce que nous ayons re\u00e7u les marchandises inutilis\u00e9es et sans dommage ou jusqu&rsquo;\u00e0 ce que vous ayez fourni la preuve que vous avez renvoy\u00e9 les marchandises inutilis\u00e9es et non endommag\u00e9es. Vous devez retourner ou remettre la marchandise sans d\u00e9lai et, en tout \u00e9tat de cause, dans les quatorze jours \u00e0 compter de la date \u00e0 laquelle vous nous avez inform\u00e9 de l&rsquo;annulation de ce contrat. La p\u00e9riode d&rsquo;annulation est garantie si vous retournez la marchandise avant l&rsquo;expiration du d\u00e9lai de quatorze jours. Vous serez seul responsable des co\u00fbts directs de renvoi des marchandises. Vous ne serez responsable de la valeur r\u00e9duite des marchandises que si cette perte est le r\u00e9sultat r\u00e9el d\u2019une manipulation inutile des marchandises par vous afin de v\u00e9rifier leurs caract\u00e9ristiques, propri\u00e9t\u00e9s, caract\u00e9ristiques et fonction.<\/p>\n<h3>MOD\u00c8LE D&rsquo;ANNULATION STANDARD:<\/h3>\n<p>Si vous souhaitez annuler le contrat, veuillez compl\u00e9ter ce formulaire et nous le renvoyer: envoyez [par courrier recommand\u00e9, courrier \u00e9lectronique ou t\u00e9l\u00e9copie selon les informations de la soci\u00e9t\u00e9] \u00e0:<\/p>\n<p>magped GmbH<br \/>\nGrubenweg 1<br \/>\n6071 Aldrans<br \/>\nAustria<\/p>\n<p>\u2022 Je \/ nous (*) r\u00e9silions par la pr\u00e9sente le contrat que je \/ nous (*) avons conclu pour l&rsquo;achat des biens suivants (*)<\/p>\n<p>\u2022 Command\u00e9 le (*) \/ R\u00e9ception le (*)<\/p>\n<p>\u2022 Nom du (des) consommateur (s)<\/p>\n<p>\u2022 Adresse du (des) consommateur (s)<\/p>\n<p>\u2022 Signature du (des) consommateur (s) ( seulement pour notification sur papier)<\/p>\n<p>\u2022 Date<\/p>\n","protected":false},"excerpt":{"rendered":"<p>Conditions d&rsquo;annulation DROITS D&rsquo;ANNULATION POUR LES CONSOMMATEURS: Les consommateurs ont le droit de r\u00e9silier ce contrat dans un d\u00e9lai de quatorze jours sans donner de motif. Le d\u00e9lai de r\u00e9tractation est de quatorze jours \u00e0 compter de la date \u00e0 laquelle vous, ou un tiers d\u00e9sign\u00e9 par vous, autre que le transporteur, avez pris possession&#8230;<\/p>\n","protected":false},"author":1,"featured_media":0,"parent":0,"menu_order":0,"comment_status":"closed","ping_status":"closed","template":"","meta":{"footnotes":""},"class_list":["post-141827","page","type-page","status-publish","hentry"],"_links":{"self":[{"href":"https:\/\/www.magped.com\/fr\/wp-json\/wp\/v2\/pages\/141827","targetHints":{"allow":["GET"]}}],"collection":[{"href":"https:\/\/www.magped.com\/fr\/wp-json\/wp\/v2\/pages"}],"about":[{"href":"https:\/\/www.magped.com\/fr\/wp-json\/wp\/v2\/types\/page"}],"author":[{"embeddable":true,"href":"https:\/\/www.magped.com\/fr\/wp-json\/wp\/v2\/users\/1"}],"replies":[{"embeddable":true,"href":"https:\/\/www.magped.com\/fr\/wp-json\/wp\/v2\/comments?post=141827"}],"version-history":[{"count":0,"href":"https:\/\/www.magped.com\/fr\/wp-json\/wp\/v2\/pages\/141827\/revisions"}],"wp:attachment":[{"href":"https:\/\/www.magped.com\/fr\/wp-json\/wp\/v2\/media?parent=141827"}],"curies":[{"name":"wp","href":"https:\/\/api.w.org\/{rel}","templated":true}]}}