{"id":176310,"date":"2024-08-05T11:24:54","date_gmt":"2024-08-05T09:24:54","guid":{"rendered":"https:\/\/www.magped.com\/privacy-policy\/"},"modified":"2024-08-08T17:53:06","modified_gmt":"2024-08-08T15:53:06","slug":"privacy-policy","status":"publish","type":"page","link":"https:\/\/www.magped.com\/fr\/privacy-policy\/","title":{"rendered":"Privacy policy"},"content":{"rendered":"\n\t<section class=\"section\" id=\"section_275544822\">\n\t\t<div class=\"section-bg fill\" >\n\t\t\t\t\t\t\t\t\t\n\t\t\t\n\n\t\t<\/div>\n\n\t\t\n\n\t\t<div class=\"section-content relative\">\n\t\t\t\n\t<div id=\"gap-1187657633\" class=\"gap-element clearfix\" style=\"display:block; height:auto;\">\n\t\t\n<style>\n#gap-1187657633 {\n  padding-top: 30px;\n}\n@media (min-width:550px) {\n  #gap-1187657633 {\n    padding-top: 20px;\n  }\n}\n<\/style>\n\t<\/div>\n\t\n<div class=\"row align-center\"  id=\"row-1181706964\">\n\n\t<div id=\"col-1774873978\" class=\"col medium-6 small-12 large-5\"  data-animate=\"bounceInUp\">\n\t\t\t\t<div class=\"col-inner text-center\"  >\n\t\t\t\n\t\t\t\n\t<div id=\"text-2366025702\" class=\"text collapse\">\n\t\t\n<p>Support<\/p>\n\t\t\t<\/div>\n\t\n\t<div id=\"gap-307525206\" class=\"gap-element clearfix\" style=\"display:block; height:auto;\">\n\t\t\n<style>\n#gap-307525206 {\n  padding-top: 10px;\n}\n<\/style>\n\t<\/div>\n\t\n\t<div id=\"text-2258898623\" class=\"text collapse h2\">\n\t\t\n<p>Information sur la protection des donn\u00e9es<\/p>\n\t\t\t<\/div>\n\t\n\t\t<\/div>\n\t\t\t\t\n<style>\n#col-1774873978 > .col-inner {\n  margin: 0px 0px 15px 0px;\n}\n<\/style>\n\t<\/div>\n\n\t\n<\/div>\n\t\t<\/div>\n\n\t\t\n<style>\n#section_275544822 {\n  padding-top: 10px;\n  padding-bottom: 10px;\n  min-height: 0px;\n  background-color: rgb(255, 255, 255);\n}\n@media (min-width:550px) {\n  #section_275544822 {\n    padding-top: 30px;\n    padding-bottom: 30px;\n  }\n}\n<\/style>\n\t<\/section>\n\t\n\n\t<section class=\"section\" id=\"section_714100082\">\n\t\t<div class=\"section-bg fill\" >\n\t\t\t\t\t\t\t\t\t\n\t\t\t\n\n\t\t<\/div>\n\n\t\t\n\n\t\t<div class=\"section-content relative\">\n\t\t\t\n\t<div id=\"gap-645452693\" class=\"gap-element clearfix\" style=\"display:block; height:auto;\">\n\t\t\n<style>\n#gap-645452693 {\n  padding-top: 55px;\n}\n@media (min-width:550px) {\n  #gap-645452693 {\n    padding-top: 70px;\n  }\n}\n@media (min-width:850px) {\n  #gap-645452693 {\n    padding-top: 75px;\n  }\n}\n<\/style>\n\t<\/div>\n\t\n<div class=\"row align-center\"  id=\"row-243147061\">\n\n\t<div id=\"col-923469725\" class=\"col medium-12 small-12 large-3\"  >\n\t\t<div class=\"is-sticky-column\"><div class=\"is-sticky-column__inner\">\t\t<div class=\"col-inner\" style=\"background-color:rgb(255, 255, 255);\" >\n\t\t\t\n\t\t\t\n\t<div class=\"ux-menu stack stack-col justify-start\">\n\t\t\n\n\t<div class=\"ux-menu-link flex menu-item\">\n\t\t<a class=\"ux-menu-link__link flex\" href=\"https:\/\/www.magped.com\/faq\/\" >\n\t\t\t\t\t\t<span class=\"ux-menu-link__text\">\n\t\t\t\tFAQ\t\t\t<\/span>\n\t\t<\/a>\n\t<\/div>\n\t\n\n\t<div class=\"ux-menu-link flex menu-item\">\n\t\t<a class=\"ux-menu-link__link flex\" href=\"https:\/\/www.magped.com\/shippings\/\" >\n\t\t\t\t\t\t<span class=\"ux-menu-link__text\">\n\t\t\t\tExp\u00e9dition\t\t\t<\/span>\n\t\t<\/a>\n\t<\/div>\n\t\n\n\t<div class=\"ux-menu-link flex menu-item\">\n\t\t<a class=\"ux-menu-link__link flex\" href=\"https:\/\/www.magped.com\/returns\/\" >\n\t\t\t\t\t\t<span class=\"ux-menu-link__text\">\n\t\t\t\tInformation sur le droit de r\u00e9tractation\t\t\t<\/span>\n\t\t<\/a>\n\t<\/div>\n\t\n\n\t<div class=\"ux-menu-link flex menu-item\">\n\t\t<a class=\"ux-menu-link__link flex\" href=\"https:\/\/www.magped.com\/payments\/\" >\n\t\t\t\t\t\t<span class=\"ux-menu-link__text\">\n\t\t\t\tPaiement\t\t\t<\/span>\n\t\t<\/a>\n\t<\/div>\n\t\n\n\t<div class=\"ux-menu-link flex menu-item\">\n\t\t<a class=\"ux-menu-link__link flex\" href=\"https:\/\/www.magped.com\/terms-and-conditions\/\" >\n\t\t\t\t\t\t<span class=\"ux-menu-link__text\">\n\t\t\t\tConditions g\u00e9n\u00e9rales de vente\t\t\t<\/span>\n\t\t<\/a>\n\t<\/div>\n\t\n\n\t<div class=\"ux-menu-link flex menu-item\">\n\t\t<a class=\"ux-menu-link__link flex\" href=\"https:\/\/www.magped.com\/privacy-policy\/\" >\n\t\t\t\t\t\t<span class=\"ux-menu-link__text\">\n\t\t\t\tInformation sur la protection des donn\u00e9es\t\t\t<\/span>\n\t\t<\/a>\n\t<\/div>\n\t\n\n\t<div class=\"ux-menu-link flex menu-item\">\n\t\t<a class=\"ux-menu-link__link flex\" href=\"https:\/\/www.magped.com\/impressum\/\" >\n\t\t\t\t\t\t<span class=\"ux-menu-link__text\">\n\t\t\t\tImpressum\t\t\t<\/span>\n\t\t<\/a>\n\t<\/div>\n\t\n\n\t<div class=\"ux-menu-link flex menu-item\">\n\t\t<a class=\"ux-menu-link__link flex\" href=\"https:\/\/www.magped.com\/contact\/\" >\n\t\t\t\t\t\t<span class=\"ux-menu-link__text\">\n\t\t\t\tContact\t\t\t<\/span>\n\t\t<\/a>\n\t<\/div>\n\t\n\n\n\t<\/div>\n\t\n\t\t<\/div>\n\t\t<\/div><\/div>\t\t\n<style>\n#col-923469725 > .is-sticky-column > .is-sticky-column__inner > .col-inner {\n  padding: 10% 10% 7% 10%;\n  margin: 0px 0px 25px 0px;\n  border-radius: 20px;\n}\n@media (min-width:550px) {\n  #col-923469725 > .is-sticky-column > .is-sticky-column__inner > .col-inner {\n    padding: 5% 5% 5% 5%;\n  }\n}\n@media (min-width:850px) {\n  #col-923469725 > .is-sticky-column > .is-sticky-column__inner > .col-inner {\n    padding: 12% 15% 12% 15%;\n  }\n}\n<\/style>\n\t<\/div>\n\n\t\n\n\t<div id=\"col-1968684109\" class=\"col medium-12 small-12 large-9 medium-col-first\"  >\n\t\t\t\t<div class=\"col-inner\"  >\n\t\t\t\n\t\t\t\n\t<div id=\"text-4187189879\" class=\"text\">\n\t\t\n<h4><strong>Quelles donn\u00e9es collectons-nous, traitons-nous et utilisons-nous ?<\/strong><\/h4>\n<p>En r\u00e8gle g\u00e9n\u00e9rale, l&rsquo;utilisation de notre site Internet est possible sans indication de donn\u00e9es personnelles. Dans la mesure o\u00f9 des donn\u00e9es personnelles (par exemple nom, adresse ou adresses e-mail) sont collect\u00e9es sur notre site, elles le sont toujours sur une base volontaire. Ces donn\u00e9es ne sont pas transmises \u00e0 des tiers sans votre accord expr\u00e8s et ne sont utilis\u00e9es qu&rsquo;aux fins indiqu\u00e9es. Un accord donn\u00e9 \u00e0 notre \u00e9gard peut \u00eatre r\u00e9voqu\u00e9 \u00e0 tout moment et sans indication de motifs. Pour toute demande relative \u00e0 la protection des donn\u00e9es, veuillez utiliser l&rsquo;adresse e-mail <a href=\"mailto:office@magped.com\">office@magped.com<\/a>.    <\/p>\n<h4><strong>Acc\u00e8s, rectification et suppression des donn\u00e9es<\/strong><\/h4>\n<p>Si vous souhaitez obtenir des informations, corriger ou supprimer vos donn\u00e9es personnelles, vous pouvez le faire en envoyant un e-mail \u00e0 <a href=\"mailto:office@magped.com\">office@magped.com<\/a>. Pour prouver votre identit\u00e9, veuillez joindre \u00e0 votre demande une pi\u00e8ce d&rsquo;identit\u00e9 officielle avec photo scann\u00e9e. Veuillez \u00e9galement indiquer \u00e0 quel titre et pendant quelle p\u00e9riode vous avez \u00e9t\u00e9 en contact avec nous, afin de conna\u00eetre le plus pr\u00e9cis\u00e9ment possible l&rsquo;\u00e9tendue et le contenu de votre demande.  <\/p>\n<h4><strong>Cookies<\/strong><\/h4>\n<p>Notre site Internet utilise en partie des cookies. Ces cookies nous permettent de reconna\u00eetre votre navigateur lors de votre prochaine visite. Vous pouvez configurer votre navigateur de mani\u00e8re \u00e0 \u00eatre inform\u00e9 de l&rsquo;installation de cookies et \u00e0 n&rsquo;autoriser les cookies qu&rsquo;au cas par cas, \u00e0 exclure l&rsquo;acceptation de cookies dans certains cas ou de mani\u00e8re g\u00e9n\u00e9rale, et \u00e0 activer la suppression automatique des cookies \u00e0 la fermeture du navigateur. En cas de d\u00e9sactivation des cookies, la fonctionnalit\u00e9 de ce site web peut \u00eatre limit\u00e9e.   <\/p>\n<h4><strong>Fichiers journaux du serveur<\/strong><\/h4>\n<p>Le fournisseur des pages recueille et enregistre automatiquement des informations dans des fichiers journaux de serveur que votre navigateur nous transmet automatiquement : type de navigateur, version du navigateur, syst\u00e8me d&rsquo;exploitation utilis\u00e9, URL de r\u00e9f\u00e9rence, nom d&rsquo;h\u00f4te de l&rsquo;ordinateur qui acc\u00e8de au site, heure de la demande du serveur. Nous ne proc\u00e9dons pas \u00e0 un regroupement de ces donn\u00e9es avec d&rsquo;autres sources de donn\u00e9es. <\/p>\n<h4><strong>D\u00e9claration de confidentialit\u00e9 pour l&rsquo;utilisation de Google Analytics<\/strong><\/h4>\n<p>Ce site web utilise Google Analytics, un service d&rsquo;analyse web de Google Inc (\u00ab\u00a0Google\u00a0\u00bb). Le fournisseur est Google Inc., 1600 Amphitheatre Parkway Mountain View, CA 94043, USA. Google Analytics utilise des \u00ab\u00a0cookies\u00a0\u00bb, des fichiers texte qui sont enregistr\u00e9s sur votre ordinateur et qui permettent d&rsquo;analyser votre utilisation du site web. Les informations g\u00e9n\u00e9r\u00e9es par le cookie concernant votre utilisation de ce site Web (y compris votre adresse IP) sont transmises \u00e0 un serveur de Google aux \u00c9tats-Unis et y sont enregistr\u00e9es. Google utilisera cette information dans le but d&rsquo;\u00e9valuer votre utilisation du site, de compiler des rapports sur l&rsquo;activit\u00e9 du site \u00e0 destination de son \u00e9diteur et de fournir d&rsquo;autres services relatifs \u00e0 l&rsquo;activit\u00e9 du site et \u00e0 l&rsquo;utilisation d&rsquo;Internet. Le cas \u00e9ch\u00e9ant, Google transmettra \u00e9galement ces informations \u00e0 des tiers, dans la mesure o\u00f9 cela est prescrit par la loi ou si des tiers traitent ces donn\u00e9es pour le compte de Google. Google n&rsquo;associera en aucun cas votre adresse IP \u00e0 d&rsquo;autres donn\u00e9es de Google. Vous pouvez emp\u00eacher l&rsquo;installation des cookies en param\u00e9trant votre navigateur en cons\u00e9quence ; nous attirons toutefois votre attention sur le fait que, dans ce cas, vous ne pourrez peut-\u00eatre pas utiliser toutes les fonctions de ce site web dans leur int\u00e9gralit\u00e9. En utilisant ce site web, vous acceptez que les donn\u00e9es collect\u00e9es \u00e0 votre sujet par Google soient trait\u00e9es de la mani\u00e8re et aux fins d\u00e9crites ci-dessus.<\/p>\n\t\t\n<style>\n#text-4187189879 {\n  text-align: left;\n}\n<\/style>\n\t<\/div>\n\t\n\t\t<\/div>\n\t\t\t\t\n<style>\n#col-1968684109 > .col-inner {\n  padding: 0px 0px 0% 0px;\n  border-radius: 30px;\n}\n@media (min-width:550px) {\n  #col-1968684109 > .col-inner {\n    padding: 0px 0px 0px 0px;\n  }\n}\n@media (min-width:850px) {\n  #col-1968684109 > .col-inner {\n    padding: 0px 0px 0px 6%;\n  }\n}\n<\/style>\n\t<\/div>\n\n\t\n<\/div>\n\t<div id=\"gap-261216843\" class=\"gap-element clearfix\" style=\"display:block; height:auto;\">\n\t\t\n<style>\n#gap-261216843 {\n  padding-top: 20px;\n}\n@media (min-width:550px) {\n  #gap-261216843 {\n    padding-top: 50px;\n  }\n}\n<\/style>\n\t<\/div>\n\t\n<div class=\"row align-center\"  id=\"row-861736284\">\n\n\n\t<div id=\"col-1321520380\" class=\"col small-12 large-12\"  >\n\t\t\t\t<div class=\"col-inner dark\"  >\n\t\t\t\n\t\t\t\n\n<div class=\"row row-collapse align-middle\"  id=\"row-1787647613\">\n\n\n\t<div id=\"col-529953029\" class=\"col medium-12 small-12 large-8\"  >\n\t\t\t\t<div class=\"col-inner\"  >\n\t\t\t\n\t\t\t\n\n<div class=\"row row-collapse align-middle align-center\"  id=\"row-2021090754\">\n\n\n\t<div id=\"col-1112773274\" class=\"col medium-12 small-12 large-3\"  >\n\t\t\t\t<div class=\"col-inner text-left\"  >\n\t\t\t\n\t\t\t\n\n\t<div id=\"stack-40408890\" class=\"stack stack-row justify-start items-stretch md:justify-center\">\n\t\t\n\n\t<div id=\"text-2137261121\" class=\"text round-corners collapse\">\n\t\t\n\n<p><img loading=\"lazy\" decoding=\"async\" class=\"alignnone wp-image-1269\" src=\"\/wp-content\/uploads\/2024\/09\/any_questions.jpg\" alt=\"\" width=\"135\" height=\"94\"><\/p>\n\n\t\t\t<\/div>\n\t\n\n\t\t\n<style>\n#stack-40408890 > * {\n  --stack-gap: 0rem;\n}\n<\/style>\n\t<\/div>\n\t\n\n\t\t<\/div>\n\t\t\t\t\t<\/div>\n\n\t\n\n\t<div id=\"col-1793894981\" class=\"col medium-9 small-12 large-9\"  >\n\t\t\t\t<div class=\"col-inner\"  >\n\t\t\t\n\t\t\t\n\n\t<div id=\"text-4145897900\" class=\"text h3 collapse\">\n\t\t\n\nAvez-vous d'autres questions ?\n\t\t\n<style>\n#text-4145897900 {\n  text-align: center;\n}\n@media (min-width:850px) {\n  #text-4145897900 {\n    text-align: left;\n  }\n}\n<\/style>\n\t<\/div>\n\t\n\t<div id=\"gap-2103813814\" class=\"gap-element clearfix\" style=\"display:block; height:auto;\">\n\t\t\n<style>\n#gap-2103813814 {\n  padding-top: 10px;\n}\n<\/style>\n\t<\/div>\n\t\n\n\t<div id=\"text-2313722987\" class=\"text collapse\">\n\t\t\n\nN'h\u00e9site pas \u00e0 nous contacter \u00e0 tout moment.\n\t\t\n<style>\n#text-2313722987 {\n  text-align: center;\n}\n@media (min-width:850px) {\n  #text-2313722987 {\n    text-align: left;\n  }\n}\n<\/style>\n\t<\/div>\n\t\n\n\t\t<\/div>\n\t\t\t\t\n<style>\n#col-1793894981 > .col-inner {\n  padding: 30px 0px 0px 0px;\n  margin: 0px 0px 0px 0px;\n}\n@media (min-width:550px) {\n  #col-1793894981 > .col-inner {\n    padding: 20px 0px 0px 0px;\n  }\n}\n@media (min-width:850px) {\n  #col-1793894981 > .col-inner {\n    padding: 0px 0px 0px 0px;\n  }\n}\n<\/style>\n\t<\/div>\n\n\t\n\n<\/div>\n\n\t\t<\/div>\n\t\t\t\t\n<style>\n#col-529953029 > .col-inner {\n  padding: 0px 0px 30px 0px;\n}\n@media (min-width:850px) {\n  #col-529953029 > .col-inner {\n    padding: 0px 0px 0px 0px;\n  }\n}\n<\/style>\n\t<\/div>\n\n\t\n\n\t<div id=\"col-893581110\" class=\"col medium-12 small-12 large-4\"  >\n\t\t\t\t<div class=\"col-inner\"  >\n\t\t\t\n\t\t\t\n\n\t<div id=\"stack-879050376\" class=\"stack stack-row justify-center items-stretch sm:stack-col\">\n\t\t\n\n<a href=\"https:\/\/www.magped.com\/fr\/contact\/\" class=\"button secondary is-large collapse\" >\n\t\t<span>Contacter magped<\/span>\n\t<\/a>\n\n\n\n\t\t\n<style>\n#stack-879050376 > * {\n  --stack-gap: 0.5rem;\n}\n<\/style>\n\t<\/div>\n\t\n\n\t\t<\/div>\n\t\t\t\t\t<\/div>\n\n\t\n\n\n<style>\n#row-1787647613 > .col > .col-inner {\n  border-radius: 20px;\n}\n<\/style>\n<\/div>\n\n\t\t<\/div>\n\t\t\t\t\n<style>\n#col-1321520380 > .col-inner {\n  margin: 0px 0px -30px 0px;\n}\n<\/style>\n\t<\/div>\n\n\t\n\n\n<style>\n#row-861736284 > .col > .col-inner {\n  padding: 10% 10% 10% 10%;\n  background-color: #161616;\n  border-radius: 20px;\n}\n@media (min-width:550px) {\n  #row-861736284 > .col > .col-inner {\n    padding: 5% 5% 5% 5%;\n  }\n}\n@media (min-width:850px) {\n  #row-861736284 > .col > .col-inner {\n    padding: 2% 2% 2% 2%;\n  }\n}\n<\/style>\n<\/div>\n\t\t<\/div>\n\n\t\t\n<style>\n#section_714100082 {\n  padding-top: 0px;\n  padding-bottom: 0px;\n  background-color: rgb(247, 247, 247);\n}\n@media (min-width:550px) {\n  #section_714100082 {\n    padding-top: 0px;\n    padding-bottom: 0px;\n  }\n}\n@media (min-width:850px) {\n  #section_714100082 {\n    padding-top: 0px;\n    padding-bottom: 0px;\n  }\n}\n<\/style>\n\t<\/section>\n\t\n","protected":false},"excerpt":{"rendered":"","protected":false},"author":1,"featured_media":0,"parent":0,"menu_order":0,"comment_status":"closed","ping_status":"closed","template":"page-blank.php","meta":{"footnotes":""},"class_list":["post-176310","page","type-page","status-publish","hentry"],"_links":{"self":[{"href":"https:\/\/www.magped.com\/fr\/wp-json\/wp\/v2\/pages\/176310","targetHints":{"allow":["GET"]}}],"collection":[{"href":"https:\/\/www.magped.com\/fr\/wp-json\/wp\/v2\/pages"}],"about":[{"href":"https:\/\/www.magped.com\/fr\/wp-json\/wp\/v2\/types\/page"}],"author":[{"embeddable":true,"href":"https:\/\/www.magped.com\/fr\/wp-json\/wp\/v2\/users\/1"}],"replies":[{"embeddable":true,"href":"https:\/\/www.magped.com\/fr\/wp-json\/wp\/v2\/comments?post=176310"}],"version-history":[{"count":0,"href":"https:\/\/www.magped.com\/fr\/wp-json\/wp\/v2\/pages\/176310\/revisions"}],"wp:attachment":[{"href":"https:\/\/www.magped.com\/fr\/wp-json\/wp\/v2\/media?parent=176310"}],"curies":[{"name":"wp","href":"https:\/\/api.w.org\/{rel}","templated":true}]}}