{"id":176358,"date":"2024-08-05T12:11:28","date_gmt":"2024-08-05T10:11:28","guid":{"rendered":"https:\/\/www.magped.com\/shippings\/"},"modified":"2025-01-05T14:03:17","modified_gmt":"2025-01-05T13:03:17","slug":"shippings","status":"publish","type":"page","link":"https:\/\/www.magped.com\/fr\/shippings\/","title":{"rendered":"Shippings"},"content":{"rendered":"\n\t<section class=\"section\" id=\"section_1188029374\">\n\t\t<div class=\"section-bg fill\" >\n\t\t\t\t\t\t\t\t\t\n\t\t\t\n\n\t\t<\/div>\n\n\t\t\n\n\t\t<div class=\"section-content relative\">\n\t\t\t\n\t<div id=\"gap-1761591431\" class=\"gap-element clearfix\" style=\"display:block; height:auto;\">\n\t\t\n<style>\n#gap-1761591431 {\n  padding-top: 30px;\n}\n@media (min-width:550px) {\n  #gap-1761591431 {\n    padding-top: 20px;\n  }\n}\n<\/style>\n\t<\/div>\n\t\n<div class=\"row align-center\"  id=\"row-914174\">\n\n\t<div id=\"col-296793784\" class=\"col medium-6 small-12 large-5\"  data-animate=\"bounceInUp\">\n\t\t\t\t<div class=\"col-inner text-center\"  >\n\t\t\t\n\t\t\t\n\t<div id=\"text-1941697357\" class=\"text collapse\">\n\t\t\n<p>Support<br \/>\n\t\t\t<\/div>\n\t\n\t<div id=\"gap-1998314784\" class=\"gap-element clearfix\" style=\"display:block; height:auto;\">\n\t\t\n<style>\n#gap-1998314784 {\n  padding-top: 10px;\n}\n<\/style>\n\t<\/div>\n\t\n\t<div id=\"text-1155095308\" class=\"text collapse h2\">\n\t\t\n<p>Exp\u00e9dition<br \/>\n\t\t\n<style>\n#text-1155095308 {\n  font-size: 1.75rem;\n}\n@media (min-width:550px) {\n  #text-1155095308 {\n    font-size: 2.5rem;\n  }\n}\n<\/style>\n\t<\/div>\n\t\n\t\t<\/div>\n\t\t\t\t\n<style>\n#col-296793784 > .col-inner {\n  margin: 0px 0px 15px 0px;\n}\n<\/style>\n\t<\/div>\n\n\t\n<\/div>\n\t\t<\/div>\n\n\t\t\n<style>\n#section_1188029374 {\n  padding-top: 10px;\n  padding-bottom: 10px;\n  min-height: 0px;\n  background-color: rgb(255, 255, 255);\n}\n@media (min-width:550px) {\n  #section_1188029374 {\n    padding-top: 30px;\n    padding-bottom: 30px;\n  }\n}\n<\/style>\n\t<\/section>\n\t\n\n\t<section class=\"section\" id=\"section_204860425\">\n\t\t<div class=\"section-bg fill\" >\n\t\t\t\t\t\t\t\t\t\n\t\t\t\n\n\t\t<\/div>\n\n\t\t\n\n\t\t<div class=\"section-content relative\">\n\t\t\t\n\t<div id=\"gap-1870647380\" class=\"gap-element clearfix\" style=\"display:block; height:auto;\">\n\t\t\n<style>\n#gap-1870647380 {\n  padding-top: 55px;\n}\n@media (min-width:550px) {\n  #gap-1870647380 {\n    padding-top: 70px;\n  }\n}\n@media (min-width:850px) {\n  #gap-1870647380 {\n    padding-top: 75px;\n  }\n}\n<\/style>\n\t<\/div>\n\t\n<div class=\"row align-center\"  id=\"row-1414879191\">\n\n\t<div id=\"col-1161032517\" class=\"col medium-12 small-12 large-3\"  >\n\t\t<div class=\"is-sticky-column\"><div class=\"is-sticky-column__inner\">\t\t<div class=\"col-inner\" style=\"background-color:rgb(255, 255, 255);\" >\n\t\t\t\n\t\t\t\n\t<div class=\"ux-menu stack stack-col justify-start\">\n\t\t\n\n\t<div class=\"ux-menu-link flex menu-item\">\n\t\t<a class=\"ux-menu-link__link flex\" href=\"https:\/\/www.magped.com\/faq\/\" >\n\t\t\t\t\t\t<span class=\"ux-menu-link__text\">\n\t\t\t\tFAQ\t\t\t<\/span>\n\t\t<\/a>\n\t<\/div>\n\t\n\n\t<div class=\"ux-menu-link flex menu-item\">\n\t\t<a class=\"ux-menu-link__link flex\" href=\"https:\/\/www.magped.com\/shippings\/\" >\n\t\t\t\t\t\t<span class=\"ux-menu-link__text\">\n\t\t\t\tExp\u00e9dition\t\t\t<\/span>\n\t\t<\/a>\n\t<\/div>\n\t\n\n\t<div class=\"ux-menu-link flex menu-item\">\n\t\t<a class=\"ux-menu-link__link flex\" href=\"https:\/\/www.magped.com\/returns\/\" >\n\t\t\t\t\t\t<span class=\"ux-menu-link__text\">\n\t\t\t\tInformation sur le droit de r\u00e9tractation\t\t\t<\/span>\n\t\t<\/a>\n\t<\/div>\n\t\n\n\t<div class=\"ux-menu-link flex menu-item\">\n\t\t<a class=\"ux-menu-link__link flex\" href=\"https:\/\/www.magped.com\/payments\/\" >\n\t\t\t\t\t\t<span class=\"ux-menu-link__text\">\n\t\t\t\tPaiement\t\t\t<\/span>\n\t\t<\/a>\n\t<\/div>\n\t\n\n\t<div class=\"ux-menu-link flex menu-item\">\n\t\t<a class=\"ux-menu-link__link flex\" href=\"https:\/\/www.magped.com\/terms-and-conditions\/\" >\n\t\t\t\t\t\t<span class=\"ux-menu-link__text\">\n\t\t\t\tConditions g\u00e9n\u00e9rales de vente\t\t\t<\/span>\n\t\t<\/a>\n\t<\/div>\n\t\n\n\t<div class=\"ux-menu-link flex menu-item\">\n\t\t<a class=\"ux-menu-link__link flex\" href=\"https:\/\/www.magped.com\/privacy-policy\/\" >\n\t\t\t\t\t\t<span class=\"ux-menu-link__text\">\n\t\t\t\tInformation sur la protection des donn\u00e9es\t\t\t<\/span>\n\t\t<\/a>\n\t<\/div>\n\t\n\n\t<div class=\"ux-menu-link flex menu-item\">\n\t\t<a class=\"ux-menu-link__link flex\" href=\"https:\/\/www.magped.com\/impressum\/\" >\n\t\t\t\t\t\t<span class=\"ux-menu-link__text\">\n\t\t\t\tImpressum\t\t\t<\/span>\n\t\t<\/a>\n\t<\/div>\n\t\n\n\t<div class=\"ux-menu-link flex menu-item\">\n\t\t<a class=\"ux-menu-link__link flex\" href=\"https:\/\/www.magped.com\/contact\/\" >\n\t\t\t\t\t\t<span class=\"ux-menu-link__text\">\n\t\t\t\tContact\t\t\t<\/span>\n\t\t<\/a>\n\t<\/div>\n\t\n\n\n\t<\/div>\n\t\n\t\t<\/div>\n\t\t<\/div><\/div>\t\t\n<style>\n#col-1161032517 > .is-sticky-column > .is-sticky-column__inner > .col-inner {\n  padding: 10% 10% 7% 10%;\n  margin: 0px 0px 25px 0px;\n  border-radius: 20px;\n}\n@media (min-width:550px) {\n  #col-1161032517 > .is-sticky-column > .is-sticky-column__inner > .col-inner {\n    padding: 5% 5% 5% 5%;\n  }\n}\n@media (min-width:850px) {\n  #col-1161032517 > .is-sticky-column > .is-sticky-column__inner > .col-inner {\n    padding: 12% 15% 12% 15%;\n  }\n}\n<\/style>\n\t<\/div>\n\n\t\n\n\t<div id=\"col-449571787\" class=\"col medium-12 small-12 large-9 medium-col-first\"  >\n\t\t\t\t<div class=\"col-inner\"  >\n\t\t\t\n\t\t\t\n<h4>Frais d&rsquo;envoi<\/h4>\n<p><span style=\"font-size: 14.4px;\">Nous offrons la livraison gratuite dans l&rsquo;UE<\/span> <span style=\"font-size: 14.4px;\">\u00e0 partir de 95\u20ac <\/span> d&rsquo;achat. En <span style=\"font-size: 14.4px;\">dessous de 95\u20ac<\/span>, nous <span style=\"font-size: 14.4px;\">facturons 9\u20ac de frais de port.<\/span><\/p>\n<p>En Europe (hors UE), nous facturons toujours 9\u20ac.<\/p>\n<p>En dehors de l&rsquo;Europe, les frais de port s&rsquo;\u00e9l\u00e8vent toujours \u00e0 19\u20ac.<\/p>\n<h4>Quand ma commande sera-t-elle livr\u00e9e ?<\/h4>\n<p>Nous exp\u00e9dions votre commande au plus tard le jour ouvrable suivant ou, en cas de paiement anticip\u00e9, d\u00e8s que le montant de la facture aura \u00e9t\u00e9 cr\u00e9dit\u00e9 sur notre compte de paiement anticip\u00e9. Cela signifie que vous recevrez votre commande au plus tard 3 jours ouvrables apr\u00e8s avoir pass\u00e9 la commande. En r\u00e8gle g\u00e9n\u00e9rale, la livraison se fait dans un d\u00e9lai de 1 \u00e0 2 jours.  <\/p>\n<p>Nous exp\u00e9dions dans le monde entier avec DHL Express, sauf en Allemagne, o\u00f9 \u00e7a sera avec DHL \u201cnormal\u201d.<\/p>\n<h4>Que se passe-t-il si je ne suis pas \u00e0 la maison ?<\/h4>\n<p>Comme nous utilisons DHL Express, un prestataire de services d\u2019exp\u00e9dition de tr\u00e8s grande qualit\u00e9, tu seras appel\u00e9 si ta livraison n\u2019a pas lieu au premier essai.<\/p>\n<h4>Comment puis-je annuler ma commande ?<\/h4>\n<p>Envoyez-nous un message via le formulaire de contact, en y incluant votre num\u00e9ro de commande, et nous nous occuperons imm\u00e9diatement de votre demande d\u2019annulation. <\/p>\n\t\t<\/div>\n\t\t\t\t\n<style>\n#col-449571787 > .col-inner {\n  padding: 0px 0px 0% 0px;\n  border-radius: 30px;\n}\n@media (min-width:550px) {\n  #col-449571787 > .col-inner {\n    padding: 0px 0px 0px 0px;\n  }\n}\n@media (min-width:850px) {\n  #col-449571787 > .col-inner {\n    padding: 0px 0px 0px 6%;\n  }\n}\n<\/style>\n\t<\/div>\n\n\t\n<\/div>\n\t<div id=\"gap-140804856\" class=\"gap-element clearfix\" style=\"display:block; height:auto;\">\n\t\t\n<style>\n#gap-140804856 {\n  padding-top: 20px;\n}\n@media (min-width:550px) {\n  #gap-140804856 {\n    padding-top: 50px;\n  }\n}\n<\/style>\n\t<\/div>\n\t\n<div class=\"row align-center\"  id=\"row-2111121941\">\n\n\n\t<div id=\"col-1089243972\" class=\"col small-12 large-12\"  >\n\t\t\t\t<div class=\"col-inner dark\"  >\n\t\t\t\n\t\t\t\n\n<div class=\"row row-collapse align-middle\"  id=\"row-1562081549\">\n\n\n\t<div id=\"col-208240430\" class=\"col medium-12 small-12 large-8\"  >\n\t\t\t\t<div class=\"col-inner\"  >\n\t\t\t\n\t\t\t\n\n<div class=\"row row-collapse align-middle align-center\"  id=\"row-154589126\">\n\n\n\t<div id=\"col-1617190101\" class=\"col medium-12 small-12 large-3\"  >\n\t\t\t\t<div class=\"col-inner text-left\"  >\n\t\t\t\n\t\t\t\n\n\t<div id=\"stack-2742995570\" class=\"stack stack-row justify-start items-stretch md:justify-center\">\n\t\t\n\n\t<div id=\"text-4236427359\" class=\"text round-corners collapse\">\n\t\t\n\n<p><img loading=\"lazy\" decoding=\"async\" class=\"alignnone wp-image-1269\" src=\"\/wp-content\/uploads\/2024\/09\/any_questions.jpg\" alt=\"\" width=\"135\" height=\"94\"><\/p>\n\n\t\t\t<\/div>\n\t\n\n\t\t\n<style>\n#stack-2742995570 > * {\n  --stack-gap: 0rem;\n}\n<\/style>\n\t<\/div>\n\t\n\n\t\t<\/div>\n\t\t\t\t\t<\/div>\n\n\t\n\n\t<div id=\"col-21218146\" class=\"col medium-9 small-12 large-9\"  >\n\t\t\t\t<div class=\"col-inner\"  >\n\t\t\t\n\t\t\t\n\n\t<div id=\"text-1765578030\" class=\"text h3 collapse\">\n\t\t\n\nAvez-vous d'autres questions ?\n\t\t\n<style>\n#text-1765578030 {\n  text-align: center;\n}\n@media (min-width:850px) {\n  #text-1765578030 {\n    text-align: left;\n  }\n}\n<\/style>\n\t<\/div>\n\t\n\t<div id=\"gap-1507744818\" class=\"gap-element clearfix\" style=\"display:block; height:auto;\">\n\t\t\n<style>\n#gap-1507744818 {\n  padding-top: 10px;\n}\n<\/style>\n\t<\/div>\n\t\n\n\t<div id=\"text-2549655146\" class=\"text collapse\">\n\t\t\n\nN'h\u00e9site pas \u00e0 nous contacter \u00e0 tout moment.\n\t\t\n<style>\n#text-2549655146 {\n  text-align: center;\n}\n@media (min-width:850px) {\n  #text-2549655146 {\n    text-align: left;\n  }\n}\n<\/style>\n\t<\/div>\n\t\n\n\t\t<\/div>\n\t\t\t\t\n<style>\n#col-21218146 > .col-inner {\n  padding: 30px 0px 0px 0px;\n  margin: 0px 0px 0px 0px;\n}\n@media (min-width:550px) {\n  #col-21218146 > .col-inner {\n    padding: 20px 0px 0px 0px;\n  }\n}\n@media (min-width:850px) {\n  #col-21218146 > .col-inner {\n    padding: 0px 0px 0px 0px;\n  }\n}\n<\/style>\n\t<\/div>\n\n\t\n\n<\/div>\n\n\t\t<\/div>\n\t\t\t\t\n<style>\n#col-208240430 > .col-inner {\n  padding: 0px 0px 30px 0px;\n}\n@media (min-width:850px) {\n  #col-208240430 > .col-inner {\n    padding: 0px 0px 0px 0px;\n  }\n}\n<\/style>\n\t<\/div>\n\n\t\n\n\t<div id=\"col-25571665\" class=\"col medium-12 small-12 large-4\"  >\n\t\t\t\t<div class=\"col-inner\"  >\n\t\t\t\n\t\t\t\n\n\t<div id=\"stack-3089202326\" class=\"stack stack-row justify-center items-stretch sm:stack-col\">\n\t\t\n\n<a href=\"https:\/\/www.magped.com\/fr\/contact\/\" class=\"button secondary is-large collapse\" >\n\t\t<span>Contacter magped<\/span>\n\t<\/a>\n\n\n\n\t\t\n<style>\n#stack-3089202326 > * {\n  --stack-gap: 0.5rem;\n}\n<\/style>\n\t<\/div>\n\t\n\n\t\t<\/div>\n\t\t\t\t\t<\/div>\n\n\t\n\n\n<style>\n#row-1562081549 > .col > .col-inner {\n  border-radius: 20px;\n}\n<\/style>\n<\/div>\n\n\t\t<\/div>\n\t\t\t\t\n<style>\n#col-1089243972 > .col-inner {\n  margin: 0px 0px -30px 0px;\n}\n<\/style>\n\t<\/div>\n\n\t\n\n\n<style>\n#row-2111121941 > .col > .col-inner {\n  padding: 10% 10% 10% 10%;\n  background-color: #161616;\n  border-radius: 20px;\n}\n@media (min-width:550px) {\n  #row-2111121941 > .col > .col-inner {\n    padding: 5% 5% 5% 5%;\n  }\n}\n@media (min-width:850px) {\n  #row-2111121941 > .col > .col-inner {\n    padding: 2% 2% 2% 2%;\n  }\n}\n<\/style>\n<\/div>\n\t\t<\/div>\n\n\t\t\n<style>\n#section_204860425 {\n  padding-top: 0px;\n  padding-bottom: 0px;\n  background-color: rgb(247, 247, 247);\n}\n@media (min-width:550px) {\n  #section_204860425 {\n    padding-top: 0px;\n    padding-bottom: 0px;\n  }\n}\n@media (min-width:850px) {\n  #section_204860425 {\n    padding-top: 0px;\n    padding-bottom: 0px;\n  }\n}\n<\/style>\n\t<\/section>\n\t\n","protected":false},"excerpt":{"rendered":"","protected":false},"author":1,"featured_media":0,"parent":0,"menu_order":0,"comment_status":"closed","ping_status":"closed","template":"page-blank.php","meta":{"footnotes":""},"class_list":["post-176358","page","type-page","status-publish","hentry"],"_links":{"self":[{"href":"https:\/\/www.magped.com\/fr\/wp-json\/wp\/v2\/pages\/176358","targetHints":{"allow":["GET"]}}],"collection":[{"href":"https:\/\/www.magped.com\/fr\/wp-json\/wp\/v2\/pages"}],"about":[{"href":"https:\/\/www.magped.com\/fr\/wp-json\/wp\/v2\/types\/page"}],"author":[{"embeddable":true,"href":"https:\/\/www.magped.com\/fr\/wp-json\/wp\/v2\/users\/1"}],"replies":[{"embeddable":true,"href":"https:\/\/www.magped.com\/fr\/wp-json\/wp\/v2\/comments?post=176358"}],"version-history":[{"count":0,"href":"https:\/\/www.magped.com\/fr\/wp-json\/wp\/v2\/pages\/176358\/revisions"}],"wp:attachment":[{"href":"https:\/\/www.magped.com\/fr\/wp-json\/wp\/v2\/media?parent=176358"}],"curies":[{"name":"wp","href":"https:\/\/api.w.org\/{rel}","templated":true}]}}