{"id":176370,"date":"2024-08-05T12:23:04","date_gmt":"2024-08-05T10:23:04","guid":{"rendered":"https:\/\/www.magped.com\/support\/"},"modified":"2025-01-20T13:11:15","modified_gmt":"2025-01-20T12:11:15","slug":"support","status":"publish","type":"page","link":"https:\/\/www.magped.com\/fr\/support\/","title":{"rendered":"Support"},"content":{"rendered":"\n\t<section class=\"section\" id=\"section_2095490820\">\n\t\t<div class=\"section-bg fill\" >\n\t\t\t\t\t\t\t\t\t\n\t\t\t\n\n\t\t<\/div>\n\n\t\t\n\n\t\t<div class=\"section-content relative\">\n\t\t\t\n\t<div id=\"gap-1053704847\" class=\"gap-element clearfix\" style=\"display:block; height:auto;\">\n\t\t\n<style>\n#gap-1053704847 {\n  padding-top: 30px;\n}\n@media (min-width:550px) {\n  #gap-1053704847 {\n    padding-top: 20px;\n  }\n}\n<\/style>\n\t<\/div>\n\t\n<div class=\"row align-center\"  id=\"row-1443414707\">\n\n\t<div id=\"col-833067706\" class=\"col medium-6 small-12 large-5\"  data-animate=\"bounceInUp\">\n\t\t\t\t<div class=\"col-inner text-center\"  >\n\t\t\t\n\t\t\t\n\t<div id=\"text-119650943\" class=\"text collapse\">\n\t\t\n<p>Support<\/p>\n\t\t\t<\/div>\n\t\n\t<div id=\"gap-675198650\" class=\"gap-element clearfix\" style=\"display:block; height:auto;\">\n\t\t\n<style>\n#gap-675198650 {\n  padding-top: 10px;\n}\n<\/style>\n\t<\/div>\n\t\n\t<div id=\"text-461605350\" class=\"text collapse h1\">\n\t\t\n<p>Service \u00e0 la client\u00e8le<\/p>\n\t\t\t<\/div>\n\t\n\t\t<\/div>\n\t\t\t\t\n<style>\n#col-833067706 > .col-inner {\n  margin: 0px 0px 15px 0px;\n}\n<\/style>\n\t<\/div>\n\n\t\n<\/div>\n\t\t<\/div>\n\n\t\t\n<style>\n#section_2095490820 {\n  padding-top: 10px;\n  padding-bottom: 10px;\n  min-height: 0px;\n  background-color: rgb(255, 255, 255);\n}\n@media (min-width:550px) {\n  #section_2095490820 {\n    padding-top: 30px;\n    padding-bottom: 30px;\n  }\n}\n<\/style>\n\t<\/section>\n\t\n\n\t<section class=\"section\" id=\"section_297074220\">\n\t\t<div class=\"section-bg fill\" >\n\t\t\t\t\t\t\t\t\t\n\t\t\t\n\n\t\t<\/div>\n\n\t\t\n\n\t\t<div class=\"section-content relative\">\n\t\t\t\n\t<div id=\"gap-1367249786\" class=\"gap-element clearfix\" style=\"display:block; height:auto;\">\n\t\t\n<style>\n#gap-1367249786 {\n  padding-top: 20px;\n}\n<\/style>\n\t<\/div>\n\t\n<div class=\"row row-small row-full-width row-box-shadow-1-hover\"  id=\"row-502344500\">\n\n\t<div id=\"col-1207850784\" class=\"col medium-6 small-12 large-4\"  >\n\t\t\t\t<div class=\"col-inner\"  >\n\t\t\t\n\t\t\t\n\n\t<a class=\"plain\" href=\"https:\/\/www.magped.com\/fr\/shippings\/\" >\t<div class=\"icon-box featured-box icon-box-center text-center\"  >\n\t\t\t\t\t<div class=\"icon-box-img\" style=\"width: 50px\">\n\t\t\t\t<div class=\"icon\">\n\t\t\t\t\t<div class=\"icon-inner\" >\n\t\t\t\t\t\t<img loading=\"lazy\" decoding=\"async\" width=\"1\" height=\"1\" src=\"https:\/\/www.magped.com\/wp-content\/uploads\/2024\/08\/icon-shipping-2.svg\" class=\"attachment-medium size-medium\" alt=\"\">\t\t\t\t\t<\/div>\n\t\t\t\t<\/div>\n\t\t\t<\/div>\n\t\t\t\t<div class=\"icon-box-text last-reset\">\n\t\t\t\t\t\t\t\t\t\n\t<div id=\"gap-1709887315\" class=\"gap-element clearfix\" style=\"display:block; height:auto;\">\n\t\t\n<style>\n#gap-1709887315 {\n  padding-top: 8px;\n}\n<\/style>\n\t<\/div>\n\t\n\t<div id=\"text-553034925\" class=\"text h4 black collapse\">\n\t\t\n<p>Conditions d&rsquo;exp\u00e9dition<\/p>\n\t\t\n<style>\n#text-553034925 {\n  font-size: 1.15rem;\n}\n@media (min-width:550px) {\n  #text-553034925 {\n    font-size: 1.25rem;\n  }\n}\n<\/style>\n\t<\/div>\n\t\n\t\t<\/div>\n\t<\/div>\n\t<\/a>\n\t\n\t\t<\/div>\n\t\t\t\t\t<\/div>\n\n\t\n\n\t<div id=\"col-831632089\" class=\"col medium-6 small-12 large-4\"  >\n\t\t\t\t<div class=\"col-inner\"  >\n\t\t\t\n\t\t\t\n\n\t<a class=\"plain\" href=\"https:\/\/www.magped.com\/fr\/returns\/\" >\t<div class=\"icon-box featured-box icon-box-center text-center\"  >\n\t\t\t\t\t<div class=\"icon-box-img\" style=\"width: 50px\">\n\t\t\t\t<div class=\"icon\">\n\t\t\t\t\t<div class=\"icon-inner\" >\n\t\t\t\t\t\t<img loading=\"lazy\" decoding=\"async\" width=\"1\" height=\"1\" src=\"https:\/\/www.magped.com\/wp-content\/uploads\/2024\/08\/icon-return.svg\" class=\"attachment-medium size-medium\" alt=\"\">\t\t\t\t\t<\/div>\n\t\t\t\t<\/div>\n\t\t\t<\/div>\n\t\t\t\t<div class=\"icon-box-text last-reset\">\n\t\t\t\t\t\t\t\t\t\n\t<div id=\"gap-1262639878\" class=\"gap-element clearfix\" style=\"display:block; height:auto;\">\n\t\t\n<style>\n#gap-1262639878 {\n  padding-top: 8px;\n}\n<\/style>\n\t<\/div>\n\t\n\t<div id=\"text-1401880746\" class=\"text h4 black collapse\">\n\t\t\n<p>Conditions de retour<\/p>\n\t\t\n<style>\n#text-1401880746 {\n  font-size: 1.15rem;\n}\n@media (min-width:550px) {\n  #text-1401880746 {\n    font-size: 1.25rem;\n  }\n}\n<\/style>\n\t<\/div>\n\t\n\t\t<\/div>\n\t<\/div>\n\t<\/a>\n\t\n\t\t<\/div>\n\t\t\t\t\t<\/div>\n\n\t\n\n\t<div id=\"col-1873119750\" class=\"col medium-6 small-12 large-4\"  >\n\t\t\t\t<div class=\"col-inner\"  >\n\t\t\t\n\t\t\t\n\n\t<a class=\"plain\" href=\"https:\/\/www.magped.com\/fr\/payments\/\" >\t<div class=\"icon-box featured-box icon-box-center text-center\"  >\n\t\t\t\t\t<div class=\"icon-box-img\" style=\"width: 50px\">\n\t\t\t\t<div class=\"icon\">\n\t\t\t\t\t<div class=\"icon-inner\" >\n\t\t\t\t\t\t<img loading=\"lazy\" decoding=\"async\" width=\"1\" height=\"1\" src=\"https:\/\/www.magped.com\/wp-content\/uploads\/2024\/08\/icon-payments.svg\" class=\"attachment-medium size-medium\" alt=\"\">\t\t\t\t\t<\/div>\n\t\t\t\t<\/div>\n\t\t\t<\/div>\n\t\t\t\t<div class=\"icon-box-text last-reset\">\n\t\t\t\t\t\t\t\t\t\n\t<div id=\"gap-1290731538\" class=\"gap-element clearfix\" style=\"display:block; height:auto;\">\n\t\t\n<style>\n#gap-1290731538 {\n  padding-top: 8px;\n}\n<\/style>\n\t<\/div>\n\t\n\t<div id=\"text-242492442\" class=\"text h4 black collapse\">\n\t\t\n<p>Options de paiement<\/p>\n\t\t\n<style>\n#text-242492442 {\n  font-size: 1.15rem;\n}\n@media (min-width:550px) {\n  #text-242492442 {\n    font-size: 1.25rem;\n  }\n}\n<\/style>\n\t<\/div>\n\t\n\t\t<\/div>\n\t<\/div>\n\t<\/a>\n\t\n\t\t<\/div>\n\t\t\t\t\t<\/div>\n\n\t\n\n\t<div id=\"col-1557811606\" class=\"col medium-6 small-12 large-4\"  >\n\t\t\t\t<div class=\"col-inner\"  >\n\t\t\t\n\t\t\t\n\n\t<a class=\"plain\" href=\"https:\/\/www.magped.com\/fr\/faq\/\" >\t<div class=\"icon-box featured-box icon-box-center text-center\"  >\n\t\t\t\t\t<div class=\"icon-box-img\" style=\"width: 50px\">\n\t\t\t\t<div class=\"icon\">\n\t\t\t\t\t<div class=\"icon-inner\" >\n\t\t\t\t\t\t<img loading=\"lazy\" decoding=\"async\" width=\"1\" height=\"1\" src=\"https:\/\/www.magped.com\/wp-content\/uploads\/2024\/08\/icon-faq.svg\" class=\"attachment-medium size-medium\" alt=\"\">\t\t\t\t\t<\/div>\n\t\t\t\t<\/div>\n\t\t\t<\/div>\n\t\t\t\t<div class=\"icon-box-text last-reset\">\n\t\t\t\t\t\t\t\t\t\n\t<div id=\"gap-1354112135\" class=\"gap-element clearfix\" style=\"display:block; height:auto;\">\n\t\t\n<style>\n#gap-1354112135 {\n  padding-top: 8px;\n}\n<\/style>\n\t<\/div>\n\t\n\t<div id=\"text-2062874928\" class=\"text h4 black collapse\">\n\t\t\n<p>FAQ&rsquo;s<\/p>\n\t\t\n<style>\n#text-2062874928 {\n  font-size: 1.15rem;\n}\n@media (min-width:550px) {\n  #text-2062874928 {\n    font-size: 1.25rem;\n  }\n}\n<\/style>\n\t<\/div>\n\t\n\t\t<\/div>\n\t<\/div>\n\t<\/a>\n\t\n\t\t<\/div>\n\t\t\t\t\t<\/div>\n\n\t\n\n\t<div id=\"col-741268834\" class=\"col medium-6 small-12 large-4\"  >\n\t\t\t\t<div class=\"col-inner\"  >\n\t\t\t\n\t\t\t\n\n\t<a class=\"plain\" href=\"https:\/\/www.magped.com\/fr\/mein-konto\/\" >\t<div class=\"icon-box featured-box icon-box-center text-center\"  >\n\t\t\t\t\t<div class=\"icon-box-img\" style=\"width: 50px\">\n\t\t\t\t<div class=\"icon\">\n\t\t\t\t\t<div class=\"icon-inner\" >\n\t\t\t\t\t\t<img loading=\"lazy\" decoding=\"async\" width=\"1\" height=\"1\" src=\"https:\/\/www.magped.com\/wp-content\/uploads\/2024\/08\/icon-account.svg\" class=\"attachment-medium size-medium\" alt=\"\">\t\t\t\t\t<\/div>\n\t\t\t\t<\/div>\n\t\t\t<\/div>\n\t\t\t\t<div class=\"icon-box-text last-reset\">\n\t\t\t\t\t\t\t\t\t\n\t<div id=\"gap-1038929225\" class=\"gap-element clearfix\" style=\"display:block; height:auto;\">\n\t\t\n<style>\n#gap-1038929225 {\n  padding-top: 8px;\n}\n<\/style>\n\t<\/div>\n\t\n\t<div id=\"text-955624030\" class=\"text h4 black collapse\">\n\t\t\n<p>Mon compte<\/p>\n\t\t\n<style>\n#text-955624030 {\n  font-size: 1.15rem;\n}\n@media (min-width:550px) {\n  #text-955624030 {\n    font-size: 1.25rem;\n  }\n}\n<\/style>\n\t<\/div>\n\t\n\t\t<\/div>\n\t<\/div>\n\t<\/a>\n\t\n\t\t<\/div>\n\t\t\t\t\t<\/div>\n\n\t\n\n\t<div id=\"col-856139185\" class=\"col medium-6 small-12 large-4\"  >\n\t\t\t\t<div class=\"col-inner\"  >\n\t\t\t\n\t\t\t\n\n\t<a class=\"plain\" href=\"https:\/\/www.magped.com\/fr\/contact\/\" >\t<div class=\"icon-box featured-box icon-box-center text-center\"  >\n\t\t\t\t\t<div class=\"icon-box-img\" style=\"width: 50px\">\n\t\t\t\t<div class=\"icon\">\n\t\t\t\t\t<div class=\"icon-inner\" >\n\t\t\t\t\t\t<img loading=\"lazy\" decoding=\"async\" width=\"1\" height=\"1\" src=\"https:\/\/www.magped.com\/wp-content\/uploads\/2025\/01\/icon-contact.svg\" class=\"attachment-medium size-medium\" alt=\"\">\t\t\t\t\t<\/div>\n\t\t\t\t<\/div>\n\t\t\t<\/div>\n\t\t\t\t<div class=\"icon-box-text last-reset\">\n\t\t\t\t\t\t\t\t\t\n\t<div id=\"gap-1895134872\" class=\"gap-element clearfix\" style=\"display:block; height:auto;\">\n\t\t\n<style>\n#gap-1895134872 {\n  padding-top: 8px;\n}\n<\/style>\n\t<\/div>\n\t\n\t<div id=\"text-761530573\" class=\"text h4 black collapse\">\n\t\t\n<p>Contact<\/p>\n\t\t\n<style>\n#text-761530573 {\n  font-size: 1.15rem;\n}\n@media (min-width:550px) {\n  #text-761530573 {\n    font-size: 1.25rem;\n  }\n}\n<\/style>\n\t<\/div>\n\t\n\t\t<\/div>\n\t<\/div>\n\t<\/a>\n\t\n\t\t<\/div>\n\t\t\t\t\t<\/div>\n\n\t\n\n\t<div id=\"col-1868609265\" class=\"col medium-6 small-12 large-4\"  >\n\t\t\t\t<div class=\"col-inner\"  >\n\t\t\t\n\t\t\t\n\n\t<a class=\"plain\" href=\"https:\/\/www.magped.com\/fr\/faq\/#setupvideos\" >\t<div class=\"icon-box featured-box icon-box-center text-center\"  >\n\t\t\t\t\t<div class=\"icon-box-img\" style=\"width: 50px\">\n\t\t\t\t<div class=\"icon\">\n\t\t\t\t\t<div class=\"icon-inner\" >\n\t\t\t\t\t\t<img loading=\"lazy\" decoding=\"async\" width=\"1\" height=\"1\" src=\"https:\/\/www.magped.com\/wp-content\/uploads\/2025\/01\/icon-setup.svg\" class=\"attachment-medium size-medium\" alt=\"\">\t\t\t\t\t<\/div>\n\t\t\t\t<\/div>\n\t\t\t<\/div>\n\t\t\t\t<div class=\"icon-box-text last-reset\">\n\t\t\t\t\t\t\t\t\t\n\t<div id=\"gap-104578122\" class=\"gap-element clearfix\" style=\"display:block; height:auto;\">\n\t\t\n<style>\n#gap-104578122 {\n  padding-top: 8px;\n}\n<\/style>\n\t<\/div>\n\t\n\t<div id=\"text-571893539\" class=\"text h4 black collapse\">\n\t\t\n<p>Vid\u00e9os de configuration<\/p>\n\t\t\n<style>\n#text-571893539 {\n  font-size: 1.15rem;\n}\n@media (min-width:550px) {\n  #text-571893539 {\n    font-size: 1.25rem;\n  }\n}\n<\/style>\n\t<\/div>\n\t\n\t\t<\/div>\n\t<\/div>\n\t<\/a>\n\t\n\t\t<\/div>\n\t\t\t\t\t<\/div>\n\n\t\n\n\t<div id=\"col-154389629\" class=\"col medium-6 small-12 large-4\"  >\n\t\t\t\t<div class=\"col-inner\"  >\n\t\t\t\n\t\t\t\n\n\t<a class=\"plain\" href=\"https:\/\/www.magped.com\/fr\/shoe-recommendation\/\" >\t<div class=\"icon-box featured-box icon-box-center text-center\"  >\n\t\t\t\t\t<div class=\"icon-box-img\" style=\"width: 50px\">\n\t\t\t\t<div class=\"icon\">\n\t\t\t\t\t<div class=\"icon-inner\" >\n\t\t\t\t\t\t<img loading=\"lazy\" decoding=\"async\" width=\"1\" height=\"1\" src=\"https:\/\/www.magped.com\/wp-content\/uploads\/2025\/01\/icon-shoe.svg\" class=\"attachment-medium size-medium\" alt=\"\">\t\t\t\t\t<\/div>\n\t\t\t\t<\/div>\n\t\t\t<\/div>\n\t\t\t\t<div class=\"icon-box-text last-reset\">\n\t\t\t\t\t\t\t\t\t\n\t<div id=\"gap-1330557622\" class=\"gap-element clearfix\" style=\"display:block; height:auto;\">\n\t\t\n<style>\n#gap-1330557622 {\n  padding-top: 8px;\n}\n<\/style>\n\t<\/div>\n\t\n\t<div id=\"text-3519481664\" class=\"text h4 black collapse\">\n\t\t\n<p>Recommandation de chaussures<\/p>\n\t\t\n<style>\n#text-3519481664 {\n  font-size: 1.15rem;\n}\n@media (min-width:550px) {\n  #text-3519481664 {\n    font-size: 1.25rem;\n  }\n}\n<\/style>\n\t<\/div>\n\t\n\t\t<\/div>\n\t<\/div>\n\t<\/a>\n\t\n\t\t<\/div>\n\t\t\t\t\t<\/div>\n\n\t\n\n\t<div id=\"col-149916307\" class=\"col medium-6 small-12 large-4\"  >\n\t\t\t\t<div class=\"col-inner\"  >\n\t\t\t\n\t\t\t\n\n\t<a class=\"plain\" href=\"https:\/\/www.magped.com\/fr\/faq\/#manual\" >\t<div class=\"icon-box featured-box icon-box-center text-center\"  >\n\t\t\t\t\t<div class=\"icon-box-img\" style=\"width: 50px\">\n\t\t\t\t<div class=\"icon\">\n\t\t\t\t\t<div class=\"icon-inner\" >\n\t\t\t\t\t\t<img loading=\"lazy\" decoding=\"async\" width=\"1\" height=\"1\" src=\"https:\/\/www.magped.com\/wp-content\/uploads\/2024\/08\/icon-terms.svg\" class=\"attachment-medium size-medium\" alt=\"\">\t\t\t\t\t<\/div>\n\t\t\t\t<\/div>\n\t\t\t<\/div>\n\t\t\t\t<div class=\"icon-box-text last-reset\">\n\t\t\t\t\t\t\t\t\t\n\t<div id=\"gap-1213183796\" class=\"gap-element clearfix\" style=\"display:block; height:auto;\">\n\t\t\n<style>\n#gap-1213183796 {\n  padding-top: 8px;\n}\n<\/style>\n\t<\/div>\n\t\n\t<div id=\"text-3947649276\" class=\"text h4 black collapse\">\n\t\t\n<p>Manuel<\/p>\n\t\t\n<style>\n#text-3947649276 {\n  font-size: 1.15rem;\n}\n@media (min-width:550px) {\n  #text-3947649276 {\n    font-size: 1.25rem;\n  }\n}\n<\/style>\n\t<\/div>\n\t\n\t\t<\/div>\n\t<\/div>\n\t<\/a>\n\t\n\t\t<\/div>\n\t\t\t\t\t<\/div>\n\n\t\n\n<style>\n#row-502344500 > .col > .col-inner {\n  padding: 50px 10px 50px 10px;\n  background-color: rgb(255, 255, 255);\n  border-radius: 15px;\n}\n<\/style>\n<\/div>\n\t\t<\/div>\n\n\t\t\n<style>\n#section_297074220 {\n  padding-top: 30px;\n  padding-bottom: 30px;\n  background-color: rgb(247, 247, 247);\n}\n@media (min-width:550px) {\n  #section_297074220 {\n    padding-top: 50px;\n    padding-bottom: 50px;\n  }\n}\n@media (min-width:850px) {\n  #section_297074220 {\n    padding-top: 60px;\n    padding-bottom: 60px;\n  }\n}\n<\/style>\n\t<\/section>\n\t\n\n\t<section class=\"section\" id=\"section_1072070351\">\n\t\t<div class=\"section-bg fill\" >\n\t\t\t\t\t\t\t\t\t\n\t\t\t\n\n\t\t<\/div>\n\n\t\t\n\n\t\t<div class=\"section-content relative\">\n\t\t\t\n\t<div id=\"gap-207397832\" class=\"gap-element clearfix\" style=\"display:block; height:auto;\">\n\t\t\n<style>\n#gap-207397832 {\n  padding-top: 40px;\n}\n@media (min-width:550px) {\n  #gap-207397832 {\n    padding-top: 55px;\n  }\n}\n@media (min-width:850px) {\n  #gap-207397832 {\n    padding-top: 50px;\n  }\n}\n<\/style>\n\t<\/div>\n\t\n<div class=\"row align-center\"  id=\"row-714654160\">\n\n\t<div id=\"col-783425575\" class=\"col medium-9 small-12 large-5\"  >\n\t\t\t\t<div class=\"col-inner text-center\"  >\n\t\t\t\n\t\t\t\n\t<div id=\"text-3517097266\" class=\"text h3 collapse\">\n\t\t\n<p>Foire aux questions<\/p>\n\t\t\t<\/div>\n\t\n\t\t<\/div>\n\t\t\t\t\n<style>\n#col-783425575 > .col-inner {\n  margin: 0px 0px 0px 0px;\n}\n<\/style>\n\t<\/div>\n\n\t\n<\/div>\n<div class=\"row align-center\"  id=\"row-100213895\">\n\n\t<div id=\"col-444228678\" class=\"col medium-12 small-12 large-7\"  >\n\t\t\t\t<div class=\"col-inner text-left\"  >\n\t\t\t\n\t\t\t\n<div class=\"accordion\">\n\t<div id=\"accordion-163825813\" class=\"accordion-item\">\n\t\t<a id=\"accordion-163825813-label\" class=\"accordion-title plain\" href=\"#accordion-item-quand-ma-commande-sera-t-elle-envoy\u00e9e-?\" aria-expanded=\"false\" aria-controls=\"accordion-163825813-content\">\n\t\t\t<button class=\"toggle\" aria-label=\"Basculer\"><i class=\"icon-angle-down\" aria-hidden=\"true\"><\/i><\/button>\n\t\t\t<span>Quand ma commande sera-t-elle envoy\u00e9e ?<\/span>\n\t\t<\/a>\n\t\t<div id=\"accordion-163825813-content\" class=\"accordion-inner\" aria-labelledby=\"accordion-163825813-label\">\n\t\t\t\n<p>Nous exp\u00e9dions votre commande au plus tard le jour ouvrable suivant ou, en cas de paiement anticip\u00e9, d\u00e8s que le montant de la facture aura \u00e9t\u00e9 cr\u00e9dit\u00e9 sur notre compte de paiement anticip\u00e9.<\/p>\n\t\t<\/div>\n\t<\/div>\n\t\n\t<div id=\"accordion-642062841\" class=\"accordion-item\">\n\t\t<a id=\"accordion-642062841-label\" class=\"accordion-title plain\" href=\"#accordion-item-quels-sont-les-modes-de-paiement-propos\u00e9s-?\" aria-expanded=\"false\" aria-controls=\"accordion-642062841-content\">\n\t\t\t<button class=\"toggle\" aria-label=\"Basculer\"><i class=\"icon-angle-down\" aria-hidden=\"true\"><\/i><\/button>\n\t\t\t<span>Quels sont les modes de paiement propos\u00e9s ?<\/span>\n\t\t<\/a>\n\t\t<div id=\"accordion-642062841-content\" class=\"accordion-inner\" aria-labelledby=\"accordion-642062841-label\">\n\t\t\t\n<ul>\n<li>Paiement anticip\u00e9<\/li>\n<li>Cartes de cr\u00e9dit\/d\u00e9bit<\/li>\n<li>Apple et Google Pay<\/li>\n<li>PayPal<\/li>\n<li>Klarna<\/li>\n<li>Giropay<\/li>\n<li>EPS<\/li>\n<li>Sofort<\/li>\n<li>Bancontact<\/li>\n<li>iDEAL<\/li>\n<li>Przelewy24<\/li>\n<\/ul>\n\t\t<\/div>\n\t<\/div>\n\t\n\t<div id=\"accordion-1388660263\" class=\"accordion-item\">\n\t\t<a id=\"accordion-1388660263-label\" class=\"accordion-title plain\" href=\"#accordion-item-quel-est-votre-droit-de-retour-?\" aria-expanded=\"false\" aria-controls=\"accordion-1388660263-content\">\n\t\t\t<button class=\"toggle\" aria-label=\"Basculer\"><i class=\"icon-angle-down\" aria-hidden=\"true\"><\/i><\/button>\n\t\t\t<span>Quel est votre droit de retour ?<\/span>\n\t\t<\/a>\n\t\t<div id=\"accordion-1388660263-content\" class=\"accordion-inner\" aria-labelledby=\"accordion-1388660263-label\">\n\t\t\t\n<p>Nous avons une garantie de satisfaction de 30 jours. Cela signifie que vous pouvez nous renvoyer votre p\u00e9dale magped, (m\u00eame si elle a l\u00e9g\u00e8rement \u00e9t\u00e9 utilis\u00e9e) dans les 30 jours apr\u00e8s date d\u2019achat, et que nous vous rembourserons int\u00e9gralement le prix d\u2019achat. Merci de noter que les retours de produits vers le Canada sont aux frais de l\u2019acheteur et que les \u00e9tiquettes de retour d\u2019exp\u00e9dition ne pourrons pas \u00eatre fournis par nos soins. Nous nous portons garants de nos produits et avons un taux de retour inf\u00e9rieur \u00e0 2 % dans le monde entier. <\/p>\n\t\t<\/div>\n\t<\/div>\n\t\n\t<div id=\"accordion-2935365632\" class=\"accordion-item\">\n\t\t<a id=\"accordion-2935365632-label\" class=\"accordion-title plain\" href=\"#accordion-item-comment-ma-commande-sera-t-elle-exp\u00e9di\u00e9e-?\" aria-expanded=\"false\" aria-controls=\"accordion-2935365632-content\">\n\t\t\t<button class=\"toggle\" aria-label=\"Basculer\"><i class=\"icon-angle-down\" aria-hidden=\"true\"><\/i><\/button>\n\t\t\t<span>Comment ma commande sera-t-elle exp\u00e9di\u00e9e ?<\/span>\n\t\t<\/a>\n\t\t<div id=\"accordion-2935365632-content\" class=\"accordion-inner\" aria-labelledby=\"accordion-2935365632-label\">\n\t\t\t\n<p>Nous exp\u00e9dions dans le monde entier avec DHL Express, sauf en Allemagne o\u00f9 \u00e7a sera avec DHL. Cela signifie que vous recevrez votre commande au plus tard 3 jours apr\u00e8s avoir pass\u00e9 votre commande. <\/p>\n\t\t<\/div>\n\t<\/div>\n\t\n\t<div id=\"accordion-980236860\" class=\"accordion-item\">\n\t\t<a id=\"accordion-980236860-label\" class=\"accordion-title plain\" href=\"#accordion-item-comment-puis-je-annuler-une-commande-?\" aria-expanded=\"false\" aria-controls=\"accordion-980236860-content\">\n\t\t\t<button class=\"toggle\" aria-label=\"Basculer\"><i class=\"icon-angle-down\" aria-hidden=\"true\"><\/i><\/button>\n\t\t\t<span>Comment puis-je annuler une commande ?<\/span>\n\t\t<\/a>\n\t\t<div id=\"accordion-980236860-content\" class=\"accordion-inner\" aria-labelledby=\"accordion-980236860-label\">\n\t\t\t\n<p>Envoyez-nous un message via le formulaire de contact, en y incluant votre num\u00e9ro de commande, et nous nous occuperons imm\u00e9diatement de votre demande d\u2019annulation. <\/p>\n\t\t<\/div>\n\t<\/div>\n\t\n<\/div>\n\t\t<\/div>\n\t\t\t\t\t<\/div>\n\n\t\n\n\t<div id=\"col-575089501\" class=\"col medium-6 small-12 large-6\"  >\n\t\t\t\t<div class=\"col-inner text-center\"  >\n\t\t\t\n\t\t\t\n<a href=\"https:\/\/www.magped.com\/fr\/faq\/\" class=\"button primary is-large\" >\n\t\t<span>toutes les FAQ<\/span>\n\t<\/a>\n\n\t\t<\/div>\n\t\t\t\t\t<\/div>\n\n\t\n<\/div>\n\t<div id=\"gap-1536434591\" class=\"gap-element clearfix\" style=\"display:block; height:auto;\">\n\t\t\n<style>\n#gap-1536434591 {\n  padding-top: 20px;\n}\n@media (min-width:550px) {\n  #gap-1536434591 {\n    padding-top: 15px;\n  }\n}\n<\/style>\n\t<\/div>\n\t\n<div class=\"row align-center\"  id=\"row-1477891816\">\n\n\n\t<div id=\"col-770853216\" class=\"col small-12 large-12\"  >\n\t\t\t\t<div class=\"col-inner dark\"  >\n\t\t\t\n\t\t\t\n\n<div class=\"row row-collapse align-middle\"  id=\"row-449798173\">\n\n\n\t<div id=\"col-1950374334\" class=\"col medium-12 small-12 large-8\"  >\n\t\t\t\t<div class=\"col-inner\"  >\n\t\t\t\n\t\t\t\n\n<div class=\"row row-collapse align-middle align-center\"  id=\"row-1014599285\">\n\n\n\t<div id=\"col-129879300\" class=\"col medium-12 small-12 large-3\"  >\n\t\t\t\t<div class=\"col-inner text-left\"  >\n\t\t\t\n\t\t\t\n\n\t<div id=\"stack-3250549703\" class=\"stack stack-row justify-start items-stretch md:justify-center\">\n\t\t\n\n\t<div id=\"text-1659336229\" class=\"text round-corners collapse\">\n\t\t\n\n<p><img loading=\"lazy\" decoding=\"async\" class=\"alignnone wp-image-1269\" src=\"\/wp-content\/uploads\/2024\/09\/any_questions.jpg\" alt=\"\" width=\"135\" height=\"94\"><\/p>\n\n\t\t\t<\/div>\n\t\n\n\t\t\n<style>\n#stack-3250549703 > * {\n  --stack-gap: 0rem;\n}\n<\/style>\n\t<\/div>\n\t\n\n\t\t<\/div>\n\t\t\t\t\t<\/div>\n\n\t\n\n\t<div id=\"col-1422853249\" class=\"col medium-9 small-12 large-9\"  >\n\t\t\t\t<div class=\"col-inner\"  >\n\t\t\t\n\t\t\t\n\n\t<div id=\"text-3333452434\" class=\"text h3 collapse\">\n\t\t\n\nAvez-vous d'autres questions ?\n\t\t\n<style>\n#text-3333452434 {\n  text-align: center;\n}\n@media (min-width:850px) {\n  #text-3333452434 {\n    text-align: left;\n  }\n}\n<\/style>\n\t<\/div>\n\t\n\t<div id=\"gap-1237541486\" class=\"gap-element clearfix\" style=\"display:block; height:auto;\">\n\t\t\n<style>\n#gap-1237541486 {\n  padding-top: 10px;\n}\n<\/style>\n\t<\/div>\n\t\n\n\t<div id=\"text-3221285289\" class=\"text collapse\">\n\t\t\n\nN'h\u00e9site pas \u00e0 nous contacter \u00e0 tout moment.\n\t\t\n<style>\n#text-3221285289 {\n  text-align: center;\n}\n@media (min-width:850px) {\n  #text-3221285289 {\n    text-align: left;\n  }\n}\n<\/style>\n\t<\/div>\n\t\n\n\t\t<\/div>\n\t\t\t\t\n<style>\n#col-1422853249 > .col-inner {\n  padding: 30px 0px 0px 0px;\n  margin: 0px 0px 0px 0px;\n}\n@media (min-width:550px) {\n  #col-1422853249 > .col-inner {\n    padding: 20px 0px 0px 0px;\n  }\n}\n@media (min-width:850px) {\n  #col-1422853249 > .col-inner {\n    padding: 0px 0px 0px 0px;\n  }\n}\n<\/style>\n\t<\/div>\n\n\t\n\n<\/div>\n\n\t\t<\/div>\n\t\t\t\t\n<style>\n#col-1950374334 > .col-inner {\n  padding: 0px 0px 30px 0px;\n}\n@media (min-width:850px) {\n  #col-1950374334 > .col-inner {\n    padding: 0px 0px 0px 0px;\n  }\n}\n<\/style>\n\t<\/div>\n\n\t\n\n\t<div id=\"col-817146655\" class=\"col medium-12 small-12 large-4\"  >\n\t\t\t\t<div class=\"col-inner\"  >\n\t\t\t\n\t\t\t\n\n\t<div id=\"stack-2582031522\" class=\"stack stack-row justify-center items-stretch sm:stack-col\">\n\t\t\n\n<a href=\"https:\/\/www.magped.com\/fr\/contact\/\" class=\"button secondary is-large collapse\" >\n\t\t<span>Contacter magped<\/span>\n\t<\/a>\n\n\n\n\t\t\n<style>\n#stack-2582031522 > * {\n  --stack-gap: 0.5rem;\n}\n<\/style>\n\t<\/div>\n\t\n\n\t\t<\/div>\n\t\t\t\t\t<\/div>\n\n\t\n\n\n<style>\n#row-449798173 > .col > .col-inner {\n  border-radius: 20px;\n}\n<\/style>\n<\/div>\n\n\t\t<\/div>\n\t\t\t\t\n<style>\n#col-770853216 > .col-inner {\n  margin: 0px 0px -30px 0px;\n}\n<\/style>\n\t<\/div>\n\n\t\n\n\n<style>\n#row-1477891816 > .col > .col-inner {\n  padding: 10% 10% 10% 10%;\n  background-color: #161616;\n  border-radius: 20px;\n}\n@media (min-width:550px) {\n  #row-1477891816 > .col > .col-inner {\n    padding: 5% 5% 5% 5%;\n  }\n}\n@media (min-width:850px) {\n  #row-1477891816 > .col > .col-inner {\n    padding: 2% 2% 2% 2%;\n  }\n}\n<\/style>\n<\/div>\n\t\t<\/div>\n\n\t\t\n<style>\n#section_1072070351 {\n  padding-top: 0px;\n  padding-bottom: 0px;\n}\n@media (min-width:850px) {\n  #section_1072070351 {\n    padding-top: 30px;\n    padding-bottom: 30px;\n  }\n}\n<\/style>\n\t<\/section>\n\t\n","protected":false},"excerpt":{"rendered":"","protected":false},"author":1,"featured_media":0,"parent":0,"menu_order":0,"comment_status":"closed","ping_status":"closed","template":"page-blank.php","meta":{"footnotes":""},"class_list":["post-176370","page","type-page","status-publish","hentry"],"_links":{"self":[{"href":"https:\/\/www.magped.com\/fr\/wp-json\/wp\/v2\/pages\/176370","targetHints":{"allow":["GET"]}}],"collection":[{"href":"https:\/\/www.magped.com\/fr\/wp-json\/wp\/v2\/pages"}],"about":[{"href":"https:\/\/www.magped.com\/fr\/wp-json\/wp\/v2\/types\/page"}],"author":[{"embeddable":true,"href":"https:\/\/www.magped.com\/fr\/wp-json\/wp\/v2\/users\/1"}],"replies":[{"embeddable":true,"href":"https:\/\/www.magped.com\/fr\/wp-json\/wp\/v2\/comments?post=176370"}],"version-history":[{"count":0,"href":"https:\/\/www.magped.com\/fr\/wp-json\/wp\/v2\/pages\/176370\/revisions"}],"wp:attachment":[{"href":"https:\/\/www.magped.com\/fr\/wp-json\/wp\/v2\/media?parent=176370"}],"curies":[{"name":"wp","href":"https:\/\/api.w.org\/{rel}","templated":true}]}}