{"id":177160,"date":"2024-08-08T11:08:38","date_gmt":"2024-08-08T09:08:38","guid":{"rendered":"https:\/\/www.magped.com\/shoe-recommendation\/"},"modified":"2026-01-23T13:50:08","modified_gmt":"2026-01-23T12:50:08","slug":"shoe-recommendation","status":"publish","type":"page","link":"https:\/\/www.magped.com\/fr\/shoe-recommendation\/","title":{"rendered":"Shoe Recommendation"},"content":{"rendered":"\n\t<section class=\"section\" id=\"section_669295407\">\n\t\t<div class=\"section-bg fill\" >\n\t\t\t\t\t\t\t\t\t\n\t\t\t\n\t<div class=\"is-border\"\n\t\tstyle=\"border-width:1px 0px 1px 0px;\">\n\t<\/div>\n\n\t\t<\/div>\n\n\t\t\n\n\t\t<div class=\"section-content relative\">\n\t\t\t\n<div class=\"row row-collapse row-full-width align-middle row-expand\"  id=\"row-1295103288\">\n\n\t<div id=\"col-2038881798\" class=\"col small-12 large-12\"  >\n\t\t\t\t<div class=\"col-inner\"  >\n\t\t\t\n\t\t\t\n<div class=\"row row-collapse row-full-width align-middle\"  id=\"row-463741432\">\n\n\t<div id=\"col-541683548\" class=\"col medium-12 small-12 large-7\"  >\n\t\t\t\t<div class=\"col-inner\"  >\n\t\t\t\n\t\t\t\n\n  <div class=\"banner has-hover has-parallax\" id=\"banner-1344055078\">\n          <div class=\"banner-inner fill\">\n        <div class=\"banner-bg fill\" data-parallax=\"-3\" data-parallax-container=\".banner\" data-parallax-background>\n            <img loading=\"lazy\" decoding=\"async\" width=\"1020\" height=\"679\" src=\"https:\/\/www.magped.com\/wp-content\/uploads\/2024\/08\/Magped_Tuscany2024-7162-1024x682.jpeg\" class=\"bg attachment-large size-large\" alt=\"\">                                    \n                    <\/div>\n\t\t\n        <div class=\"banner-layers container\">\n            <div class=\"fill banner-link\"><\/div>            \n        <\/div>\n      <\/div>\n\n            \n<style>\n#banner-1344055078 {\n  padding-top: 150px;\n  background-color: rgba(255, 255, 255, 0);\n}\n#banner-1344055078 .banner-bg img {\n  object-position: 45% 53%;\n}\n@media (min-width:550px) {\n  #banner-1344055078 {\n    padding-top: 377px;\n  }\n}\n<\/style>\n  <\/div>\n\n\n\t\t<\/div>\n\t\t\t\t\t<\/div>\n\n\t\n\n\t<div id=\"col-570040524\" class=\"col medium-12 small-12 large-5\"  >\n\t\t\t\t<div class=\"col-inner\"  >\n\t\t\t\n\t\t\t\n<div class=\"row align-center\"  id=\"row-1804754216\">\n\n\t<div id=\"col-1954518721\" class=\"col medium-12 small-12 large-10\"  >\n\t\t\t\t<div class=\"col-inner\"  >\n\t\t\t\n\t\t\t\n\t<div id=\"gap-1357686613\" class=\"gap-element clearfix\" style=\"display:block; height:auto;\">\n\t\t\n<style>\n#gap-1357686613 {\n  padding-top: 20px;\n}\n@media (min-width:550px) {\n  #gap-1357686613 {\n    padding-top: 25px;\n  }\n}\n<\/style>\n\t<\/div>\n\t\n\t<div id=\"text-20685672\" class=\"text h1 collapse\">\n\t\t\n<p>Recommandation de chaussures<br \/>\n\t\t\n<style>\n#text-20685672 {\n  text-align: center;\n}\n@media (min-width:850px) {\n  #text-20685672 {\n    text-align: left;\n  }\n}\n<\/style>\n\t<\/div>\n\t\n\t<div id=\"gap-944032000\" class=\"gap-element clearfix\" style=\"display:block; height:auto;\">\n\t\t\n<style>\n#gap-944032000 {\n  padding-top: 10px;\n}\n@media (min-width:850px) {\n  #gap-944032000 {\n    padding-top: 15px;\n  }\n}\n<\/style>\n\t<\/div>\n\t\n\t<div id=\"text-3056167122\" class=\"text collapse\">\n\t\t\n<p>Faire le bon choix en terme de chaussures est essentiel pour l\u2019efficacit\u00e9 optimale de vos p\u00e9dales magped ! <br \/>Nous avons d\u00e9velopp\u00e9 plusieurs mod\u00e8les de p\u00e9dales Magped qui acceptent tous types de chaussures de v\u00e9lo. Vous trouverez ci-dessous tous les d\u00e9tails n\u00e9cessaires afin de choisir la meilleure paire de chaussures pour vos p\u00e9dales magped.<br \/>\n\t\t\n<style>\n#text-3056167122 {\n  font-size: 0.9rem;\n  text-align: center;\n}\n@media (min-width:550px) {\n  #text-3056167122 {\n    font-size: 1rem;\n  }\n}\n@media (min-width:850px) {\n  #text-3056167122 {\n    text-align: left;\n  }\n}\n<\/style>\n\t<\/div>\n\t\n\t<div id=\"gap-1057767691\" class=\"gap-element clearfix\" style=\"display:block; height:auto;\">\n\t\t\n<style>\n#gap-1057767691 {\n  padding-top: 20px;\n}\n<\/style>\n\t<\/div>\n\t\n\t\t<\/div>\n\t\t\t\t\n<style>\n#col-1954518721 > .col-inner {\n  padding: 10px 10px 0px 10px;\n}\n@media (min-width:550px) {\n  #col-1954518721 > .col-inner {\n    padding: 10px 50px 15px 30px;\n  }\n}\n@media (min-width:850px) {\n  #col-1954518721 > .col-inner {\n    padding: 0px 0% 0px 0px;\n  }\n}\n<\/style>\n\t<\/div>\n\n\t\n<\/div>\n\t\t<\/div>\n\t\t\t\t\t<\/div>\n\n\t\n<\/div>\n\t\t<\/div>\n\t\t\t\t\t<\/div>\n\n\t\n<\/div>\n\t\t<\/div>\n\n\t\t\n<style>\n#section_669295407 {\n  padding-top: 0px;\n  padding-bottom: 0px;\n  background-color: #f7f7f7;\n}\n<\/style>\n\t<\/section>\n\t\n\n\t<section class=\"section custom-accordion-white\" id=\"section_1173060011\">\n\t\t<div class=\"section-bg fill\" >\n\t\t\t\t\t\t\t\t\t\n\t\t\t\n\n\t\t<\/div>\n\n\t\t\n\n\t\t<div class=\"section-content relative\">\n\t\t\t\n\t<div id=\"gap-52103628\" class=\"gap-element clearfix\" style=\"display:block; height:auto;\">\n\t\t\n<style>\n#gap-52103628 {\n  padding-top: 40px;\n}\n<\/style>\n\t<\/div>\n\t\n<div class=\"row align-equal col-v-col\"  id=\"row-823900391\">\n\n\t<div id=\"col-347493867\" class=\"col col-v-box medium-12 small-12 large-4\"  >\n\t\t\t\t<div class=\"col-inner\"  >\n\t\t\t\n\t\t\t\n<div class=\"row row-collapse col-v-content\"  id=\"row-1901913594\">\n\n\t<div id=\"col-2135284631\" class=\"col small-12 large-12\"  >\n\t\t\t\t<div class=\"col-inner text-left\"  >\n\t\t\t\n\t\t\t\n<div class=\"row row-collapse\"  id=\"row-2137397965\">\n\n\t<div id=\"col-2056891994\" class=\"col small-12 large-12\"  >\n\t\t\t\t<div class=\"col-inner\"  >\n\t\t\t\n\t\t\t\n<div class=\"slider-wrapper relative round-corners\" id=\"slider-1905112639\" >\n    <div class=\"slider slider-nav-circle slider-nav-large slider-nav-light slider-style-normal\"\n        data-flickity-options='{\n            \"cellAlign\": \"center\",\n            \"imagesLoaded\": true,\n            \"lazyLoad\": 1,\n            \"freeScroll\": false,\n            \"wrapAround\": true,\n            \"autoPlay\": 3000,\n            \"pauseAutoPlayOnHover\" : false,\n            \"prevNextButtons\": false,\n            \"contain\" : true,\n            \"adaptiveHeight\" : true,\n            \"dragThreshold\" : 10,\n            \"percentPosition\": true,\n            \"pageDots\": false,\n            \"rightToLeft\": false,\n            \"draggable\": true,\n            \"selectedAttraction\": 0.1,\n            \"parallax\" : 0,\n            \"friction\": 0.6        }'\n        >\n        \n\t<div class=\"img has-hover x md-x lg-x y md-y lg-y\" id=\"image_144457952\">\n\t\t\t\t\t\t\t\t<div class=\"img-inner image-cover dark\" style=\"padding-top:60%;\">\n\t\t\t<img loading=\"lazy\" decoding=\"async\" width=\"1000\" height=\"500\" src=\"https:\/\/www.magped.com\/wp-content\/uploads\/2024\/08\/shoe_sole_dark01.jpg\" class=\"attachment-large size-large\" alt=\"\" srcset=\"https:\/\/www.magped.com\/wp-content\/uploads\/2024\/08\/shoe_sole_dark01.jpg 1000w, https:\/\/www.magped.com\/wp-content\/uploads\/2024\/08\/shoe_sole_dark01-640x320.jpg 640w, https:\/\/www.magped.com\/wp-content\/uploads\/2024\/08\/shoe_sole_dark01-600x300.jpg 600w, https:\/\/www.magped.com\/wp-content\/uploads\/2024\/08\/shoe_sole_dark01-300x150.jpg 300w, https:\/\/www.magped.com\/wp-content\/uploads\/2024\/08\/shoe_sole_dark01-150x75.jpg 150w, https:\/\/www.magped.com\/wp-content\/uploads\/2024\/08\/shoe_sole_dark01-768x384.jpg 768w\" sizes=\"auto, (max-width: 1000px) 100vw, 1000px\">\t\t\t\t\t\t\n\t\t\t\t\t<\/div>\n\t\t\t\t\t\t\t\t\n<style>\n#image_144457952 {\n  width: 100%;\n}\n<\/style>\n\t<\/div>\n\t\n\t<div class=\"img has-hover x md-x lg-x y md-y lg-y\" id=\"image_1524770188\">\n\t\t\t\t\t\t\t\t<div class=\"img-inner image-cover dark\" style=\"padding-top:60%;\">\n\t\t\t<img loading=\"lazy\" decoding=\"async\" width=\"1000\" height=\"522\" src=\"https:\/\/www.magped.com\/wp-content\/uploads\/2024\/08\/shoe_sole_dark02.jpg\" class=\"attachment-large size-large\" alt=\"\" srcset=\"https:\/\/www.magped.com\/wp-content\/uploads\/2024\/08\/shoe_sole_dark02.jpg 1000w, https:\/\/www.magped.com\/wp-content\/uploads\/2024\/08\/shoe_sole_dark02-640x334.jpg 640w, https:\/\/www.magped.com\/wp-content\/uploads\/2024\/08\/shoe_sole_dark02-600x313.jpg 600w, https:\/\/www.magped.com\/wp-content\/uploads\/2024\/08\/shoe_sole_dark02-300x157.jpg 300w, https:\/\/www.magped.com\/wp-content\/uploads\/2024\/08\/shoe_sole_dark02-150x78.jpg 150w, https:\/\/www.magped.com\/wp-content\/uploads\/2024\/08\/shoe_sole_dark02-768x401.jpg 768w\" sizes=\"auto, (max-width: 1000px) 100vw, 1000px\">\t\t\t\t\t\t\n\t\t\t\t\t<\/div>\n\t\t\t\t\t\t\t\t\n<style>\n#image_1524770188 {\n  width: 100%;\n}\n<\/style>\n\t<\/div>\n\t\n\t<div class=\"img has-hover x md-x lg-x y md-y lg-y\" id=\"image_1923338509\">\n\t\t\t\t\t\t\t\t<div class=\"img-inner image-cover dark\" style=\"padding-top:60%;\">\n\t\t\t<img loading=\"lazy\" decoding=\"async\" width=\"1000\" height=\"546\" src=\"https:\/\/www.magped.com\/wp-content\/uploads\/2024\/08\/shoe_sole_dark03.jpg\" class=\"attachment-large size-large\" alt=\"\" srcset=\"https:\/\/www.magped.com\/wp-content\/uploads\/2024\/08\/shoe_sole_dark03.jpg 1000w, https:\/\/www.magped.com\/wp-content\/uploads\/2024\/08\/shoe_sole_dark03-640x349.jpg 640w, https:\/\/www.magped.com\/wp-content\/uploads\/2024\/08\/shoe_sole_dark03-600x328.jpg 600w, https:\/\/www.magped.com\/wp-content\/uploads\/2024\/08\/shoe_sole_dark03-300x164.jpg 300w, https:\/\/www.magped.com\/wp-content\/uploads\/2024\/08\/shoe_sole_dark03-150x82.jpg 150w, https:\/\/www.magped.com\/wp-content\/uploads\/2024\/08\/shoe_sole_dark03-768x419.jpg 768w\" sizes=\"auto, (max-width: 1000px) 100vw, 1000px\">\t\t\t\t\t\t\n\t\t\t\t\t<\/div>\n\t\t\t\t\t\t\t\t\n<style>\n#image_1923338509 {\n  width: 100%;\n}\n<\/style>\n\t<\/div>\n\t\n     <\/div>\n\n     <div class=\"loading-spin dark large centered\"><\/div>\n\n\t<\/div>\n\n\n\t\t<\/div>\n\t\t\t\t\t<\/div>\n\n\t\n<\/div>\n\t<div id=\"gap-151033194\" class=\"gap-element clearfix\" style=\"display:block; height:auto;\">\n\t\t\n<style>\n#gap-151033194 {\n  padding-top: 17px;\n}\n<\/style>\n\t<\/div>\n\t\n\t<div id=\"text-2161564806\" class=\"text tagline green\">\n\t\t\n<p>Pour magped<br \/>\n\t\t\t<\/div>\n\t\n<h4>SPORT2, ENDURO2, GRAVITY et ULTRA2<\/h4>\n<p>Il est recommand\u00e9 d\u2019utiliser des chaussures SPD \u00e0 2 trous avec une semelle plate et fine, comme les mod\u00e8les pr\u00e9sent\u00e9s :<\/p>\n\t\t<\/div>\n\t\t\t\t\t<\/div>\n\n\t\n<\/div>\n<div class=\"accordion\">\n\t<div id=\"accordion-2945228106\" class=\"accordion-item\">\n\t\t<a id=\"accordion-2945228106-label\" class=\"accordion-title plain\" href=\"#accordion-item-mod\u00e8les-de-chaussures-recommand\u00e9s\" aria-expanded=\"false\" aria-controls=\"accordion-2945228106-content\">\n\t\t\t<button class=\"toggle\" aria-label=\"Basculer\"><i class=\"icon-angle-down\" aria-hidden=\"true\"><\/i><\/button>\n\t\t\t<span>Mod\u00e8les de chaussures recommand\u00e9s<\/span>\n\t\t<\/a>\n\t\t<div id=\"accordion-2945228106-content\" class=\"accordion-inner\" aria-labelledby=\"accordion-2945228106-label\">\n\t\t\t\n\t<div id=\"text-124958087\" class=\"text collapse\">\n\t\t\n<ul>\n<li class=\"bullet-checkmark\">Five ten HELLCAT, HELLCAT PRO, Kestrel LACE, Trailcross CLIP<\/li>\n<li class=\"bullet-checkmark\">Shimano AM503, AM902, AM903, EX700, EX300, GE700<\/li>\n<li class=\"bullet-checkmark\">SCOTT SPORT TRAIL EVO BOA, Crus-R<\/li>\n<li class=\"bullet-checkmark\">Specialized 2FO DH Clip Mountain, 2FO Roost Clip Mountain<\/li>\n<li class=\"bullet-checkmark\">Scott MTB SHR-ALP BOA CLIP, MTB AR BOA WOMEN, SPORT TRAIL EVO, SPORT VOLT CLIP<\/li>\n<li class=\"bullet-checkmark\">Oneal PINNED SPD, SESSION SPD, FLOW SPD<\/li>\n<li class=\"bullet-checkmark\">Cube ATX OX, GTY STRIX<\/li>\n<li class=\"bullet-checkmark\">Lake MX 168 ENDURO, MX 169<\/li>\n<li class=\"bullet-checkmark\">Giro Chamber II, Rumble, Gauge<\/li>\n<li class=\"bullet-checkmark\">Vaude Downieville All Mountain<\/li>\n<li class=\"bullet-checkmark\">Northwave X-TRAIL PLUS, ENDURO MID, SPIDER PLUS 2, HIMALAYA, X-CELSIUS ARCTIC GTX, OVERLAND PLUS, Excape Evo, Rockit Plus<\/li>\n<li class=\"bullet-checkmark\">ION RASCAL, RASCAL SELECT BOA, RASCAL AMP<\/li>\n<li class=\"bullet-checkmark\">fi\u2019zi:k GRAVITA VERSOR, GRAVITA TENSOR, TERRA ERGOLACE X2, TERRA CLIMA X2, TERRA ARTICA X2<\/li>\n<li class=\"bullet-checkmark\">Endura MT500 Clipless<\/li>\n<li class=\"bullet-checkmark\">Crankbrothers Mallet<\/li>\n<li class=\"bullet-checkmark\">Adidas VELOSAMBA VEGAN<\/li>\n<li class=\"bullet-checkmark\">Fox Head Union Boa<\/li>\n<li class=\"bullet-checkmark\">Ride Concepts Hellion, Accomplice, Transition<\/li>\n<li class=\"bullet-checkmark\">Gaerne Electra<\/li>\n<li class=\"bullet-checkmark\">SIDI Dimaro<\/li>\n<li class=\"bullet-checkmark\">Etnies Cumber CL<\/li>\n<li class=\"bullet-checkmark\">Endura MT500 Burner Clipless Waterproof<\/li>\n<li class=\"bullet-checkmark\">FOX union clipless<\/li>\n<li class=\"bullet-checkmark\">Pearl Izumi X-Alp Summit<\/li>\n<\/ul>\n\t\t\t<\/div>\n\t\n\t\t<\/div>\n\t<\/div>\n\t\n<\/div>\n\t\t<\/div>\n\t\t\t\t\t<\/div>\n\n\t\n\n\t<div id=\"col-2116993547\" class=\"col col-v-box medium-12 small-12 large-4\"  >\n\t\t\t\t<div class=\"col-inner\"  >\n\t\t\t\n\t\t\t\n\t<div class=\"img has-hover round-corners x md-x lg-x y md-y lg-y\" id=\"image_1002455710\">\n\t\t\t\t\t\t\t\t<div class=\"img-inner image-cover dark\" style=\"padding-top:60%;\">\n\t\t\t<img loading=\"lazy\" decoding=\"async\" width=\"1020\" height=\"585\" src=\"https:\/\/www.magped.com\/wp-content\/uploads\/2024\/08\/Shoe_Recommendation_ROAD-1024x587.jpg\" class=\"attachment-large size-large\" alt=\"\" srcset=\"https:\/\/www.magped.com\/wp-content\/uploads\/2024\/08\/Shoe_Recommendation_ROAD-1024x587.jpg 1024w, https:\/\/www.magped.com\/wp-content\/uploads\/2024\/08\/Shoe_Recommendation_ROAD-640x367.jpg 640w, https:\/\/www.magped.com\/wp-content\/uploads\/2024\/08\/Shoe_Recommendation_ROAD-600x344.jpg 600w, https:\/\/www.magped.com\/wp-content\/uploads\/2024\/08\/Shoe_Recommendation_ROAD-300x172.jpg 300w, https:\/\/www.magped.com\/wp-content\/uploads\/2024\/08\/Shoe_Recommendation_ROAD-150x86.jpg 150w, https:\/\/www.magped.com\/wp-content\/uploads\/2024\/08\/Shoe_Recommendation_ROAD-768x440.jpg 768w, https:\/\/www.magped.com\/wp-content\/uploads\/2024\/08\/Shoe_Recommendation_ROAD.jpg 1240w\" sizes=\"auto, (max-width: 1020px) 100vw, 1020px\">\t\t\t\t\t\t\n\t\t\t\t\t<\/div>\n\t\t\t\t\t\t\t\t\n<style>\n#image_1002455710 {\n  width: 100%;\n}\n<\/style>\n\t<\/div>\n\t\n<div class=\"row row-collapse col-v-content\"  id=\"row-822085501\">\n\n\t<div id=\"col-1904272214\" class=\"col small-12 large-12\"  >\n\t\t\t\t<div class=\"col-inner text-left\"  >\n\t\t\t\n\t\t\t\n\t<div id=\"text-3052160205\" class=\"text tagline green\">\n\t\t\n<p>Pour magped<br \/>\n\t\t\t<\/div>\n\t\n<h4>ROAD2<\/h4>\n<p>Il est recommand\u00e9 d\u2019utiliser une chaussure de <strong>v\u00e9lo de course <\/strong>avec une <strong>monture \u00e0 3 trous<\/strong> :<\/p>\n\t\t<\/div>\n\t\t\t\t\t<\/div>\n\n\t\n<\/div>\n<div class=\"accordion\">\n\t<div id=\"accordion-3114674991\" class=\"accordion-item\">\n\t\t<a id=\"accordion-3114674991-label\" class=\"accordion-title plain\" href=\"#accordion-item-mod\u00e8les-de-chaussures-recommand\u00e9s\" aria-expanded=\"false\" aria-controls=\"accordion-3114674991-content\">\n\t\t\t<button class=\"toggle\" aria-label=\"Basculer\"><i class=\"icon-angle-down\" aria-hidden=\"true\"><\/i><\/button>\n\t\t\t<span>Mod\u00e8les de chaussures recommand\u00e9s<\/span>\n\t\t<\/a>\n\t\t<div id=\"accordion-3114674991-content\" class=\"accordion-inner\" aria-labelledby=\"accordion-3114674991-label\">\n\t\t\t\n\t<div id=\"text-739700248\" class=\"text collapse\">\n\t\t\n<ul>\n<li class=\"bullet-checkmark\">fi\u2019zi:k Decos Carbon<\/li>\n<li class=\"bullet-checkmark\">fi\u2019zi:k Tempo Beat<\/li>\n<li class=\"bullet-checkmark\">fi\u2019zi:k Vento Omna<\/li>\n<li class=\"bullet-checkmark\">Scott Road RC Pyton<\/li>\n<li class=\"bullet-checkmark\">Scott Road Comp BOA<\/li>\n<li class=\"bullet-checkmark\">Northwave CORE PLUS 2<\/li>\n<li class=\"bullet-checkmark\">Northwave EXTREME PRO 2<\/li>\n<li class=\"bullet-checkmark\">SPECIALIZED Torch 1.0<\/li>\n<li class=\"bullet-checkmark\">SPECIALIZED S-Works Road 7<\/li>\n<li class=\"bullet-checkmark\">SIDI Fast<\/li>\n<li class=\"bullet-checkmark\">SIDI GENIUS 10 MEGA<\/li>\n<li class=\"bullet-checkmark\">Lake CX333<\/li>\n<li class=\"bullet-checkmark\">Lake CX201<\/li>\n<li class=\"bullet-checkmark\">Giro Cadet<\/li>\n<li class=\"bullet-checkmark\">SHIMANO SH-RC903<\/li>\n<li class=\"bullet-checkmark\">SHIMANO RC502<\/li>\n<li class=\"bullet-checkmark\">MAVIC COSMIC ULTIMATE IV, COSMIC SLR, COSMIC ELITE SL, COSMIC BOA<\/li>\n<li class=\"bullet-checkmark\">Pearl Izumi Attack Road<\/li>\n<\/ul>\n\t\t\t<\/div>\n\t\n\t\t<\/div>\n\t<\/div>\n\t\n<\/div>\n\t\t<\/div>\n\t\t\t\t\t<\/div>\n\n\t\n\n\t<div id=\"col-950932891\" class=\"col col-v-box medium-12 small-12 large-4\"  >\n\t\t\t\t<div class=\"col-inner\"  >\n\t\t\t\n\t\t\t\n<div class=\"row row-collapse col-v-content\"  id=\"row-2143508611\">\n\n\t<div id=\"col-1174161742\" class=\"col small-12 large-12\"  >\n\t\t\t\t<div class=\"col-inner text-left\"  >\n\t\t\t\n\t\t\t\n\t<div class=\"img has-hover round-corners x md-x lg-x y md-y lg-y\" id=\"image_221464233\">\n\t\t\t\t\t\t\t\t<div class=\"img-inner image-cover dark\" style=\"padding-top:60%;\">\n\t\t\t<img loading=\"lazy\" decoding=\"async\" width=\"1020\" height=\"585\" src=\"https:\/\/www.magped.com\/wp-content\/uploads\/2024\/08\/Shoe_Recommendation_GRAVEL-1024x587.jpg\" class=\"attachment-large size-large\" alt=\"\" srcset=\"https:\/\/www.magped.com\/wp-content\/uploads\/2024\/08\/Shoe_Recommendation_GRAVEL-1024x587.jpg 1024w, https:\/\/www.magped.com\/wp-content\/uploads\/2024\/08\/Shoe_Recommendation_GRAVEL-640x367.jpg 640w, https:\/\/www.magped.com\/wp-content\/uploads\/2024\/08\/Shoe_Recommendation_GRAVEL-600x344.jpg 600w, https:\/\/www.magped.com\/wp-content\/uploads\/2024\/08\/Shoe_Recommendation_GRAVEL-300x172.jpg 300w, https:\/\/www.magped.com\/wp-content\/uploads\/2024\/08\/Shoe_Recommendation_GRAVEL-150x86.jpg 150w, https:\/\/www.magped.com\/wp-content\/uploads\/2024\/08\/Shoe_Recommendation_GRAVEL-768x440.jpg 768w, https:\/\/www.magped.com\/wp-content\/uploads\/2024\/08\/Shoe_Recommendation_GRAVEL.jpg 1240w\" sizes=\"auto, (max-width: 1020px) 100vw, 1020px\">\t\t\t\t\t\t\n\t\t\t\t\t<\/div>\n\t\t\t\t\t\t\t\t\n<style>\n#image_221464233 {\n  width: 100%;\n}\n<\/style>\n\t<\/div>\n\t\n\t<div id=\"text-2076847747\" class=\"text tagline green\">\n\t\t\n<p>Pour magped<br \/>\n\t\t\t<\/div>\n\t\n<h4>Gravel<\/h4>\n<p>Il est recommand\u00e9 d\u2019utiliser des chaussures XC \/ Gravel avec une monture SPD \u00e0 2 trous :<\/p>\n\t\t<\/div>\n\t\t\t\t\t<\/div>\n\n\t\n<\/div>\n<div class=\"accordion\">\n\t<div id=\"accordion-3539951628\" class=\"accordion-item\">\n\t\t<a id=\"accordion-3539951628-label\" class=\"accordion-title plain\" href=\"#accordion-item-mod\u00e8les-de-chaussures-recommand\u00e9s\" aria-expanded=\"false\" aria-controls=\"accordion-3539951628-content\">\n\t\t\t<button class=\"toggle\" aria-label=\"Basculer\"><i class=\"icon-angle-down\" aria-hidden=\"true\"><\/i><\/button>\n\t\t\t<span>Mod\u00e8les de chaussures recommand\u00e9s<\/span>\n\t\t<\/a>\n\t\t<div id=\"accordion-3539951628-content\" class=\"accordion-inner\" aria-labelledby=\"accordion-3539951628-label\">\n\t\t\t\n\t<div id=\"text-2311516353\" class=\"text collapse\">\n\t\t\n<ul>\n<li class=\"bullet-checkmark\">fi&rsquo;zi:k VENTO FEROX CARBON<\/li>\n<li class=\"bullet-checkmark\">fi&rsquo;zi:k TERRA POWERSTRAP X4<\/li>\n<li class=\"bullet-checkmark\">Scott Gravel Pro<\/li>\n<li class=\"bullet-checkmark\">Scott Gravel Tuned<\/li>\n<li class=\"bullet-checkmark\">Northwave Origin Plus 2<\/li>\n<li class=\"bullet-checkmark\">SPECIALIZED S-WORKS VENT EVO GRAVEL<\/li>\n<li class=\"bullet-checkmark\">SIDI MTB Trace 2<\/li>\n<li class=\"bullet-checkmark\">SIDI MTB Dragon 5 SRS Mega<\/li>\n<li class=\"bullet-checkmark\">Lake MX 1<\/li>\n<li class=\"bullet-checkmark\">Lake MX 332 WOMEN&rsquo;S<\/li>\n<li class=\"bullet-checkmark\">Giro Sector MTB<\/li>\n<li class=\"bullet-checkmark\">SHIMANO SH-XC1 MTB<\/li>\n<li class=\"bullet-checkmark\">DROMARTI Sportivo Touring Terra<\/li>\n<li class=\"bullet-checkmark\">MAVIC CROSSMAX SL II, CROSSMAX BOA, COSMIC BOA SPD, ALLROAD SL<\/li>\n<li class=\"bullet-checkmark\">Pearl Izumi Expedition<\/li>\n<\/ul>\n\t\t\t<\/div>\n\t\n\t\t<\/div>\n\t<\/div>\n\t\n<\/div>\n\t\t<\/div>\n\t\t\t\t\t<\/div>\n\n\t\n\n<style>\n#row-823900391 > .col > .col-inner {\n  padding: 20px 20px 20px 20px;\n  background-color: rgb(247, 247, 247);\n  border-radius: 15px;\n}\n<\/style>\n<\/div>\n\t\t<\/div>\n\n\t\t\n<style>\n#section_1173060011 {\n  padding-top: 20px;\n  padding-bottom: 20px;\n}\n@media (min-width:550px) {\n  #section_1173060011 {\n    padding-top: 55px;\n    padding-bottom: 55px;\n  }\n}\n<\/style>\n\t<\/section>\n\t\n","protected":false},"excerpt":{"rendered":"","protected":false},"author":1,"featured_media":0,"parent":0,"menu_order":0,"comment_status":"closed","ping_status":"closed","template":"page-blank.php","meta":{"footnotes":""},"class_list":["post-177160","page","type-page","status-publish","hentry"],"_links":{"self":[{"href":"https:\/\/www.magped.com\/fr\/wp-json\/wp\/v2\/pages\/177160","targetHints":{"allow":["GET"]}}],"collection":[{"href":"https:\/\/www.magped.com\/fr\/wp-json\/wp\/v2\/pages"}],"about":[{"href":"https:\/\/www.magped.com\/fr\/wp-json\/wp\/v2\/types\/page"}],"author":[{"embeddable":true,"href":"https:\/\/www.magped.com\/fr\/wp-json\/wp\/v2\/users\/1"}],"replies":[{"embeddable":true,"href":"https:\/\/www.magped.com\/fr\/wp-json\/wp\/v2\/comments?post=177160"}],"version-history":[{"count":19,"href":"https:\/\/www.magped.com\/fr\/wp-json\/wp\/v2\/pages\/177160\/revisions"}],"predecessor-version":[{"id":199548,"href":"https:\/\/www.magped.com\/fr\/wp-json\/wp\/v2\/pages\/177160\/revisions\/199548"}],"wp:attachment":[{"href":"https:\/\/www.magped.com\/fr\/wp-json\/wp\/v2\/media?parent=177160"}],"curies":[{"name":"wp","href":"https:\/\/api.w.org\/{rel}","templated":true}]}}