{"id":188079,"date":"2025-04-20T20:22:43","date_gmt":"2025-04-20T18:22:43","guid":{"rendered":"https:\/\/www.magped.com\/newsletter-page\/"},"modified":"2025-04-20T20:22:43","modified_gmt":"2025-04-20T18:22:43","slug":"newsletter-page","status":"publish","type":"page","link":"https:\/\/www.magped.com\/fr\/newsletter-page\/","title":{"rendered":"newsletter-page"},"content":{"rendered":"\n\t<section class=\"section\" id=\"section_263111897\">\n\t\t<div class=\"section-bg fill\" >\n\t\t\t\t\t\t\t\t\t<div class=\"section-bg-overlay absolute fill\"><\/div>\n\t\t\t\n\n\t\t<\/div>\n\n\t\t\n\n\t\t<div class=\"section-content relative\">\n\t\t\t\r\n\r\n\t<div id=\"gap-110737558\" class=\"gap-element clearfix\" style=\"display:block; height:auto;\">\n\t\t\n<style>\n#gap-110737558 {\n  padding-top: 30px;\n}\n<\/style>\n\t<\/div>\n\t\r\n\r\n<div class=\"row align-center\"  id=\"row-1276212504\">\r\n\r\n\n\t<div id=\"col-772496882\" class=\"col medium-6 small-10 large-6\"  >\n\t\t\t\t<div class=\"col-inner text-center\"  >\n\t\t\t\n\t\t\t\r\n\r\n\t<div id=\"text-1007675529\" class=\"text h3 big-lead collapse\">\n\t\t\r\n\r\nAbonnez-vous \u00e0 notre newsletter\r\n\t\t\n<style>\n#text-1007675529 {\n  line-height: 1;\n}\n<\/style>\n\t<\/div>\n\t\r\n\t<div id=\"gap-1715974181\" class=\"gap-element clearfix\" style=\"display:block; height:auto;\">\n\t\t\n<style>\n#gap-1715974181 {\n  padding-top: 20px;\n}\n<\/style>\n\t<\/div>\n\t\r\n\r\n\t<div id=\"text-3988742535\" class=\"text\">\n\t\t\r\n\r\nObtenez 5% de r\u00e9duction sur vos achats Magped et restez inform\u00e9 des nouveaut\u00e9s et des r\u00e9ductions exclusives.\r\n\r\n\t\t\n<style>\n#text-3988742535 {\n  font-size: 1.05rem;\n  text-align: center;\n}\n<\/style>\n\t<\/div>\n\t\r\n\r\n\r\n<div class=\"mailster-block-form-type-content wp-block-mailster-form-outside-wrapper wp-block-mailster-form-outside-wrapper-1f717c07 wp-block-mailster-form-outside-wrapper-182317 wp-block-mailster-form\"><style class=\"mailster-form-style-1f717c07\">div.wp-block-mailster-form-outside-wrapper.wp-block-mailster-form-outside-wrapper-1f717c07.wp-block-mailster-form-outside-wrapper-182317 .mailster-form-info.success{background-color:#95c121}<\/style>\n<form method=\"post\" novalidate class=\"wp-block-mailster-form-wrapper mailster-block-form\"><div class=\"mailster-block-form-inner\">\n<div style=\"height:10px\" aria-hidden=\"true\" class=\"wp-block-spacer\"><\/div>\n\n\n\n<div class=\"wp-block-mailster-messages mailster-block-form-info mailster-wrapper\" aria-hidden=\"true\"><div class=\"mailster-block-form-info-success\" style=\"width:100%;color:#ffffff;background:#6fbf4d\"><div>Veuillez confirmer votre inscription \u00e0 l'aide de l'e-mail que nous venons de vous envoyer.<\/div><div class=\"mailster-block-form-info-extra\"><\/div><\/div><div class=\"mailster-block-form-info-error\" style=\"width:100%;color:#ffffff;background:#bf4d4d\"><div>Certains champs sont manquants ou incorrects !<\/div><div class=\"mailster-block-form-info-extra\"><\/div><\/div><\/div>\n\n\n\n<div class=\"wp-block-mailster-field-email mailster-wrapper mailster-wrapper-required mailster-wrapper-type-email mailster-wrapper-asterisk\"><label for=\"mailster-id-616fcd\" class=\"mailster-label\">E-Mail<\/label><input name=\"email\" id=\"mailster-id-616fcd\" type=\"email\" aria-required=\"true\" aria-label=\"E-Mail\" spellcheck=\"false\" required value=\"\" class=\"input\" autocomplete=\"email\" placeholder=\" \"\/><\/div>\n\n\n\n<div class=\"wp-block-mailster-gdpr mailster-wrapper\"><div class=\"mailster-group mailster-group-checkbox\"><input id=\"mailster-id-f2eb8f\" type=\"checkbox\" name=\"_gdpr\" value=\"1\"\/><label for=\"mailster-id-f2eb8f\" class=\"mailster-label\">J'accepte les dispositions relatives \u00e0 la protection des donn\u00e9es.<\/label><\/div><\/div>\n\n\n\n<div style=\"height:10px\" aria-hidden=\"true\" class=\"wp-block-spacer\"><\/div>\n\n\n\n<div class=\"wp-block-mailster-field-submit mailster-wrapper mailster-wrapper-type-submit mailster-wrapper-justify-center wp-block-button\" style=\"width:45%\"><input name=\"submit\" id=\"mailster-id-8f9b4a\" type=\"submit\" value=\"S'INSCRIRE\" class=\"wp-block-button__link submit-button\"\/><\/div>\n<\/div><script class=\"mailster-block-form-data\" type=\"application\/json\">{\"id\":182317,\"identifier\":\"1f717c07\",\"cooldown\":0,\"isPreview\":false,\"type\":\"submission\",\"prefill\":false}<\/script><input name=\"_timestamp\" type=\"hidden\" value=\"1777741630\" \/>\n<button class=\"mailster-block-form-close\" aria-label=\"fermer\" tabindex=\"0\"><svg viewbox=\"0 0 100 100\"><path d=\"M100 10.71 89.29 0 50 39.29 10.71 0 0 10.71 39.29 50 0 89.29 10.71 100 50 60.71 89.29 100 100 89.29 60.71 50z\"\/><\/svg><\/button><\/form>\n<\/div>\r\n\r\n\r\n\t\t<\/div>\n\t\t\t\t\t<\/div>\n\n\t\r\n\r\n<\/div>\r\n\r\n\t\t<\/div>\n\n\t\t\n<style>\n#section_263111897 {\n  padding-top: 40px;\n  padding-bottom: 40px;\n  background-color: #161616;\n}\n#section_263111897 .section-bg-overlay {\n  background-color: rgb(247, 247, 247);\n}\n@media (min-width:550px) {\n  #section_263111897 {\n    padding-top: 60px;\n    padding-bottom: 60px;\n  }\n}\n<\/style>\n\t<\/section>\n\t\n","protected":false},"excerpt":{"rendered":"","protected":false},"author":1,"featured_media":0,"parent":0,"menu_order":0,"comment_status":"closed","ping_status":"closed","template":"page-blank.php","meta":{"footnotes":""},"class_list":["post-188079","page","type-page","status-publish","hentry"],"_links":{"self":[{"href":"https:\/\/www.magped.com\/fr\/wp-json\/wp\/v2\/pages\/188079","targetHints":{"allow":["GET"]}}],"collection":[{"href":"https:\/\/www.magped.com\/fr\/wp-json\/wp\/v2\/pages"}],"about":[{"href":"https:\/\/www.magped.com\/fr\/wp-json\/wp\/v2\/types\/page"}],"author":[{"embeddable":true,"href":"https:\/\/www.magped.com\/fr\/wp-json\/wp\/v2\/users\/1"}],"replies":[{"embeddable":true,"href":"https:\/\/www.magped.com\/fr\/wp-json\/wp\/v2\/comments?post=188079"}],"version-history":[{"count":0,"href":"https:\/\/www.magped.com\/fr\/wp-json\/wp\/v2\/pages\/188079\/revisions"}],"wp:attachment":[{"href":"https:\/\/www.magped.com\/fr\/wp-json\/wp\/v2\/media?parent=188079"}],"curies":[{"name":"wp","href":"https:\/\/api.w.org\/{rel}","templated":true}]}}