{"id":199132,"date":"2026-01-13T08:47:26","date_gmt":"2026-01-13T07:47:26","guid":{"rendered":"https:\/\/www.magped.com\/blog\/"},"modified":"2026-02-06T12:25:24","modified_gmt":"2026-02-06T11:25:24","slug":"blog","status":"publish","type":"page","link":"https:\/\/www.magped.com\/fr\/blog\/","title":{"rendered":"Blog"},"content":{"rendered":"\n\t<section class=\"section\" id=\"section_1049369081\">\n\t\t<div class=\"section-bg fill\" >\n\t\t\t\t\t\t\t\t\t\n\t\t\t\n\n\t\t<\/div>\n\n\t\t\n\n\t\t<div class=\"section-content relative\">\n\t\t\t\n<div class=\"row align-center\"  id=\"row-158857800\">\n\n\t<div id=\"col-1106053974\" class=\"col medium-9 small-11 large-9\"  data-animate=\"bounceInUp\">\n\t\t\t\t<div class=\"col-inner text-center\"  >\n\t\t\t\n\t\t\t\n\t<div id=\"text-1216043307\" class=\"text tagline body-pastel\">\n\t\t\n<p>LE BLOG PEDAL<\/p>\n\t\t\t<\/div>\n\t\n<h1>Derri\u00e8re la balade \u2013 le blog magped<\/h1>\n\t<div id=\"gap-1936373057\" class=\"gap-element clearfix\" style=\"display:block; height:auto;\">\n\t\t\n<style>\n#gap-1936373057 {\n  padding-top: 15px;\n}\n<\/style>\n\t<\/div>\n\t\n\t<div id=\"text-2126319089\" class=\"text collapse\">\n\t\t\n<p>Tu trouveras ici des sujets int\u00e9ressants autour de la p\u00e9dale de v\u00e9lo.<\/p>\n\t\t\t<\/div>\n\t\n\t\t<\/div>\n\t\t\t\t\n<style>\n#col-1106053974 > .col-inner {\n  margin: 0px 0px -30px 0px;\n}\n@media (min-width:550px) {\n  #col-1106053974 > .col-inner {\n    margin: 0px 0px -30px 0px;\n  }\n}\n<\/style>\n\t<\/div>\n\n\t\n<\/div>\n\t\t<\/div>\n\n\t\t\n<style>\n#section_1049369081 {\n  padding-top: 30px;\n  padding-bottom: 30px;\n}\n<\/style>\n\t<\/section>\n\t\n\n\t<section class=\"section\" id=\"section_1512640979\">\n\t\t<div class=\"section-bg fill\" >\n\t\t\t\t\t\t\t\t\t\n\t\t\t\n\n\t\t<\/div>\n\n\t\t\n\n\t\t<div class=\"section-content relative\">\n\t\t\t\n<div class=\"row align-equal align-center\"  id=\"row-1932328283\">\n\n\t<div id=\"col-1974346019\" class=\"col medium-10 small-12 large-12\"  >\n\t\t\t\t<div class=\"col-inner\"  >\n\t\t\t\n\t\t\t\n<div class=\"row align-equal\"  id=\"row-1225719942\">\n\n\t<div id=\"col-661695572\" class=\"col medium-12 small-12 large-12\"  >\n\t\t\t\t<div class=\"col-inner\"  >\n\t\t\t\n\t<div class=\"is-border\"\n\t\tstyle=\"border-width:0px 0px 0px 0px;margin:0px 0px 0px 0px;\">\n\t<\/div>\n\t\t\t\n<div class=\"row row-collapse align-middle align-center\"  id=\"row-1843649762\">\n\n\t<div id=\"col-1202937481\" class=\"col medium-11 small-12 large-11\"  >\n\t\t\t\t<div class=\"col-inner text-left\"  >\n\t\t\t\n\t\t\t\n\n  \n    <div class=\"row blog-card large-columns-1 medium-columns-1 small-columns-1 has-shadow row-box-shadow-3-hover\" >\n  <div class=\"col post-item\" >\n\t\t\t<div class=\"col-inner\">\n\t\t\t\t<div class=\"box box-vertical box-text-top box-blog-post has-hover\">\n            \t\t\t\t\t<div class=\"box-image\" style=\"width:50%;\">\n  \t\t\t\t\t\t<div class=\"image-cover\" style=\"padding-top:70%;\">\n\t\t\t\t\t\t\t<a href=\"https:\/\/www.magped.com\/fr\/anda\/\" class=\"plain\" aria-label=\"ANDA\">\n\t\t\t\t\t\t\t\t<img loading=\"lazy\" decoding=\"async\" width=\"300\" height=\"200\" src=\"https:\/\/www.magped.com\/wp-content\/uploads\/2026\/03\/ANDA-Crew-PM-300x200.jpg\" class=\"attachment-medium size-medium wp-post-image\" alt=\"\" srcset=\"https:\/\/www.magped.com\/wp-content\/uploads\/2026\/03\/ANDA-Crew-PM-300x200.jpg 300w, https:\/\/www.magped.com\/wp-content\/uploads\/2026\/03\/ANDA-Crew-PM-1024x683.jpg 1024w, https:\/\/www.magped.com\/wp-content\/uploads\/2026\/03\/ANDA-Crew-PM-150x100.jpg 150w, https:\/\/www.magped.com\/wp-content\/uploads\/2026\/03\/ANDA-Crew-PM-768x512.jpg 768w, https:\/\/www.magped.com\/wp-content\/uploads\/2026\/03\/ANDA-Crew-PM-1536x1024.jpg 1536w, https:\/\/www.magped.com\/wp-content\/uploads\/2026\/03\/ANDA-Crew-PM-2048x1365.jpg 2048w, https:\/\/www.magped.com\/wp-content\/uploads\/2026\/03\/ANDA-Crew-PM-1280x853.jpg 1280w\" sizes=\"auto, (max-width: 300px) 100vw, 300px\">\t\t\t\t\t\t\t<\/a>\n  \t\t\t\t\t\t\t  \t\t\t\t\t\t\t  \t\t\t\t\t\t<\/div>\n  \t\t\t\t\t\t  \t\t\t\t\t<\/div>\n          \t\t\t\t\t<div class=\"box-text text-left\" style=\"padding:0px 20px 40px 20px;\">\n\t\t\t\t\t<div class=\"box-text-inner blog-post-inner\">\n\n\t\t\t\t\t\n\t\t\t\t\t\t\t\t\t\t\t<p class=\"cat-label tag-label is-xxsmall op-7 uppercase\">\n\t\t\t\t\tHistoire \t\t\t\t\t<\/p>\n\t\t\t\t\t\t\t\t\t\t<h5 class=\"post-title is-large \">\n\t\t\t\t\t\t<a href=\"https:\/\/www.magped.com\/fr\/anda\/\" class=\"plain\">ANDA<\/a>\n\t\t\t\t\t<\/h5>\n\t\t\t\t\t\t\t\t\t\t<div class=\"is-divider\"><\/div>\n\t\t\t\t\t\t\t\t\t\t<p class=\"from_the_blog_excerpt \">\n\t\t\t\t\t\tmagped x ANDA Cycling Collective : plus de visibilit\u00e9, plus de points de contact, plus de puissance magn\u00e9tique en Allemagne magped n&rsquo;est plus un secret depuis longtemps. En Allemagne, nous constatons depuis des ann\u00e9es un int\u00e9r\u00eat croissant pour les p\u00e9dales...\t\t\t\t\t<\/p>\n\t\t\t\t\t                    \n\t\t\t\t\t\t\t\t\t\t\t<a href=\"https:\/\/www.magped.com\/fr\/anda\/\" class=\"button primary is-link is-large mb-0\">\n\t\t\t\t\t\t\t...vers l&#039;article\t\t\t\t\t\t<\/a>\n\t\t\t\t\t\n\t\t\t\t\t\n\t\t\t\t\t<\/div>\n\t\t\t\t\t<\/div>\n\t\t\t\t\t\t\t\t\t<\/div>\n\t\t\t<\/div>\n\t\t<\/div><div class=\"col post-item\" >\n\t\t\t<div class=\"col-inner\">\n\t\t\t\t<div class=\"box box-vertical box-text-top box-blog-post has-hover\">\n            \t\t\t\t\t<div class=\"box-image\" style=\"width:50%;\">\n  \t\t\t\t\t\t<div class=\"image-cover\" style=\"padding-top:70%;\">\n\t\t\t\t\t\t\t<a href=\"https:\/\/www.magped.com\/fr\/position-parfaite-de-la-pedale\/\" class=\"plain\" aria-label=\"Position parfaite de la p\u00e9dale\">\n\t\t\t\t\t\t\t\t<img loading=\"lazy\" decoding=\"async\" width=\"219\" height=\"300\" src=\"https:\/\/www.magped.com\/wp-content\/uploads\/2026\/02\/foot_position_baseline-219x300.png\" class=\"attachment-medium size-medium wp-post-image\" alt=\"\" srcset=\"https:\/\/www.magped.com\/wp-content\/uploads\/2026\/02\/foot_position_baseline-219x300.png 219w, https:\/\/www.magped.com\/wp-content\/uploads\/2026\/02\/foot_position_baseline-747x1024.png 747w, https:\/\/www.magped.com\/wp-content\/uploads\/2026\/02\/foot_position_baseline-109x150.png 109w, https:\/\/www.magped.com\/wp-content\/uploads\/2026\/02\/foot_position_baseline-768x1052.png 768w, https:\/\/www.magped.com\/wp-content\/uploads\/2026\/02\/foot_position_baseline.png 864w\" sizes=\"auto, (max-width: 219px) 100vw, 219px\">\t\t\t\t\t\t\t<\/a>\n  \t\t\t\t\t\t\t  \t\t\t\t\t\t\t  \t\t\t\t\t\t<\/div>\n  \t\t\t\t\t\t  \t\t\t\t\t<\/div>\n          \t\t\t\t\t<div class=\"box-text text-left\" style=\"padding:0px 20px 40px 20px;\">\n\t\t\t\t\t<div class=\"box-text-inner blog-post-inner\">\n\n\t\t\t\t\t\n\t\t\t\t\t\t\t\t\t\t\t<p class=\"cat-label tag-label is-xxsmall op-7 uppercase\">\n\t\t\t\t\tHistoire \t\t\t\t\t<\/p>\n\t\t\t\t\t\t\t\t\t\t<h5 class=\"post-title is-large \">\n\t\t\t\t\t\t<a href=\"https:\/\/www.magped.com\/fr\/position-parfaite-de-la-pedale\/\" class=\"plain\">Position parfaite de la p\u00e9dale<\/a>\n\t\t\t\t\t<\/h5>\n\t\t\t\t\t\t\t\t\t\t<div class=\"is-divider\"><\/div>\n\t\t\t\t\t\t\t\t\t\t<p class=\"from_the_blog_excerpt \">\n\t\t\t\t\t\tLe mythe de la position \u00ab parfaite \u00bb des p\u00e9dales (et comment trouver la v\u00f4tre) Les mains sur le guidon, le fessier sur la selle.\u00a0Nous passons des heures \u00e0 peaufiner la longueur de la potence ou la hauteur de la...\t\t\t\t\t<\/p>\n\t\t\t\t\t                    \n\t\t\t\t\t\t\t\t\t\t\t<a href=\"https:\/\/www.magped.com\/fr\/position-parfaite-de-la-pedale\/\" class=\"button primary is-link is-large mb-0\">\n\t\t\t\t\t\t\t...vers l&#039;article\t\t\t\t\t\t<\/a>\n\t\t\t\t\t\n\t\t\t\t\t\n\t\t\t\t\t<\/div>\n\t\t\t\t\t<\/div>\n\t\t\t\t\t\t\t\t\t<\/div>\n\t\t\t<\/div>\n\t\t<\/div><div class=\"col post-item\" >\n\t\t\t<div class=\"col-inner\">\n\t\t\t\t<div class=\"box box-vertical box-text-top box-blog-post has-hover\">\n            \t\t\t\t\t<div class=\"box-image\" style=\"width:50%;\">\n  \t\t\t\t\t\t<div class=\"image-cover\" style=\"padding-top:70%;\">\n\t\t\t\t\t\t\t<a href=\"https:\/\/www.magped.com\/fr\/le-cyclisme-et-le-handicap\/\" class=\"plain\" aria-label=\"Le cyclisme et le handicap\">\n\t\t\t\t\t\t\t\t<img loading=\"lazy\" decoding=\"async\" width=\"258\" height=\"300\" src=\"https:\/\/www.magped.com\/wp-content\/uploads\/2026\/01\/Prothese-258x300.jpeg\" class=\"attachment-medium size-medium wp-post-image\" alt=\"\" srcset=\"https:\/\/www.magped.com\/wp-content\/uploads\/2026\/01\/Prothese-258x300.jpeg 258w, https:\/\/www.magped.com\/wp-content\/uploads\/2026\/01\/Prothese-881x1024.jpeg 881w, https:\/\/www.magped.com\/wp-content\/uploads\/2026\/01\/Prothese-129x150.jpeg 129w, https:\/\/www.magped.com\/wp-content\/uploads\/2026\/01\/Prothese-768x893.jpeg 768w, https:\/\/www.magped.com\/wp-content\/uploads\/2026\/01\/Prothese.jpeg 1015w\" sizes=\"auto, (max-width: 258px) 100vw, 258px\">\t\t\t\t\t\t\t<\/a>\n  \t\t\t\t\t\t\t  \t\t\t\t\t\t\t  \t\t\t\t\t\t<\/div>\n  \t\t\t\t\t\t  \t\t\t\t\t<\/div>\n          \t\t\t\t\t<div class=\"box-text text-left\" style=\"padding:0px 20px 40px 20px;\">\n\t\t\t\t\t<div class=\"box-text-inner blog-post-inner\">\n\n\t\t\t\t\t\n\t\t\t\t\t\t\t\t\t\t\t<p class=\"cat-label tag-label is-xxsmall op-7 uppercase\">\n\t\t\t\t\tHistoire \t\t\t\t\t<\/p>\n\t\t\t\t\t\t\t\t\t\t<h5 class=\"post-title is-large \">\n\t\t\t\t\t\t<a href=\"https:\/\/www.magped.com\/fr\/le-cyclisme-et-le-handicap\/\" class=\"plain\">Le cyclisme et le handicap<\/a>\n\t\t\t\t\t<\/h5>\n\t\t\t\t\t\t\t\t\t\t<div class=\"is-divider\"><\/div>\n\t\t\t\t\t\t\t\t\t\t<p class=\"from_the_blog_excerpt \">\n\t\t\t\t\t\tLe cyclisme et le handicap : les p\u00e9dales magn\u00e9tiques sont-elles la cl\u00e9 d&rsquo;une nouvelle mobilit\u00e9 ? Faire du v\u00e9lo signifie bien plus que se d\u00e9placer. Pour les personnes en situation de handicap, c&rsquo;est une porte ouverte vers une mobilit\u00e9 accrue,...\t\t\t\t\t<\/p>\n\t\t\t\t\t                    \n\t\t\t\t\t\t\t\t\t\t\t<a href=\"https:\/\/www.magped.com\/fr\/le-cyclisme-et-le-handicap\/\" class=\"button primary is-link is-large mb-0\">\n\t\t\t\t\t\t\t...vers l&#039;article\t\t\t\t\t\t<\/a>\n\t\t\t\t\t\n\t\t\t\t\t\n\t\t\t\t\t<\/div>\n\t\t\t\t\t<\/div>\n\t\t\t\t\t\t\t\t\t<\/div>\n\t\t\t<\/div>\n\t\t<\/div><div class=\"col post-item\" >\n\t\t\t<div class=\"col-inner\">\n\t\t\t\t<div class=\"box box-vertical box-text-top box-blog-post has-hover\">\n            \t\t\t\t\t<div class=\"box-image\" style=\"width:50%;\">\n  \t\t\t\t\t\t<div class=\"image-cover\" style=\"padding-top:70%;\">\n\t\t\t\t\t\t\t<a href=\"https:\/\/www.magped.com\/fr\/nouvel-an-2026\/\" class=\"plain\" aria-label=\"Nouvel An 2026\">\n\t\t\t\t\t\t\t\t<img loading=\"lazy\" decoding=\"async\" width=\"300\" height=\"219\" src=\"https:\/\/www.magped.com\/wp-content\/uploads\/2026\/01\/happy_new_year_2026_road2-300x219.jpg\" class=\"attachment-medium size-medium wp-post-image\" alt=\"\" srcset=\"https:\/\/www.magped.com\/wp-content\/uploads\/2026\/01\/happy_new_year_2026_road2-300x219.jpg 300w, https:\/\/www.magped.com\/wp-content\/uploads\/2026\/01\/happy_new_year_2026_road2-1024x747.jpg 1024w, https:\/\/www.magped.com\/wp-content\/uploads\/2026\/01\/happy_new_year_2026_road2-150x109.jpg 150w, https:\/\/www.magped.com\/wp-content\/uploads\/2026\/01\/happy_new_year_2026_road2-768x560.jpg 768w, https:\/\/www.magped.com\/wp-content\/uploads\/2026\/01\/happy_new_year_2026_road2.jpg 1184w\" sizes=\"auto, (max-width: 300px) 100vw, 300px\">\t\t\t\t\t\t\t<\/a>\n  \t\t\t\t\t\t\t  \t\t\t\t\t\t\t  \t\t\t\t\t\t<\/div>\n  \t\t\t\t\t\t  \t\t\t\t\t<\/div>\n          \t\t\t\t\t<div class=\"box-text text-left\" style=\"padding:0px 20px 40px 20px;\">\n\t\t\t\t\t<div class=\"box-text-inner blog-post-inner\">\n\n\t\t\t\t\t\n\t\t\t\t\t\t\t\t\t\t\t<p class=\"cat-label tag-label is-xxsmall op-7 uppercase\">\n\t\t\t\t\tHistoire \t\t\t\t\t<\/p>\n\t\t\t\t\t\t\t\t\t\t<h5 class=\"post-title is-large \">\n\t\t\t\t\t\t<a href=\"https:\/\/www.magped.com\/fr\/nouvel-an-2026\/\" class=\"plain\">Nouvel An 2026<\/a>\n\t\t\t\t\t<\/h5>\n\t\t\t\t\t\t\t\t\t\t<div class=\"is-divider\"><\/div>\n\t\t\t\t\t\t\t\t\t\t<p class=\"from_the_blog_excerpt \">\n\t\t\t\t\t\tNouvelle ann\u00e9e, nouvelle confiance en soi : comment les bonnes p\u00e9dales peuvent changer vos objectifs cyclistes pour 2026 Le mois de janvier regorge de possibilit\u00e9s. De nouveaux objectifs, une nouvelle motivation et l&rsquo;envie de faire de cette ann\u00e9e la meilleure...\t\t\t\t\t<\/p>\n\t\t\t\t\t                    \n\t\t\t\t\t\t\t\t\t\t\t<a href=\"https:\/\/www.magped.com\/fr\/nouvel-an-2026\/\" class=\"button primary is-link is-large mb-0\">\n\t\t\t\t\t\t\t...vers l&#039;article\t\t\t\t\t\t<\/a>\n\t\t\t\t\t\n\t\t\t\t\t\n\t\t\t\t\t<\/div>\n\t\t\t\t\t<\/div>\n\t\t\t\t\t\t\t\t\t<\/div>\n\t\t\t<\/div>\n\t\t<\/div><\/div>\n\t\t<\/div>\n\t\t\t\t\n<style>\n#col-1202937481 > .col-inner {\n  padding: 30px 0px 0px 0px;\n}\n<\/style>\n\t<\/div>\n\n\t\n<\/div>\n\t\t<\/div>\n\t\t\t\t\n<style>\n#col-661695572 > .col-inner {\n  padding: 0px 0px 0px 0px;\n  margin: 0px 0px 0px 0px;\n}\n<\/style>\n\t<\/div>\n\n\t\n\n<style>\n#row-1225719942 > .col > .col-inner {\n  padding: 25px 25px 15px 25px;\n  background-color: #f2ece2;\n  border-radius: 20px;\n}\n<\/style>\n<\/div>\n\t\t<\/div>\n\t\t\t\t\n<style>\n#col-1974346019 > .col-inner {\n  margin: 0px 0px -50px 0px;\n}\n<\/style>\n\t<\/div>\n\n\t\n<\/div>\n\t\t<\/div>\n\n\t\t\n<style>\n#section_1512640979 {\n  padding-top: 30px;\n  padding-bottom: 30px;\n}\n<\/style>\n\t<\/section>\n\t\n","protected":false},"excerpt":{"rendered":"","protected":false},"author":1,"featured_media":0,"parent":0,"menu_order":0,"comment_status":"closed","ping_status":"closed","template":"page-blank.php","meta":{"footnotes":""},"class_list":["post-199132","page","type-page","status-publish","hentry"],"_links":{"self":[{"href":"https:\/\/www.magped.com\/fr\/wp-json\/wp\/v2\/pages\/199132","targetHints":{"allow":["GET"]}}],"collection":[{"href":"https:\/\/www.magped.com\/fr\/wp-json\/wp\/v2\/pages"}],"about":[{"href":"https:\/\/www.magped.com\/fr\/wp-json\/wp\/v2\/types\/page"}],"author":[{"embeddable":true,"href":"https:\/\/www.magped.com\/fr\/wp-json\/wp\/v2\/users\/1"}],"replies":[{"embeddable":true,"href":"https:\/\/www.magped.com\/fr\/wp-json\/wp\/v2\/comments?post=199132"}],"version-history":[{"count":5,"href":"https:\/\/www.magped.com\/fr\/wp-json\/wp\/v2\/pages\/199132\/revisions"}],"predecessor-version":[{"id":199975,"href":"https:\/\/www.magped.com\/fr\/wp-json\/wp\/v2\/pages\/199132\/revisions\/199975"}],"wp:attachment":[{"href":"https:\/\/www.magped.com\/fr\/wp-json\/wp\/v2\/media?parent=199132"}],"curies":[{"name":"wp","href":"https:\/\/api.w.org\/{rel}","templated":true}]}}