{"id":137253,"date":"2021-07-20T11:04:10","date_gmt":"2021-07-20T09:07:30","guid":{"rendered":"https:\/\/www.magped.com\/?post_type=product&#038;p=137253"},"modified":"2026-04-26T17:18:18","modified_gmt":"2026-04-26T15:18:18","slug":"magped-ultra2","status":"publish","type":"product","link":"https:\/\/www.magped.com\/fr\/shop\/magped-ultra2\/","title":{"rendered":"magped ULTRA2"},"content":{"rendered":"<h1><strong>P\u00e9dale ULTRA2 magped<\/strong><\/h1>\n<p>Le magped ULTRA2 est fabriqu\u00e9 CNC \u00e0 partir d&rsquo;un bloc de magn\u00e9sium et dispose d&rsquo;une broche en titane.<\/p>\n<p>Avec un poids incroyablement faible, il est parfait pour tous les coureurs de XC qui recherchent une performance maximale.<\/p>\n<ul>\n<li>CNC fabriqu\u00e9 \u00e0 partir d\u2019un bloc <strong>d\u2019Magn\u00e9sium<\/strong><\/li>\n<li>Axe en <strong>titane<\/strong><\/li>\n<li>Poids par paire (y compris les pins) :\n<ul>\n<li>ULTRA 150: 320g<\/li>\n<li>ULTRA 200: 328g<\/li>\n<\/ul>\n<\/li>\n<\/ul>\n<p>Nous recommandons les chaussures SPD avec une semelle fine ou l\u00e9g\u00e8rement \u00e9paisse :<\/p>\n<a data-animate=\"fadeInLeft\" href=\"https:\/\/www.magped.com\/fr\/shoe-recommendation\/\" class=\"button primary is-outline is-medium\" style=\"border-radius:99px;padding:0px 10px 0px 10px;\">\n\t\t<span>Recommandation de chaussures<\/span>\n\t<\/a>\n\n<p><strong>comprend:<\/strong><\/p>\n<ul>\n<li>Une paire de p\u00e9dales ULTRA2 magped (L + R)<\/li>\n<li>Aimants<\/li>\n<li>Plaques m\u00e9talliques pour chaussures SPD<\/li>\n<li>Cales POSITIONING<\/li>\n<li>Vis magn\u00e9tiques en 2 longueurs<\/li>\n<li>Cl\u00e9 Allen<\/li>\n<\/ul>\n<p><strong>recommandation de taille d\u2019aimant:<\/strong><\/p>\n<ul>\n<li>150N pour un cycliste allant jusqu\u2019\u00e0 80 kg<\/li>\n<li>200N pour un cycliste &gt; 75 kg<\/li>\n<\/ul>\n<p><strong>Dimensions<\/strong> : Longueur=109mm Largeur=85mm Hauteur=17mm<\/p>\n<h3><strong>Vid\u00e9os<\/strong><\/h3>\n<p>Dans la vid\u00e9o de configuration de la p\u00e9dale magped ULTRA2, vous apprenez comment monter les taquets, installer les goupilles et r\u00e9gler la hauteur de l\u2019aimant de mani\u00e8re optimale.<\/p>\n<div class=\"video-button-wrapper\"><a href=\"https:\/\/vimeo.com\/803498137\" class=\"button open-video icon circle is-outline is-xlarge\" role=\"button\" aria-label=\"Open video in lightbox\" data-flatsome-role-button><i class=\"icon-play\" aria-hidden=\"true\" style=\"font-size:1.5em;\"><\/i><\/a><\/div>\n<p>Dans la vid\u00e9o de maintenance, tu apprends comment entretenir ta p\u00e9dale et comment remplacer les aimants.<\/p>\n<div class=\"video-button-wrapper\"><a href=\"https:\/\/vimeo.com\/803493793\" class=\"button open-video icon circle is-outline is-xlarge\" role=\"button\" aria-label=\"Open video in lightbox\" data-flatsome-role-button><i class=\"icon-play\" aria-hidden=\"true\" style=\"font-size:1.5em;\"><\/i><\/a><\/div>\n","protected":false},"excerpt":{"rendered":"<p>Une paire de p\u00e9dales ULTRA2 magped<\/p>\n","protected":false},"featured_media":151351,"template":"","meta":[],"product_brand":[],"product_cat":[113],"product_tag":[],"class_list":{"0":"post-137253","1":"product","2":"type-product","3":"status-publish","4":"has-post-thumbnail","6":"product_cat-pedale-fr","8":"first","9":"instock","10":"taxable","11":"shipping-taxable","12":"purchasable","13":"product-type-variable","14":"has-default-attributes"},"_links":{"self":[{"href":"https:\/\/www.magped.com\/fr\/wp-json\/wp\/v2\/product\/137253","targetHints":{"allow":["GET"]}}],"collection":[{"href":"https:\/\/www.magped.com\/fr\/wp-json\/wp\/v2\/product"}],"about":[{"href":"https:\/\/www.magped.com\/fr\/wp-json\/wp\/v2\/types\/product"}],"wp:featuredmedia":[{"embeddable":true,"href":"https:\/\/www.magped.com\/fr\/wp-json\/wp\/v2\/media\/151351"}],"wp:attachment":[{"href":"https:\/\/www.magped.com\/fr\/wp-json\/wp\/v2\/media?parent=137253"}],"wp:term":[{"taxonomy":"product_brand","embeddable":true,"href":"https:\/\/www.magped.com\/fr\/wp-json\/wp\/v2\/product_brand?post=137253"},{"taxonomy":"product_cat","embeddable":true,"href":"https:\/\/www.magped.com\/fr\/wp-json\/wp\/v2\/product_cat?post=137253"},{"taxonomy":"product_tag","embeddable":true,"href":"https:\/\/www.magped.com\/fr\/wp-json\/wp\/v2\/product_tag?post=137253"}],"curies":[{"name":"wp","href":"https:\/\/api.w.org\/{rel}","templated":true}]}}