{"id":150559,"date":"2022-07-25T12:06:35","date_gmt":"2022-07-25T10:06:36","guid":{"rendered":"https:\/\/www.magped.com\/?post_type=product&#038;p=150559"},"modified":"2026-04-24T23:33:29","modified_gmt":"2026-04-24T21:33:29","slug":"switch-pins","status":"publish","type":"product","link":"https:\/\/www.magped.com\/fr\/shop\/switch-pins\/","title":{"rendered":"SWITCH Pins"},"content":{"rendered":"<p>50 goupilles et outil de rechange pour EDNURO, ENDRUO2 et GRAVITY magped <\/p>\n<p>Les broches peuvent \u00eatre mont\u00e9es en deux longueurs diff\u00e9rentes--> SWITCH-Pins<\/p>\n","protected":false},"excerpt":{"rendered":"<p>Pins de rechange, outil inclus<\/p>\n","protected":false},"featured_media":151343,"template":"","meta":[],"product_brand":[],"product_cat":[118],"product_tag":[],"class_list":{"0":"post-150559","1":"product","2":"type-product","3":"status-publish","4":"has-post-thumbnail","6":"product_cat-zubehoer-fr","8":"first","9":"instock","10":"taxable","11":"shipping-taxable","12":"purchasable","13":"product-type-simple"},"_links":{"self":[{"href":"https:\/\/www.magped.com\/fr\/wp-json\/wp\/v2\/product\/150559","targetHints":{"allow":["GET"]}}],"collection":[{"href":"https:\/\/www.magped.com\/fr\/wp-json\/wp\/v2\/product"}],"about":[{"href":"https:\/\/www.magped.com\/fr\/wp-json\/wp\/v2\/types\/product"}],"wp:featuredmedia":[{"embeddable":true,"href":"https:\/\/www.magped.com\/fr\/wp-json\/wp\/v2\/media\/151343"}],"wp:attachment":[{"href":"https:\/\/www.magped.com\/fr\/wp-json\/wp\/v2\/media?parent=150559"}],"wp:term":[{"taxonomy":"product_brand","embeddable":true,"href":"https:\/\/www.magped.com\/fr\/wp-json\/wp\/v2\/product_brand?post=150559"},{"taxonomy":"product_cat","embeddable":true,"href":"https:\/\/www.magped.com\/fr\/wp-json\/wp\/v2\/product_cat?post=150559"},{"taxonomy":"product_tag","embeddable":true,"href":"https:\/\/www.magped.com\/fr\/wp-json\/wp\/v2\/product_tag?post=150559"}],"curies":[{"name":"wp","href":"https:\/\/api.w.org\/{rel}","templated":true}]}}