{"id":168197,"date":"2024-02-29T09:28:04","date_gmt":"2024-02-29T08:28:05","guid":{"rendered":"https:\/\/www.magped.com\/?post_type=product&#038;p=168197"},"modified":"2024-11-04T10:05:56","modified_gmt":"2024-11-04T09:05:56","slug":"clipclpa-road2","status":"publish","type":"product","link":"https:\/\/www.magped.com\/fr\/shop\/clipclpa-road2\/","title":{"rendered":"ClipClap ROAD2"},"content":{"rendered":"<h2>L\u2019adaptateur ClipClap te permet d\u2019utiliser ta p\u00e9dale <strong>magped ROAD2<\/strong> avec des chaussures de ville ou de sport normales.<\/h2>\n<p>L\u2019adaptateur de p\u00e9dale \u00e0 clic ClipClap\u00ae est le premier et le seul adaptateur de p\u00e9dale de v\u00e9lo innovant qui permet de transformer n\u2019importe quelle chaussure de loisirs en une chaussure \u00e0 clic professionnelle. Une connexion fixe, mais d\u00e9tachable \u00e0 tout moment, entre la chaussure et la p\u00e9dale assure non seulement une efficacit\u00e9 de p\u00e9dalage maximale, mais aussi une s\u00e9curit\u00e9 et une stabilit\u00e9 accrues. <\/p>\n<p style=\"font-weight: 400;\">L\u2019adaptateur de p\u00e9dale \u00e0 clic se compose d\u2019une plaque de base et d\u2019une sangle.<\/p>\n<ul>\n<li><strong>ClipClap\u00ae ROAD2 est compatible avec toutes les p\u00e9dales modernes \u00e0 trois trous, comme par exemple la p\u00e9dale magped ROAD2.<\/strong><\/li>\n<\/ul>\n<h3>Sp\u00e9cifications du produit :<\/h3>\n<ul>\n<li><strong>Mat\u00e9riaux<\/strong> : acier inoxydable, PC recycl\u00e9, chambres \u00e0 air de v\u00e9lo recycl\u00e9es, nylon.<\/li>\n<li><strong>poids<\/strong> : 320g<\/li>\n<li><strong>Dimensions<\/strong> : L 100 x l 90 x H 45 mm<\/li>\n<\/ul>\n<p style=\"font-weight: 400;\"><strong>ClipClap\u00ae ROAD est compatible avec les syst\u00e8mes de p\u00e9dales suivants :<\/strong><\/p>\n<ul>\n<li>Magped Road(2), Shimano SPD-SL, Look Ke\u00f3, Wahoo Speedplay, Xpedo Road.<\/li>\n<\/ul>\n<h3>Contenu de la livraison ClipClap\u00ae ROAD2 :<\/h3>\n<ul>\n<li>Adaptateur de p\u00e9dale clipsable Baseplate avec plaque composite Noyau en acier inoxydable<\/li>\n<li>Sangle avec fermeture velcro, r\u00e9gulateur en acier inoxydable et r\u00e9glage de la taille pour les pointures 35-46<\/li>\n<li><strong>Attention<\/strong> : les plaques m\u00e9talliques magped ROAD(2) et les plaques en plastique ROAD2 ne sont pas incluses.<\/li>\n<\/ul>\n<p style=\"font-weight: 400;\"><strong>Vis<\/strong><\/p>\n<ul>\n<li><em>6x t\u00eate plate M5x12mm<\/em><\/li>\n<li><em>6x t\u00eate frais\u00e9e M5x10mm<\/em><\/li>\n<li><em>6x rondelle M5<\/em><\/li>\n<\/ul>\n<p>*Les chaussons ou les p\u00e9dales ne sont pas inclus dans la livraison !<\/p>\n","protected":false},"excerpt":{"rendered":"<p>ClipClap pour magped ROAD2<\/p>\n","protected":false},"featured_media":168387,"template":"","meta":[],"product_brand":[],"product_cat":[118],"product_tag":[],"class_list":{"0":"post-168197","1":"product","2":"type-product","3":"status-publish","4":"has-post-thumbnail","6":"product_cat-zubehoer-fr","8":"first","9":"instock","10":"taxable","11":"shipping-taxable","12":"purchasable","13":"product-type-simple"},"_links":{"self":[{"href":"https:\/\/www.magped.com\/fr\/wp-json\/wp\/v2\/product\/168197","targetHints":{"allow":["GET"]}}],"collection":[{"href":"https:\/\/www.magped.com\/fr\/wp-json\/wp\/v2\/product"}],"about":[{"href":"https:\/\/www.magped.com\/fr\/wp-json\/wp\/v2\/types\/product"}],"wp:featuredmedia":[{"embeddable":true,"href":"https:\/\/www.magped.com\/fr\/wp-json\/wp\/v2\/media\/168387"}],"wp:attachment":[{"href":"https:\/\/www.magped.com\/fr\/wp-json\/wp\/v2\/media?parent=168197"}],"wp:term":[{"taxonomy":"product_brand","embeddable":true,"href":"https:\/\/www.magped.com\/fr\/wp-json\/wp\/v2\/product_brand?post=168197"},{"taxonomy":"product_cat","embeddable":true,"href":"https:\/\/www.magped.com\/fr\/wp-json\/wp\/v2\/product_cat?post=168197"},{"taxonomy":"product_tag","embeddable":true,"href":"https:\/\/www.magped.com\/fr\/wp-json\/wp\/v2\/product_tag?post=168197"}],"curies":[{"name":"wp","href":"https:\/\/api.w.org\/{rel}","templated":true}]}}