{"id":182285,"date":"2024-11-04T10:34:05","date_gmt":"2024-11-04T09:37:25","guid":{"rendered":"https:\/\/www.magped.com\/shop\/enduro2-kit-de-rafraichissement\/"},"modified":"2026-04-13T12:07:31","modified_gmt":"2026-04-13T10:07:31","slug":"enduro2-kit-de-rafraichissement","status":"publish","type":"product","link":"https:\/\/www.magped.com\/fr\/shop\/enduro2-kit-de-rafraichissement\/","title":{"rendered":"ENDURO2 kit de rafra\u00eechissement"},"content":{"rendered":"<p><b>ENDURO2 kit de rafra\u00eechissement<\/b><\/p>\n<p>compos\u00e9 de<\/p>\n<ul>\n<li>une paire d&rsquo;axes ENDURO2 en acier<\/li>\n<li>4 roulements \u00e0 billes<\/li>\n<li>2 paliers lisses IGUS<\/li>\n<li>2 capuchons d&rsquo;essieu int\u00e9rieurs<\/li>\n<li>2 capuchons d&rsquo;essieu ext\u00e9rieurs<\/li>\n<li>6 joints d&rsquo;\u00e9tanch\u00e9it\u00e9<\/li>\n<\/ul>\n","protected":false},"excerpt":{"rendered":"<p>ENDRUO2 kit de rafra\u00eechissement<\/p>\n","protected":false},"featured_media":182261,"template":"","meta":[],"product_brand":[],"product_cat":[118],"product_tag":[],"class_list":{"0":"post-182285","1":"product","2":"type-product","3":"status-publish","4":"has-post-thumbnail","6":"product_cat-zubehoer-fr","8":"first","9":"instock","10":"taxable","11":"shipping-taxable","12":"purchasable","13":"product-type-simple"},"_links":{"self":[{"href":"https:\/\/www.magped.com\/fr\/wp-json\/wp\/v2\/product\/182285","targetHints":{"allow":["GET"]}}],"collection":[{"href":"https:\/\/www.magped.com\/fr\/wp-json\/wp\/v2\/product"}],"about":[{"href":"https:\/\/www.magped.com\/fr\/wp-json\/wp\/v2\/types\/product"}],"wp:featuredmedia":[{"embeddable":true,"href":"https:\/\/www.magped.com\/fr\/wp-json\/wp\/v2\/media\/182261"}],"wp:attachment":[{"href":"https:\/\/www.magped.com\/fr\/wp-json\/wp\/v2\/media?parent=182285"}],"wp:term":[{"taxonomy":"product_brand","embeddable":true,"href":"https:\/\/www.magped.com\/fr\/wp-json\/wp\/v2\/product_brand?post=182285"},{"taxonomy":"product_cat","embeddable":true,"href":"https:\/\/www.magped.com\/fr\/wp-json\/wp\/v2\/product_cat?post=182285"},{"taxonomy":"product_tag","embeddable":true,"href":"https:\/\/www.magped.com\/fr\/wp-json\/wp\/v2\/product_tag?post=182285"}],"curies":[{"name":"wp","href":"https:\/\/api.w.org\/{rel}","templated":true}]}}