{"id":186305,"date":"2025-03-29T11:12:00","date_gmt":"2025-03-29T10:19:01","guid":{"rendered":"https:\/\/www.magped.com\/?post_type=product&#038;p=186305"},"modified":"2026-04-06T17:06:31","modified_gmt":"2026-04-06T15:06:31","slug":"gravity-kit-de-rafraichissement","status":"publish","type":"product","link":"https:\/\/www.magped.com\/fr\/shop\/gravity-kit-de-rafraichissement\/","title":{"rendered":"GRAVITY kit de rafra\u00eechissement"},"content":{"rendered":"<p><b>GRAVITY kit de rafra\u00eechissement<\/b><\/p>\n<p>compos\u00e9 de<\/p>\n<ul>\n<li>une paire d&rsquo;axes GRAVITY en acier<\/li>\n<li>4 roulements \u00e0 billes<\/li>\n<li>2 paliers lisses IGUS<\/li>\n<li>2 capuchons d&rsquo;essieu ext\u00e9rieurs<\/li>\n<li>4 joints d&rsquo;\u00e9tanch\u00e9it\u00e9<\/li>\n<\/ul>\n","protected":false},"excerpt":{"rendered":"<p>GRAVITY kit de rafra\u00eechissement<\/p>\n","protected":false},"featured_media":186298,"template":"","meta":[],"product_brand":[],"product_cat":[118],"product_tag":[],"class_list":{"0":"post-186305","1":"product","2":"type-product","3":"status-publish","4":"has-post-thumbnail","6":"product_cat-zubehoer-fr","8":"first","9":"instock","10":"taxable","11":"shipping-taxable","12":"purchasable","13":"product-type-simple"},"_links":{"self":[{"href":"https:\/\/www.magped.com\/fr\/wp-json\/wp\/v2\/product\/186305","targetHints":{"allow":["GET"]}}],"collection":[{"href":"https:\/\/www.magped.com\/fr\/wp-json\/wp\/v2\/product"}],"about":[{"href":"https:\/\/www.magped.com\/fr\/wp-json\/wp\/v2\/types\/product"}],"wp:featuredmedia":[{"embeddable":true,"href":"https:\/\/www.magped.com\/fr\/wp-json\/wp\/v2\/media\/186298"}],"wp:attachment":[{"href":"https:\/\/www.magped.com\/fr\/wp-json\/wp\/v2\/media?parent=186305"}],"wp:term":[{"taxonomy":"product_brand","embeddable":true,"href":"https:\/\/www.magped.com\/fr\/wp-json\/wp\/v2\/product_brand?post=186305"},{"taxonomy":"product_cat","embeddable":true,"href":"https:\/\/www.magped.com\/fr\/wp-json\/wp\/v2\/product_cat?post=186305"},{"taxonomy":"product_tag","embeddable":true,"href":"https:\/\/www.magped.com\/fr\/wp-json\/wp\/v2\/product_tag?post=186305"}],"curies":[{"name":"wp","href":"https:\/\/api.w.org\/{rel}","templated":true}]}}