{"id":199911,"date":"2026-02-06T09:10:51","date_gmt":"2026-02-06T08:10:51","guid":{"rendered":"https:\/\/www.magped.com\/shop\/glove\/"},"modified":"2026-02-19T14:43:58","modified_gmt":"2026-02-19T13:43:58","slug":"glove","status":"publish","type":"product","link":"https:\/\/www.magped.com\/fr\/shop\/glove\/","title":{"rendered":"GLOVE"},"content":{"rendered":"<h1>magped GLOVE<\/h1>\n<h2>Gants haut de gamme de la marque allemande KinetiXx<\/h2>\n<p>Les gants de cyclisme <strong>Luic C2G de KinetiXx<\/strong> sont le choix id\u00e9al pour tous ceux qui souhaitent prot\u00e9ger leurs mains avec des gants \u00e0 doigts longs lorsqu&rsquo;ils font du VTT. Le mat\u00e9riau sup\u00e9rieur robuste et \u00e9lastique, associ\u00e9 \u00e0 un l\u00e9ger renfort au niveau des doigts, offre une protection ergonomique contre les \u00e9gratignures et les chocs mineurs. Tout comme les mod\u00e8les de cross-country Keke et Eike, le Luic C2G est dot\u00e9 d&rsquo;une paume Xx Grip Pro. Celle-ci ne contient aucun rembourrage, mais offre une bonne adh\u00e9rence et une grande sensibilit\u00e9 tactile. Pour un confort optimal, la paume est compos\u00e9e \u00e0 50 % de micro-su\u00e8de recycl\u00e9, doux et souple. Des trous d&rsquo;a\u00e9ration sont \u00e9galement int\u00e9gr\u00e9s pour un contr\u00f4le optimal de la temp\u00e9rature. Gr\u00e2ce \u00e0 son poignet en n\u00e9opr\u00e8ne et \u00e0 sa fermeture auto-agrippante sur la tige, le gant s&rsquo;ajuste confortablement autour du poignet. De plus, le gant \u00e0 doigts longs Luic C2G est \u00e9quip\u00e9 d&rsquo;une fonction tactile au niveau de l&rsquo;index afin de pouvoir utiliser des appareils mobiles m\u00eame avec le gant. Les doigts de frein et de changement de vitesse sont \u00e9galement renforc\u00e9s par une impression en silicone pour \u00e9viter de glisser. Des \u00e9l\u00e9ments r\u00e9fl\u00e9chissants assurent \u00e9galement la visibilit\u00e9 dans l&rsquo;obscurit\u00e9. Si vous recherchez un gant long et protecteur qui soit \u00e9galement tactile et souple, le Luic C2C est le compagnon id\u00e9al pour votre prochaine aventure en VTT.          <\/p>\n<p>&nbsp;<\/p>\n<h2 class=\"zeobv-grouped-specifications-title\">Avantages :<\/h2>\n<div class=\"subheadline\">\n<ul>\n<li class=\"subheadline-text\">Revers en mati\u00e8re \u00e9lastique et robuste<\/li>\n<li class=\"subheadline-text\"><span style=\"font-size: 14.4px;\">Renfort l\u00e9ger au niveau des doigts<\/span><\/li>\n<li><span style=\"font-size: 14.4px;\">Paume Xx Grip Pro avec haute tactilit\u00e9 et fonction \u00e9cran tactile<\/span><\/li>\n<li><span style=\"font-size: 14.4px;\">Gants de cyclisme \u00e0 doigts longs, compos\u00e9s \u00e0 50 % de mat\u00e9riaux recycl\u00e9s<\/span><\/li>\n<li><span style=\"font-size: 14.4px;\">Renfort en silicone sur les doigts de frein et de changement de vitesse pour \u00e9viter de glisser sur le guidon<\/span><\/li>\n<\/ul>\n<\/div>\n","protected":false},"excerpt":{"rendered":"<p>magped GLOVE<\/p>\n","protected":false},"featured_media":199874,"template":"","meta":[],"product_brand":[],"product_cat":[118],"product_tag":[],"class_list":{"0":"post-199911","1":"product","2":"type-product","3":"status-publish","4":"has-post-thumbnail","6":"product_cat-zubehoer-fr","8":"first","9":"instock","10":"sale","11":"taxable","12":"shipping-taxable","13":"purchasable","14":"product-type-variable","15":"has-default-attributes"},"_links":{"self":[{"href":"https:\/\/www.magped.com\/fr\/wp-json\/wp\/v2\/product\/199911","targetHints":{"allow":["GET"]}}],"collection":[{"href":"https:\/\/www.magped.com\/fr\/wp-json\/wp\/v2\/product"}],"about":[{"href":"https:\/\/www.magped.com\/fr\/wp-json\/wp\/v2\/types\/product"}],"wp:featuredmedia":[{"embeddable":true,"href":"https:\/\/www.magped.com\/fr\/wp-json\/wp\/v2\/media\/199874"}],"wp:attachment":[{"href":"https:\/\/www.magped.com\/fr\/wp-json\/wp\/v2\/media?parent=199911"}],"wp:term":[{"taxonomy":"product_brand","embeddable":true,"href":"https:\/\/www.magped.com\/fr\/wp-json\/wp\/v2\/product_brand?post=199911"},{"taxonomy":"product_cat","embeddable":true,"href":"https:\/\/www.magped.com\/fr\/wp-json\/wp\/v2\/product_cat?post=199911"},{"taxonomy":"product_tag","embeddable":true,"href":"https:\/\/www.magped.com\/fr\/wp-json\/wp\/v2\/product_tag?post=199911"}],"curies":[{"name":"wp","href":"https:\/\/api.w.org\/{rel}","templated":true}]}}