{"id":67837,"date":"2019-11-22T08:05:35","date_gmt":"2019-11-22T07:05:35","guid":{"rendered":"https:\/\/www.magped.com\/shop\/ultra-rueckstrahler\/"},"modified":"2026-04-02T19:47:29","modified_gmt":"2026-04-02T17:47:29","slug":"reflecteur","status":"publish","type":"product","link":"https:\/\/www.magped.com\/fr\/shop\/reflecteur\/","title":{"rendered":"R\u00e9flecteur"},"content":{"rendered":"<p>Catadioptres homologu\u00e9s UE pour les p\u00e9dales magped SPORT2, ENDURO2, ULTRA et ULTRA2<\/p>\n<p>compos\u00e9 de 4 catadioptres<\/p>\n<p><span style=\"color: #ff0000;\">Convient uniquement aux magped SPORT2, ENDURO2, ULTRA et ULTRA2 !<\/span><\/p>\n<p>Les r\u00e9flecteurs doivent \u00eatre coll\u00e9s par le client lui-m\u00eame !<\/p>\n","protected":false},"excerpt":{"rendered":"<p>ensemble de r\u00e9flecteur<\/p>\n","protected":false},"featured_media":67838,"template":"","meta":[],"product_brand":[],"product_cat":[118],"product_tag":[],"class_list":{"0":"post-67837","1":"product","2":"type-product","3":"status-publish","4":"has-post-thumbnail","6":"product_cat-zubehoer-fr","8":"first","9":"instock","10":"taxable","11":"shipping-taxable","12":"purchasable","13":"product-type-simple"},"_links":{"self":[{"href":"https:\/\/www.magped.com\/fr\/wp-json\/wp\/v2\/product\/67837","targetHints":{"allow":["GET"]}}],"collection":[{"href":"https:\/\/www.magped.com\/fr\/wp-json\/wp\/v2\/product"}],"about":[{"href":"https:\/\/www.magped.com\/fr\/wp-json\/wp\/v2\/types\/product"}],"wp:featuredmedia":[{"embeddable":true,"href":"https:\/\/www.magped.com\/fr\/wp-json\/wp\/v2\/media\/67838"}],"wp:attachment":[{"href":"https:\/\/www.magped.com\/fr\/wp-json\/wp\/v2\/media?parent=67837"}],"wp:term":[{"taxonomy":"product_brand","embeddable":true,"href":"https:\/\/www.magped.com\/fr\/wp-json\/wp\/v2\/product_brand?post=67837"},{"taxonomy":"product_cat","embeddable":true,"href":"https:\/\/www.magped.com\/fr\/wp-json\/wp\/v2\/product_cat?post=67837"},{"taxonomy":"product_tag","embeddable":true,"href":"https:\/\/www.magped.com\/fr\/wp-json\/wp\/v2\/product_tag?post=67837"}],"curies":[{"name":"wp","href":"https:\/\/api.w.org\/{rel}","templated":true}]}}