{"id":141826,"date":"2021-11-09T11:26:30","date_gmt":"2021-11-09T10:26:30","guid":{"rendered":"https:\/\/www.magped.com\/istruzioni-di-recesso\/"},"modified":"2024-08-07T00:10:42","modified_gmt":"2024-08-06T22:10:42","slug":"istruzioni-di-recesso","status":"publish","type":"page","link":"https:\/\/www.magped.com\/it\/istruzioni-di-recesso\/","title":{"rendered":"ISTRUZIONI DI RECESSO"},"content":{"rendered":"<h1><font color = 95C121 >ISTRUZIONI DI RECESSO<\/font><\/h1>\n<h3><strong>Diritto di recesso<\/strong><\/h3>\n<p>Lei ha il diritto di recedere dal presente contratto entro quattordici giorni, senza doverne indicare i motivi.<\/p>\n<p>Il termine di recesso \u00e9 di quattordici giorni a decorrere da quello in cui Lei o una persona da Lei incaricata, che non pu\u00f2 essere il trasportatore, ha preso in consegna le merci.<\/p>\n<p>Per poter esercitare il Suo diritto di recesso, deve informare noi (magpad GmbH, Grubenweg 5, 6071 Aldrans, Austria, )\u00a0per mezzo di una dichiarazione esplicita (ad es. per posta, via fax o e-mail) della Sua decisione di recedere dal presente contratto. A questo scopo pu\u00f2 utilizzare il modulo di recesso allegato che per\u00f2 non \u00e9 obbligatorio.<\/p>\n<p>Per il rispetto del termine di recesso \u00e9 sufficiente che Lei invii la comunicazione con cui esercita il diritto di recesso entro la scadente del termine di recesso.<\/p>\n<h3><strong>Conseguenze del recesso<\/strong><\/h3>\n<p>Se Lei recede dal presente contratto, noi siamo tenuti rimborsarle tutti i pagamenti che abbiamo ricevuto da Lei, comprese le spese di spedizione (ad eccezione di spese eccedenti se Lei ha scelto un tipo di fornitura diversa da quella standard e pi\u00f9 conveniente da noi offerta), senza indugio ed al pi\u00f9 tardi entro quattordici giorni da quello in cui ci \u00e8 pervenuta la Sua comunicazione scritta del recesso del presente contratto. Per il rimborso utilizziamo il medesimo mezzo di pagamento che lei ha impiegato per la transazione originaria, sempre che non sia stato espressamente concordato con Lei qualcosa di diverso; in nessun caso Le verranno addebitati risarcimenti per questo rimborso. Possiamo per\u00f2 rifiutare il rimborso fintanto che le merci non ci verranno restituite inutilizzate e intatte o finch\u00e9 Lei non ci far\u00e0 avere la prova che ha rispedito le merci.<\/p>\n<p>Ci dovr\u00e0 rispedire o riconsegnare le merci senza indugio e comunque al pi\u00f9 tardi entro quattordici giorni da quello in cui ci avr\u00e0 informato del recesso dal presente contratto. Il termine s\u2019intende rispettato se Lei ci spedir\u00e0 le merci entro la scadenza del termine di quattordici giorni.<\/p>\n<p>I costi diretti per la restituzione delle merci sono a Suo carico. Lei risponder\u00e0 di un\u2019eventuale perdita delle merci solo se questa perdita sar\u00e0 imputabile a Lei per un trattamento non necessario per la verifica della qualit\u00e0, delle caratteristiche e della funzionalit\u00e0 delle merci..<\/p>\n<h3><strong>Modulo di recesso<\/strong><\/h3>\n<p>(Se intende recedere dal contratto, La preghiamo di compilare questo modulo e di rispedircelo.)<\/p>\n<p>\u2013 A<\/p>\n<p>magped GmbH<br \/>\nGrubenweg 1<br \/>\n6071 Aldrans<br \/>\nAustria<\/p>\n<p>\u2022 Con la presente recedo \/ recediamo (*) dal contratto da me\/ da noi stipulato (*) per l\u2019acquisto delle seguenti\u00a0 merci (*)\/ per la prestazione del seguente servizio (*)<\/p>\n<p>\u2022 Ordinazione del (*)\/ ricevimento il (*)<\/p>\n<p>\u2022 Nome del (dei) consumatore (i)<\/p>\n<p>\u2022 Indirizzo del (dei) consumatore (i)<\/p>\n<p>\u2022 Firma del (dei) consumatore (i) (solo in caso di comunicazione cartacea)<\/p>\n<p>\u2022 Data<\/p>\n","protected":false},"excerpt":{"rendered":"<p>ISTRUZIONI DI RECESSO Diritto di recesso Lei ha il diritto di recedere dal presente contratto entro quattordici giorni, senza doverne indicare i motivi. Il termine di recesso \u00e9 di quattordici giorni a decorrere da quello in cui Lei o una persona da Lei incaricata, che non pu\u00f2 essere il trasportatore, ha preso in consegna le&#8230;<\/p>\n","protected":false},"author":1,"featured_media":0,"parent":0,"menu_order":0,"comment_status":"closed","ping_status":"closed","template":"","meta":{"footnotes":""},"class_list":["post-141826","page","type-page","status-publish","hentry"],"_links":{"self":[{"href":"https:\/\/www.magped.com\/it\/wp-json\/wp\/v2\/pages\/141826","targetHints":{"allow":["GET"]}}],"collection":[{"href":"https:\/\/www.magped.com\/it\/wp-json\/wp\/v2\/pages"}],"about":[{"href":"https:\/\/www.magped.com\/it\/wp-json\/wp\/v2\/types\/page"}],"author":[{"embeddable":true,"href":"https:\/\/www.magped.com\/it\/wp-json\/wp\/v2\/users\/1"}],"replies":[{"embeddable":true,"href":"https:\/\/www.magped.com\/it\/wp-json\/wp\/v2\/comments?post=141826"}],"version-history":[{"count":0,"href":"https:\/\/www.magped.com\/it\/wp-json\/wp\/v2\/pages\/141826\/revisions"}],"wp:attachment":[{"href":"https:\/\/www.magped.com\/it\/wp-json\/wp\/v2\/media?parent=141826"}],"curies":[{"name":"wp","href":"https:\/\/api.w.org\/{rel}","templated":true}]}}