{"id":176326,"date":"2024-08-05T11:50:24","date_gmt":"2024-08-05T09:50:24","guid":{"rendered":"https:\/\/www.magped.com\/returns\/"},"modified":"2025-09-12T11:23:16","modified_gmt":"2025-09-12T09:23:16","slug":"returns","status":"publish","type":"page","link":"https:\/\/www.magped.com\/it\/returns\/","title":{"rendered":"returns"},"content":{"rendered":"\n\t<section class=\"section\" id=\"section_1208692617\">\n\t\t<div class=\"section-bg fill\" >\n\t\t\t\t\t\t\t\t\t\n\t\t\t\n\n\t\t<\/div>\n\n\t\t\n\n\t\t<div class=\"section-content relative\">\n\t\t\t\n\t<div id=\"gap-1309071447\" class=\"gap-element clearfix\" style=\"display:block; height:auto;\">\n\t\t\n<style>\n#gap-1309071447 {\n  padding-top: 30px;\n}\n@media (min-width:550px) {\n  #gap-1309071447 {\n    padding-top: 20px;\n  }\n}\n<\/style>\n\t<\/div>\n\t\n<div class=\"row align-center\"  id=\"row-503419639\">\n\n\t<div id=\"col-1647487368\" class=\"col medium-6 small-12 large-5\"  data-animate=\"bounceInUp\">\n\t\t\t\t<div class=\"col-inner text-center\"  >\n\t\t\t\n\t\t\t\n\t<div id=\"text-1689302200\" class=\"text collapse\">\n\t\t\n<p>Support<br \/>\n\t\t\t<\/div>\n\t\n\t<div id=\"gap-731625728\" class=\"gap-element clearfix\" style=\"display:block; height:auto;\">\n\t\t\n<style>\n#gap-731625728 {\n  padding-top: 10px;\n}\n<\/style>\n\t<\/div>\n\t\n\t<div id=\"text-2397085123\" class=\"text collapse h2\">\n\t\t\n<p>Diritto di Ritorno<br \/>\n\t\t\t<\/div>\n\t\n\t\t<\/div>\n\t\t\t\t\n<style>\n#col-1647487368 > .col-inner {\n  margin: 0px 0px 15px 0px;\n}\n<\/style>\n\t<\/div>\n\n\t\n<\/div>\n\t\t<\/div>\n\n\t\t\n<style>\n#section_1208692617 {\n  padding-top: 10px;\n  padding-bottom: 10px;\n  min-height: 0px;\n  background-color: rgb(255, 255, 255);\n}\n@media (min-width:550px) {\n  #section_1208692617 {\n    padding-top: 30px;\n    padding-bottom: 30px;\n  }\n}\n<\/style>\n\t<\/section>\n\t\n\n\t<section class=\"section\" id=\"section_1738675069\">\n\t\t<div class=\"section-bg fill\" >\n\t\t\t\t\t\t\t\t\t\n\t\t\t\n\n\t\t<\/div>\n\n\t\t\n\n\t\t<div class=\"section-content relative\">\n\t\t\t\n\t<div id=\"gap-817394594\" class=\"gap-element clearfix\" style=\"display:block; height:auto;\">\n\t\t\n<style>\n#gap-817394594 {\n  padding-top: 55px;\n}\n@media (min-width:550px) {\n  #gap-817394594 {\n    padding-top: 70px;\n  }\n}\n@media (min-width:850px) {\n  #gap-817394594 {\n    padding-top: 75px;\n  }\n}\n<\/style>\n\t<\/div>\n\t\n<div class=\"row align-center\"  id=\"row-1189969309\">\n\n\t<div id=\"col-595279303\" class=\"col medium-12 small-12 large-3\"  >\n\t\t<div class=\"is-sticky-column\"><div class=\"is-sticky-column__inner\">\t\t<div class=\"col-inner\" style=\"background-color:rgb(255, 255, 255);\" >\n\t\t\t\n\t\t\t\n\t<div class=\"ux-menu stack stack-col justify-start\">\n\t\t\n\n\t<div class=\"ux-menu-link flex menu-item\">\n\t\t<a class=\"ux-menu-link__link flex\" href=\"https:\/\/www.magped.com\/faq\/\" >\n\t\t\t\t\t\t<span class=\"ux-menu-link__text\">\n\t\t\t\tFAQ\t\t\t<\/span>\n\t\t<\/a>\n\t<\/div>\n\t\n\n\t<div class=\"ux-menu-link flex menu-item\">\n\t\t<a class=\"ux-menu-link__link flex\" href=\"https:\/\/www.magped.com\/shippings\/\" >\n\t\t\t\t\t\t<span class=\"ux-menu-link__text\">\n\t\t\t\tSpedizione\t\t\t<\/span>\n\t\t<\/a>\n\t<\/div>\n\t\n\n\t<div class=\"ux-menu-link flex menu-item\">\n\t\t<a class=\"ux-menu-link__link flex\" href=\"https:\/\/www.magped.com\/returns\/\" >\n\t\t\t\t\t\t<span class=\"ux-menu-link__text\">\n\t\t\t\tPolitica di cancellazione\t\t\t<\/span>\n\t\t<\/a>\n\t<\/div>\n\t\n\n\t<div class=\"ux-menu-link flex menu-item\">\n\t\t<a class=\"ux-menu-link__link flex\" href=\"https:\/\/www.magped.com\/payments\/\" >\n\t\t\t\t\t\t<span class=\"ux-menu-link__text\">\n\t\t\t\tPagamento\t\t\t<\/span>\n\t\t<\/a>\n\t<\/div>\n\t\n\n\t<div class=\"ux-menu-link flex menu-item\">\n\t\t<a class=\"ux-menu-link__link flex\" href=\"https:\/\/www.magped.com\/terms-and-conditions\/\" >\n\t\t\t\t\t\t<span class=\"ux-menu-link__text\">\n\t\t\t\tTermini e condizioni generali\t\t\t<\/span>\n\t\t<\/a>\n\t<\/div>\n\t\n\n\t<div class=\"ux-menu-link flex menu-item\">\n\t\t<a class=\"ux-menu-link__link flex\" href=\"https:\/\/www.magped.com\/privacy-policy\/\" >\n\t\t\t\t\t\t<span class=\"ux-menu-link__text\">\n\t\t\t\tInformazioni sulla protezione dei dati\t\t\t<\/span>\n\t\t<\/a>\n\t<\/div>\n\t\n\n\t<div class=\"ux-menu-link flex menu-item\">\n\t\t<a class=\"ux-menu-link__link flex\" href=\"https:\/\/www.magped.com\/impressum\/\" >\n\t\t\t\t\t\t<span class=\"ux-menu-link__text\">\n\t\t\t\tImpressum\t\t\t<\/span>\n\t\t<\/a>\n\t<\/div>\n\t\n\n\t<div class=\"ux-menu-link flex menu-item\">\n\t\t<a class=\"ux-menu-link__link flex\" href=\"https:\/\/www.magped.com\/contact\/\" >\n\t\t\t\t\t\t<span class=\"ux-menu-link__text\">\n\t\t\t\tContatto\t\t\t<\/span>\n\t\t<\/a>\n\t<\/div>\n\t\n\n\n\t<\/div>\n\t\n\t\t<\/div>\n\t\t<\/div><\/div>\t\t\n<style>\n#col-595279303 > .is-sticky-column > .is-sticky-column__inner > .col-inner {\n  padding: 10% 10% 7% 10%;\n  margin: 0px 0px 25px 0px;\n  border-radius: 20px;\n}\n@media (min-width:550px) {\n  #col-595279303 > .is-sticky-column > .is-sticky-column__inner > .col-inner {\n    padding: 5% 5% 5% 5%;\n  }\n}\n@media (min-width:850px) {\n  #col-595279303 > .is-sticky-column > .is-sticky-column__inner > .col-inner {\n    padding: 12% 15% 12% 15%;\n  }\n}\n<\/style>\n\t<\/div>\n\n\t\n\n\t<div id=\"col-95169698\" class=\"col medium-12 small-12 large-9 medium-col-first\"  >\n\t\t\t\t<div class=\"col-inner\"  >\n\t\t\t\n\t\t\t\n<p>30 Giorni soddisfatti o rimborsati: Sappiamo che scegliere un nuovo prodotto \u00e8 una decisione importante, per questo offriamo una garanzia di rimborso entro 30 giorni sui pedali usati poco. Potrete restituirli entro 30 giorni dalla consegna, con la massima tranquillit\u00e0. Vi ricordiamo che le spese di spedizione per il reso verso il Canada sono a carico dell\u2019acquirente e non forniamo etichette prepagate. Siamo orgogliosi della qualit\u00e0 dei nostri prodotti, e il nostro tasso di reso inferiore all\u20191% a livello globale ne \u00e8 la prova. <\/p>\n<h4>Rimborso<\/h4>\n<p>Il prezzo d\u2019acquisto sar\u00e0 rimborsato immediatamente tramite il metodo di pagamento utilizzato per l\u2019ordine, quando avremo ricevuto la merce. Per i rimborsi con carta di credito, potrebbero essere necessari fino a 10 giorni prima di vedere l\u2019importo accreditato sull\u2019estratto conto della carta di credito. <\/p>\n<h4>Prodotti difettosi<\/h4>\n<p>La merce difettosa verr\u00e0 sostituita immediatamente e gratuitamente, a meno che il danno non sia stato causato dal cliente.<\/p>\n<h4>Come posso restituire la merce<\/h4>\n<p>Si prega di inviare la merce a:<\/p>\n<p> magped GmbH<\/p>\n<p> Grubenweg 1<\/p>\n<p> 6071 Aldrans<\/p>\n<p> Austria<\/p>\n<p>Non offriamo buoni di restituzione.<\/p>\n<h4>Diritto di cancellazione<\/h4>\n<p>Il cliente ha il diritto di annullare il presente contratto entro 30 giorni senza fornire alcuna motivazione.<\/p>\n<p>Il termine di cancellazione \u00e8 di quattordici giorni dal giorno in cui il cliente o un terzo da lui nominato, che non sia il vettore, ha preso possesso della merce.<\/p>\n<p>Per esercitare il diritto di recesso, dovete informarci (magpad GmbH, Grubenweg 5, 6071 Aldrans, Austria, ) della vostra decisione di recedere dal presente contratto con una dichiarazione chiara (ad esempio una lettera inviata per posta, fax o e-mail). \u00c8 possibile utilizzare il modulo di recesso allegato, ma non \u00e8 obbligatorio. <\/p>\n<p>Per rispettare il termine di cancellazione, \u00e8 sufficiente che il cliente invii la notifica di esercizio del diritto di cancellazione prima della scadenza del periodo di cancellazione.<\/p>\n<h4>Conseguenze della cancellazione<\/h4>\n<p>Se Lei recede dal presente contratto, Le rimborseremo tutti i pagamenti da Lei ricevuti, compresi i costi di consegna (ad eccezione dei costi supplementari derivanti dalla Sua scelta di un tipo di consegna diverso dal tipo meno costoso di consegna standard da noi offerto), senza indebito ritardo e in ogni caso non oltre 14 giorni dal giorno in cui siamo informati della Sua decisione di recedere dal presente contratto. Per questo rimborso, utilizzeremo lo stesso mezzo di pagamento che avete utilizzato per la transazione originale, a meno che non sia stato espressamente concordato diversamente con voi; in nessun caso vi saranno addebitate spese per questo rimborso. Potremo trattenere il rimborso finch\u00e9 non avremo ricevuto la merce o finch\u00e9 il cliente non avr\u00e0 fornito la prova di averla restituita, a seconda di quale delle due condizioni si verifichi per prima.  <\/p>\n<p>Dovete restituirci o consegnarci la merce immediatamente e comunque entro e non oltre quattordici giorni dal giorno in cui ci avete informato della cancellazione del presente contratto. Il termine \u00e8 rispettato se la merce viene spedita prima della scadenza del periodo di quattordici giorni. <\/p>\n<p>I costi diretti della restituzione della merce sono a carico del cliente. Il Cliente sar\u00e0 responsabile solo di eventuali diminuzioni del valore della merce derivanti da una manipolazione diversa da quella necessaria per stabilire la natura, le caratteristiche e il funzionamento della merce. <\/p>\n<h4>Esempio di modulo di cancellazione<\/h4>\n<p>(Se si desidera annullare il contratto, si prega di compilare il presente modulo e di restituirlo).<\/p>\n<p>&#8211; A<\/p>\n<p>magped GmbH<\/p>\n<p>Grubenweg 1<\/p>\n<p>6071 Aldrans<\/p>\n<p>Austria<\/p>\n<p>&#8211; Io\/noi (*) revochiamo il contratto da me\/noi (*) stipulato per l&#8217;acquisto dei seguenti beni (*)\/la fornitura del seguente servizio (*)<\/p>\n<p>&#8211; Ordinato il (*)\/ricevuto il (*)<\/p>\n<p>&#8211; Nome del\/i consumatore\/i<\/p>\n<p>&#8211; Indirizzo del\/i consumatore\/i<\/p>\n<p>&#8211; Firma del\/i consumatore\/i (solo per la notifica su carta)<\/p>\n<p>&#8211; data<\/p>\n<\/p>\n\t\t<\/div>\n\t\t\t\t\n<style>\n#col-95169698 > .col-inner {\n  padding: 0px 0px 0% 0px;\n  border-radius: 30px;\n}\n@media (min-width:550px) {\n  #col-95169698 > .col-inner {\n    padding: 0px 0px 0px 0px;\n  }\n}\n@media (min-width:850px) {\n  #col-95169698 > .col-inner {\n    padding: 0px 0px 0px 6%;\n  }\n}\n<\/style>\n\t<\/div>\n\n\t\n<\/div>\n\t<div id=\"gap-265400327\" class=\"gap-element clearfix\" style=\"display:block; height:auto;\">\n\t\t\n<style>\n#gap-265400327 {\n  padding-top: 20px;\n}\n@media (min-width:550px) {\n  #gap-265400327 {\n    padding-top: 50px;\n  }\n}\n<\/style>\n\t<\/div>\n\t\n<div class=\"row align-center\"  id=\"row-1489758935\">\n\n\n\t<div id=\"col-605396112\" class=\"col small-12 large-12\"  >\n\t\t\t\t<div class=\"col-inner dark\"  >\n\t\t\t\n\t\t\t\n\n<div class=\"row row-collapse align-middle\"  id=\"row-554065255\">\n\n\n\t<div id=\"col-343181949\" class=\"col medium-12 small-12 large-8\"  >\n\t\t\t\t<div class=\"col-inner\"  >\n\t\t\t\n\t\t\t\n\n<div class=\"row row-collapse align-middle align-center\"  id=\"row-942041095\">\n\n\n\t<div id=\"col-1254974085\" class=\"col medium-12 small-12 large-3\"  >\n\t\t\t\t<div class=\"col-inner text-left\"  >\n\t\t\t\n\t\t\t\n\n\t<div id=\"stack-537619627\" class=\"stack stack-row justify-start items-stretch md:justify-center\">\n\t\t\n\n\t<div id=\"text-1032302449\" class=\"text round-corners collapse\">\n\t\t\n\n<p><img loading=\"lazy\" decoding=\"async\" class=\"alignnone wp-image-1269\" src=\"\/wp-content\/uploads\/2024\/09\/any_questions.jpg\" alt=\"\" width=\"135\" height=\"94\"><\/p>\n\n\t\t\t<\/div>\n\t\n\n\t\t\n<style>\n#stack-537619627 > * {\n  --stack-gap: 0rem;\n}\n<\/style>\n\t<\/div>\n\t\n\n\t\t<\/div>\n\t\t\t\t\t<\/div>\n\n\t\n\n\t<div id=\"col-1472820289\" class=\"col medium-9 small-12 large-9\"  >\n\t\t\t\t<div class=\"col-inner\"  >\n\t\t\t\n\t\t\t\n\n\t<div id=\"text-3956221457\" class=\"text h3 collapse\">\n\t\t\n\nAvete domande?\n\t\t\n<style>\n#text-3956221457 {\n  text-align: center;\n}\n@media (min-width:850px) {\n  #text-3956221457 {\n    text-align: left;\n  }\n}\n<\/style>\n\t<\/div>\n\t\n\t<div id=\"gap-870658476\" class=\"gap-element clearfix\" style=\"display:block; height:auto;\">\n\t\t\n<style>\n#gap-870658476 {\n  padding-top: 10px;\n}\n<\/style>\n\t<\/div>\n\t\n\n\t<div id=\"text-2044262146\" class=\"text collapse\">\n\t\t\n\nNon esitate a contattarci in qualsiasi momento.\n\t\t\n<style>\n#text-2044262146 {\n  text-align: center;\n}\n@media (min-width:850px) {\n  #text-2044262146 {\n    text-align: left;\n  }\n}\n<\/style>\n\t<\/div>\n\t\n\n\t\t<\/div>\n\t\t\t\t\n<style>\n#col-1472820289 > .col-inner {\n  padding: 30px 0px 0px 0px;\n  margin: 0px 0px 0px 0px;\n}\n@media (min-width:550px) {\n  #col-1472820289 > .col-inner {\n    padding: 20px 0px 0px 0px;\n  }\n}\n@media (min-width:850px) {\n  #col-1472820289 > .col-inner {\n    padding: 0px 0px 0px 0px;\n  }\n}\n<\/style>\n\t<\/div>\n\n\t\n\n<\/div>\n\n\t\t<\/div>\n\t\t\t\t\n<style>\n#col-343181949 > .col-inner {\n  padding: 0px 0px 30px 0px;\n}\n@media (min-width:850px) {\n  #col-343181949 > .col-inner {\n    padding: 0px 0px 0px 0px;\n  }\n}\n<\/style>\n\t<\/div>\n\n\t\n\n\t<div id=\"col-980252619\" class=\"col medium-12 small-12 large-4\"  >\n\t\t\t\t<div class=\"col-inner\"  >\n\t\t\t\n\t\t\t\n\n\t<div id=\"stack-2344907939\" class=\"stack stack-row justify-center items-stretch sm:stack-col\">\n\t\t\n\n<a href=\"https:\/\/www.magped.com\/it\/contact\/\" class=\"button secondary is-large collapse\" >\n\t\t<span>Contatto magped<\/span>\n\t<\/a>\n\n\n\n\t\t\n<style>\n#stack-2344907939 > * {\n  --stack-gap: 0.5rem;\n}\n<\/style>\n\t<\/div>\n\t\n\n\t\t<\/div>\n\t\t\t\t\t<\/div>\n\n\t\n\n\n<style>\n#row-554065255 > .col > .col-inner {\n  border-radius: 20px;\n}\n<\/style>\n<\/div>\n\n\t\t<\/div>\n\t\t\t\t\n<style>\n#col-605396112 > .col-inner {\n  margin: 0px 0px -30px 0px;\n}\n<\/style>\n\t<\/div>\n\n\t\n\n\n<style>\n#row-1489758935 > .col > .col-inner {\n  padding: 10% 10% 10% 10%;\n  background-color: #161616;\n  border-radius: 20px;\n}\n@media (min-width:550px) {\n  #row-1489758935 > .col > .col-inner {\n    padding: 5% 5% 5% 5%;\n  }\n}\n@media (min-width:850px) {\n  #row-1489758935 > .col > .col-inner {\n    padding: 2% 2% 2% 2%;\n  }\n}\n<\/style>\n<\/div>\n\t\t<\/div>\n\n\t\t\n<style>\n#section_1738675069 {\n  padding-top: 0px;\n  padding-bottom: 0px;\n  background-color: rgb(247, 247, 247);\n}\n@media (min-width:550px) {\n  #section_1738675069 {\n    padding-top: 0px;\n    padding-bottom: 0px;\n  }\n}\n@media (min-width:850px) {\n  #section_1738675069 {\n    padding-top: 0px;\n    padding-bottom: 0px;\n  }\n}\n<\/style>\n\t<\/section>\n\t\n","protected":false},"excerpt":{"rendered":"","protected":false},"author":1,"featured_media":0,"parent":0,"menu_order":0,"comment_status":"closed","ping_status":"closed","template":"page-blank.php","meta":{"footnotes":""},"class_list":["post-176326","page","type-page","status-publish","hentry"],"_links":{"self":[{"href":"https:\/\/www.magped.com\/it\/wp-json\/wp\/v2\/pages\/176326","targetHints":{"allow":["GET"]}}],"collection":[{"href":"https:\/\/www.magped.com\/it\/wp-json\/wp\/v2\/pages"}],"about":[{"href":"https:\/\/www.magped.com\/it\/wp-json\/wp\/v2\/types\/page"}],"author":[{"embeddable":true,"href":"https:\/\/www.magped.com\/it\/wp-json\/wp\/v2\/users\/1"}],"replies":[{"embeddable":true,"href":"https:\/\/www.magped.com\/it\/wp-json\/wp\/v2\/comments?post=176326"}],"version-history":[{"count":5,"href":"https:\/\/www.magped.com\/it\/wp-json\/wp\/v2\/pages\/176326\/revisions"}],"predecessor-version":[{"id":195769,"href":"https:\/\/www.magped.com\/it\/wp-json\/wp\/v2\/pages\/176326\/revisions\/195769"}],"wp:attachment":[{"href":"https:\/\/www.magped.com\/it\/wp-json\/wp\/v2\/media?parent=176326"}],"curies":[{"name":"wp","href":"https:\/\/api.w.org\/{rel}","templated":true}]}}