{"id":176386,"date":"2024-08-05T12:42:10","date_gmt":"2024-08-05T10:42:10","guid":{"rendered":"https:\/\/www.magped.com\/terms-and-conditions\/"},"modified":"2024-08-08T17:49:54","modified_gmt":"2024-08-08T15:49:54","slug":"terms-and-conditions","status":"publish","type":"page","link":"https:\/\/www.magped.com\/it\/terms-and-conditions\/","title":{"rendered":"Terms and conditions"},"content":{"rendered":"\n\t<section class=\"section\" id=\"section_1623586880\">\n\t\t<div class=\"section-bg fill\" >\n\t\t\t\t\t\t\t\t\t\n\t\t\t\n\n\t\t<\/div>\n\n\t\t\n\n\t\t<div class=\"section-content relative\">\n\t\t\t\n\t<div id=\"gap-1374390165\" class=\"gap-element clearfix\" style=\"display:block; height:auto;\">\n\t\t\n<style>\n#gap-1374390165 {\n  padding-top: 30px;\n}\n@media (min-width:550px) {\n  #gap-1374390165 {\n    padding-top: 20px;\n  }\n}\n<\/style>\n\t<\/div>\n\t\n<div class=\"row align-center\"  id=\"row-2092482980\">\n\n\t<div id=\"col-382255238\" class=\"col medium-6 small-12 large-5\"  data-animate=\"bounceInUp\">\n\t\t\t\t<div class=\"col-inner text-center\"  >\n\t\t\t\n\t\t\t\n\t<div id=\"text-4246510619\" class=\"text collapse\">\n\t\t\n<p>Supporto<br \/>\n\t\t\t<\/div>\n\t\n\t<div id=\"gap-441473967\" class=\"gap-element clearfix\" style=\"display:block; height:auto;\">\n\t\t\n<style>\n#gap-441473967 {\n  padding-top: 10px;\n}\n<\/style>\n\t<\/div>\n\t\n\t<div id=\"text-2551649111\" class=\"text collapse h2\">\n\t\t\n<p>Termini e condizioni generali<br \/>\n\t\t\t<\/div>\n\t\n\t\t<\/div>\n\t\t\t\t\n<style>\n#col-382255238 > .col-inner {\n  margin: 0px 0px 15px 0px;\n}\n<\/style>\n\t<\/div>\n\n\t\n<\/div>\n\t\t<\/div>\n\n\t\t\n<style>\n#section_1623586880 {\n  padding-top: 10px;\n  padding-bottom: 10px;\n  min-height: 0px;\n  background-color: rgb(255, 255, 255);\n}\n@media (min-width:550px) {\n  #section_1623586880 {\n    padding-top: 30px;\n    padding-bottom: 30px;\n  }\n}\n<\/style>\n\t<\/section>\n\t\n\n\t<section class=\"section\" id=\"section_1307060905\">\n\t\t<div class=\"section-bg fill\" >\n\t\t\t\t\t\t\t\t\t\n\t\t\t\n\n\t\t<\/div>\n\n\t\t\n\n\t\t<div class=\"section-content relative\">\n\t\t\t\n\t<div id=\"gap-434174077\" class=\"gap-element clearfix\" style=\"display:block; height:auto;\">\n\t\t\n<style>\n#gap-434174077 {\n  padding-top: 55px;\n}\n@media (min-width:550px) {\n  #gap-434174077 {\n    padding-top: 70px;\n  }\n}\n@media (min-width:850px) {\n  #gap-434174077 {\n    padding-top: 75px;\n  }\n}\n<\/style>\n\t<\/div>\n\t\n<div class=\"row align-center\"  id=\"row-1888034196\">\n\n\t<div id=\"col-664134221\" class=\"col medium-12 small-12 large-3\"  >\n\t\t<div class=\"is-sticky-column\"><div class=\"is-sticky-column__inner\">\t\t<div class=\"col-inner\" style=\"background-color:rgb(255, 255, 255);\" >\n\t\t\t\n\t\t\t\n\t<div class=\"ux-menu stack stack-col justify-start\">\n\t\t\n\n\t<div class=\"ux-menu-link flex menu-item\">\n\t\t<a class=\"ux-menu-link__link flex\" href=\"https:\/\/www.magped.com\/faq\/\" >\n\t\t\t\t\t\t<span class=\"ux-menu-link__text\">\n\t\t\t\tFAQ\t\t\t<\/span>\n\t\t<\/a>\n\t<\/div>\n\t\n\n\t<div class=\"ux-menu-link flex menu-item\">\n\t\t<a class=\"ux-menu-link__link flex\" href=\"https:\/\/www.magped.com\/shippings\/\" >\n\t\t\t\t\t\t<span class=\"ux-menu-link__text\">\n\t\t\t\tSpedizione\t\t\t<\/span>\n\t\t<\/a>\n\t<\/div>\n\t\n\n\t<div class=\"ux-menu-link flex menu-item\">\n\t\t<a class=\"ux-menu-link__link flex\" href=\"https:\/\/www.magped.com\/returns\/\" >\n\t\t\t\t\t\t<span class=\"ux-menu-link__text\">\n\t\t\t\tPolitica di cancellazione\t\t\t<\/span>\n\t\t<\/a>\n\t<\/div>\n\t\n\n\t<div class=\"ux-menu-link flex menu-item\">\n\t\t<a class=\"ux-menu-link__link flex\" href=\"https:\/\/www.magped.com\/payments\/\" >\n\t\t\t\t\t\t<span class=\"ux-menu-link__text\">\n\t\t\t\tPagamento\t\t\t<\/span>\n\t\t<\/a>\n\t<\/div>\n\t\n\n\t<div class=\"ux-menu-link flex menu-item\">\n\t\t<a class=\"ux-menu-link__link flex\" href=\"https:\/\/www.magped.com\/terms-and-conditions\/\" >\n\t\t\t\t\t\t<span class=\"ux-menu-link__text\">\n\t\t\t\tTermini e condizioni generali\t\t\t<\/span>\n\t\t<\/a>\n\t<\/div>\n\t\n\n\t<div class=\"ux-menu-link flex menu-item\">\n\t\t<a class=\"ux-menu-link__link flex\" href=\"https:\/\/www.magped.com\/privacy-policy\/\" >\n\t\t\t\t\t\t<span class=\"ux-menu-link__text\">\n\t\t\t\tInformazioni sulla protezione dei dati\t\t\t<\/span>\n\t\t<\/a>\n\t<\/div>\n\t\n\n\t<div class=\"ux-menu-link flex menu-item\">\n\t\t<a class=\"ux-menu-link__link flex\" href=\"https:\/\/www.magped.com\/impressum\/\" >\n\t\t\t\t\t\t<span class=\"ux-menu-link__text\">\n\t\t\t\tImpressum\t\t\t<\/span>\n\t\t<\/a>\n\t<\/div>\n\t\n\n\t<div class=\"ux-menu-link flex menu-item\">\n\t\t<a class=\"ux-menu-link__link flex\" href=\"https:\/\/www.magped.com\/contact\/\" >\n\t\t\t\t\t\t<span class=\"ux-menu-link__text\">\n\t\t\t\tContatto\t\t\t<\/span>\n\t\t<\/a>\n\t<\/div>\n\t\n\n\n\t<\/div>\n\t\n\t\t<\/div>\n\t\t<\/div><\/div>\t\t\n<style>\n#col-664134221 > .is-sticky-column > .is-sticky-column__inner > .col-inner {\n  padding: 10% 10% 7% 10%;\n  margin: 0px 0px 25px 0px;\n  border-radius: 20px;\n}\n@media (min-width:550px) {\n  #col-664134221 > .is-sticky-column > .is-sticky-column__inner > .col-inner {\n    padding: 5% 5% 5% 5%;\n  }\n}\n@media (min-width:850px) {\n  #col-664134221 > .is-sticky-column > .is-sticky-column__inner > .col-inner {\n    padding: 12% 15% 12% 15%;\n  }\n}\n<\/style>\n\t<\/div>\n\n\t\n\n\t<div id=\"col-1915962030\" class=\"col medium-12 small-12 large-9 medium-col-first\"  >\n\t\t\t\t<div class=\"col-inner\"  >\n\t\t\t\n\t\t\t\n<p>AMBITO DI APPLICAZIONE: Tutti i nostri rapporti commerciali si basano sulle seguenti Condizioni Generali di Contratto (di seguito denominate CGC). Condizioni generali di contratto diverse da quelle dei clienti non saranno riconosciute e non diventeranno parte del contratto. Se le presenti CG si riferiscono ai consumatori, le relative disposizioni si applicano esclusivamente ai consumatori soggetti alla legge sulla tutela dei consumatori. Le disposizioni delle CGV si applicano nella misura in cui non vi siano disposizioni obbligatorie (ad esempio della legge sulla tutela dei consumatori) che le contraddicano.   <\/p>\n<p>OFFERTA &#8211; CONCLUSIONE DEL CONTRATTO: Tutte le offerte sono soggette a modifiche e non obbligano la magped GmbH ad eseguire la prestazione. Prima di inviare un&#8217;offerta tramite il webshop della magped GmbH, il cliente verr\u00e0 informato sulle fasi tecniche che portano alla conclusione del contratto. Un contratto d&#8217;acquisto vincolante si conclude solo con la trasmissione della nostra conferma d&#8217;ordine. La conferma d&#8217;ordine verr\u00e0 inviata al cliente via e-mail poco dopo il ricevimento dell&#8217;ordine. Il contratto pu\u00f2 essere stipulato solo in tedesco o in inglese.    <\/p>\n<p>DIRITTO DI RECESSO PER I CONSUMATORI: I consumatori hanno il diritto di recedere dal presente contratto entro quattordici giorni senza dover fornire alcuna motivazione. Il termine di recesso \u00e8 di quattordici giorni dal giorno in cui il consumatore o un terzo da lui nominato, che non sia il vettore, \u00e8 entrato in possesso dell&#8217;ultima merce o dell&#8217;ultima spedizione parziale. Per esercitare il vostro diritto di recesso, dovete informarci della vostra decisione di recedere dal contratto mediante una chiara dichiarazione scritta (lettera raccomandata, fax o e-mail). A tal fine, potete utilizzare il modulo di recesso allegato.    Per rispettare il termine di cancellazione, \u00e8 sufficiente che il cliente invii la notifica di esercizio del diritto di cancellazione prima della scadenza del periodo di cancellazione. Conseguenze del recesso: In caso di recesso dal presente contratto, vi rimborseremo tutti i pagamenti da voi ricevuti, compresi i costi di consegna (ad eccezione dei costi supplementari derivanti dalla vostra scelta di un tipo di consegna diverso dal tipo meno costoso di consegna standard da noi offerto), senza indebito ritardo e in ogni caso non oltre 14 giorni dal giorno in cui siamo stati informati della vostra decisione di recedere dal contratto. Per questo rimborso, utilizzeremo lo stesso mezzo di pagamento che avete utilizzato per la transazione originale, a meno che non sia stato espressamente concordato diversamente con voi; in nessun caso vi sar\u00e0 addebitato alcun costo per questo rimborso. Tuttavia, potremmo rifiutarci di effettuare il rimborso fino a quando non avremo ricevuto la merce in condizioni inutilizzate e non danneggiate o fino a quando non avremo fornito la prova di aver restituito la merce. Dovete restituirci o consegnarci la merce immediatamente e in ogni caso entro e non oltre quattordici giorni dal giorno in cui ci avete informato dell&#8217;annullamento del contratto. Il termine \u00e8 rispettato se la merce viene spedita prima della scadenza del periodo di quattordici giorni.     I costi diretti della restituzione della merce sono a carico del cliente. Il cliente \u00e8 tenuto a pagare l&#8217;eventuale perdita di valore della merce solo se tale perdita di valore \u00e8 dovuta a una manipolazione della merce non necessaria per verificarne lo stato, le propriet\u00e0 e la funzionalit\u00e0. <\/p>\n<p>MODULO DI ANNULLAMENTO: Se si desidera annullare il contratto, compilare e restituire il presente modulo:<\/p>\n<p>A [registrato per posta, via e-mail o via fax secondo l&#8217;impronta]: &#8211; Io\/noi (*) revochiamo il contratto concluso da me\/noi (*) per l&#8217;acquisto dei seguenti beni (*) &#8211; Ordinati il (*)\/ricevuti il (*) &#8211; Nome del\/dei consumatore\/i &#8211; Indirizzo del\/dei consumatore\/i &#8211; Firma del\/dei consumatore\/i (solo per la notifica su carta) &#8211; Data<\/p>\n<p>CONSEGNA &#8211; TRASPORTO &#8211; ASSUNZIONE DEL RISCHIO &#8211; SCADENZE: In assenza di un esplicito accordo scritto contrario, la nostra merce si intende venduta &#8220;franco fabbrica&#8221; (magped GmbH, Grubenweg 1, 6071 Aldrans, Austria) per quanto riguarda l&#8217;assunzione del rischio, anche se la consegna avviene franco destino con un veicolo nostro o di terzi o in parti. Sono ammesse consegne parziali. Le nostre informazioni sui termini di consegna non sono generalmente vincolanti. Sono esclusi i diritti del cliente per danni dovuti a ritardi nell&#8217;adempimento.   <\/p>\n<p>GARANZIA: forniamo una garanzia per la qualit\u00e0 contrattuale dei nostri prodotti in conformit\u00e0 alle disposizioni di legge. Il periodo di garanzia per le aziende \u00e8 di 12 mesi. Le denunce di difetti devono essere effettuate per iscritto con lettera raccomandata senza indugio, ma al pi\u00f9 tardi entro 7 giorni dal ricevimento della merce, altrimenti non saranno valide. In caso di difetti, il consumatore ha diritto alla sostituzione o alla rettifica. Fa fede la data del timbro postale. La magped GmbH pu\u00f2 soddisfare i diritti di garanzia giustificati a sua discrezione non solo mediante sostituzione o miglioramento, ma anche mediante riduzione del prezzo o conversione. Piccole differenze nelle dimensioni o nei colori non giustificano un reclamo. Se il reclamo non viene presentato in tempo o nella forma indicata, la merce si considera approvata.       <\/p>\n<p>RESPONSABILIT\u00c0: Sono escluse le richieste di risarcimento danni da parte del cliente. Sono escluse le richieste di risarcimento danni da parte del cliente per lesioni personali e per danni basati su una violazione intenzionale o gravemente negligente degli obblighi. In caso di violazione di obblighi contrattuali essenziali, il Fornitore \u00e8 generalmente responsabile solo per i danni prevedibili tipici del contratto, se questi sono stati causati da semplice negligenza. Gli obblighi contrattuali essenziali sono quelli il cui adempimento \u00e8 necessario per raggiungere l&#8217;obiettivo del contratto.   <\/p>\n<p>Le disposizioni della legge sulla responsabilit\u00e0 del prodotto rimangono inalterate.<\/p>\n<p>PAGAMENTO: I pagamenti devono essere effettuati contro fattura, con carta di credito, in contanti o in contrassegno senza alcuna detrazione.<\/p>\n<p>RITENUTA DI PROPRIETA&#8217;: La merce da noi consegnata rimane di nostra propriet\u00e0 fino al ricevimento del pagamento completo.<\/p>\n<p>TRATTAMENTO DEI DATI: magped GmbH raccoglie i dati dei clienti nell&#8217;ambito dell&#8217;elaborazione dei contratti in conformit\u00e0 alle disposizioni di legge. Senza il consenso del cliente, l&#8217;offerente raccoglier\u00e0, elaborer\u00e0 o utilizzer\u00e0 i dati di inventario e di utilizzo del cliente solo nella misura in cui ci\u00f2 sia necessario per lo svolgimento del rapporto contrattuale e per l&#8217;utilizzo e la fatturazione dei mezzi telematici. Senza il consenso del cliente, magped GmbH non utilizzer\u00e0 i dati del cliente per scopi pubblicitari, di mercato o di ricerca di opinioni.  <\/p>\n<p>LUOGO DI ESECUZIONE &#8211; GIURISDIZIONE &#8211; LEGGE APPLICABILE: Il luogo di adempimento per la consegna e il pagamento \u00e8 Aldrans; ci\u00f2 vale anche se la consegna avviene in un luogo diverso, come concordato. Il rapporto contrattuale sar\u00e0 regolato dalla legge della Repubblica d&#8217;Austria, ad esclusione della Convenzione delle Nazioni Unite sui contratti di vendita internazionale di beni. Il foro competente esclusivo per tutte le controversie derivanti dal rapporto contrattuale \u00e8 il tribunale competente per Aldrans. Tuttavia, abbiamo anche il diritto di intentare un&#8217;azione legale presso il foro generale del cliente. Il contratto rimarr\u00e0 vincolante nelle sue parti rimanenti anche se singoli punti sono legalmente non validi. I punti non validi saranno sostituiti dalle disposizioni di legge, ove applicabili. Tuttavia, se ci\u00f2 rappresenta una difficolt\u00e0 irragionevole per una delle parti contraenti, il contratto nel suo complesso diventa nullo.      <\/p>\n\t\t<\/div>\n\t\t\t\t\n<style>\n#col-1915962030 > .col-inner {\n  padding: 0px 0px 0% 0px;\n  border-radius: 30px;\n}\n@media (min-width:550px) {\n  #col-1915962030 > .col-inner {\n    padding: 0px 0px 0px 0px;\n  }\n}\n@media (min-width:850px) {\n  #col-1915962030 > .col-inner {\n    padding: 0px 0px 0px 6%;\n  }\n}\n<\/style>\n\t<\/div>\n\n\t\n<\/div>\n\t<div id=\"gap-473000854\" class=\"gap-element clearfix\" style=\"display:block; height:auto;\">\n\t\t\n<style>\n#gap-473000854 {\n  padding-top: 20px;\n}\n@media (min-width:550px) {\n  #gap-473000854 {\n    padding-top: 50px;\n  }\n}\n<\/style>\n\t<\/div>\n\t\n<div class=\"row align-center\"  id=\"row-1778022089\">\n\n\n\t<div id=\"col-2113693623\" class=\"col small-12 large-12\"  >\n\t\t\t\t<div class=\"col-inner dark\"  >\n\t\t\t\n\t\t\t\n\n<div class=\"row row-collapse align-middle\"  id=\"row-48345379\">\n\n\n\t<div id=\"col-1254438260\" class=\"col medium-12 small-12 large-8\"  >\n\t\t\t\t<div class=\"col-inner\"  >\n\t\t\t\n\t\t\t\n\n<div class=\"row row-collapse align-middle align-center\"  id=\"row-979334539\">\n\n\n\t<div id=\"col-732829111\" class=\"col medium-12 small-12 large-3\"  >\n\t\t\t\t<div class=\"col-inner text-left\"  >\n\t\t\t\n\t\t\t\n\n\t<div id=\"stack-2800203224\" class=\"stack stack-row justify-start items-stretch md:justify-center\">\n\t\t\n\n\t<div id=\"text-3649807090\" class=\"text round-corners collapse\">\n\t\t\n\n<p><img loading=\"lazy\" decoding=\"async\" class=\"alignnone wp-image-1269\" src=\"\/wp-content\/uploads\/2024\/09\/any_questions.jpg\" alt=\"\" width=\"135\" height=\"94\"><\/p>\n\n\t\t\t<\/div>\n\t\n\n\t\t\n<style>\n#stack-2800203224 > * {\n  --stack-gap: 0rem;\n}\n<\/style>\n\t<\/div>\n\t\n\n\t\t<\/div>\n\t\t\t\t\t<\/div>\n\n\t\n\n\t<div id=\"col-42659005\" class=\"col medium-9 small-12 large-9\"  >\n\t\t\t\t<div class=\"col-inner\"  >\n\t\t\t\n\t\t\t\n\n\t<div id=\"text-3905345430\" class=\"text h3 collapse\">\n\t\t\n\nAvete domande?\n\t\t\n<style>\n#text-3905345430 {\n  text-align: center;\n}\n@media (min-width:850px) {\n  #text-3905345430 {\n    text-align: left;\n  }\n}\n<\/style>\n\t<\/div>\n\t\n\t<div id=\"gap-1342229635\" class=\"gap-element clearfix\" style=\"display:block; height:auto;\">\n\t\t\n<style>\n#gap-1342229635 {\n  padding-top: 10px;\n}\n<\/style>\n\t<\/div>\n\t\n\n\t<div id=\"text-3688818530\" class=\"text collapse\">\n\t\t\n\nNon esitate a contattarci in qualsiasi momento.\n\t\t\n<style>\n#text-3688818530 {\n  text-align: center;\n}\n@media (min-width:850px) {\n  #text-3688818530 {\n    text-align: left;\n  }\n}\n<\/style>\n\t<\/div>\n\t\n\n\t\t<\/div>\n\t\t\t\t\n<style>\n#col-42659005 > .col-inner {\n  padding: 30px 0px 0px 0px;\n  margin: 0px 0px 0px 0px;\n}\n@media (min-width:550px) {\n  #col-42659005 > .col-inner {\n    padding: 20px 0px 0px 0px;\n  }\n}\n@media (min-width:850px) {\n  #col-42659005 > .col-inner {\n    padding: 0px 0px 0px 0px;\n  }\n}\n<\/style>\n\t<\/div>\n\n\t\n\n<\/div>\n\n\t\t<\/div>\n\t\t\t\t\n<style>\n#col-1254438260 > .col-inner {\n  padding: 0px 0px 30px 0px;\n}\n@media (min-width:850px) {\n  #col-1254438260 > .col-inner {\n    padding: 0px 0px 0px 0px;\n  }\n}\n<\/style>\n\t<\/div>\n\n\t\n\n\t<div id=\"col-121685948\" class=\"col medium-12 small-12 large-4\"  >\n\t\t\t\t<div class=\"col-inner\"  >\n\t\t\t\n\t\t\t\n\n\t<div id=\"stack-823590873\" class=\"stack stack-row justify-center items-stretch sm:stack-col\">\n\t\t\n\n<a href=\"https:\/\/www.magped.com\/it\/contact\/\" class=\"button secondary is-large collapse\" >\n\t\t<span>Contatto magped<\/span>\n\t<\/a>\n\n\n\n\t\t\n<style>\n#stack-823590873 > * {\n  --stack-gap: 0.5rem;\n}\n<\/style>\n\t<\/div>\n\t\n\n\t\t<\/div>\n\t\t\t\t\t<\/div>\n\n\t\n\n\n<style>\n#row-48345379 > .col > .col-inner {\n  border-radius: 20px;\n}\n<\/style>\n<\/div>\n\n\t\t<\/div>\n\t\t\t\t\n<style>\n#col-2113693623 > .col-inner {\n  margin: 0px 0px -30px 0px;\n}\n<\/style>\n\t<\/div>\n\n\t\n\n\n<style>\n#row-1778022089 > .col > .col-inner {\n  padding: 10% 10% 10% 10%;\n  background-color: #161616;\n  border-radius: 20px;\n}\n@media (min-width:550px) {\n  #row-1778022089 > .col > .col-inner {\n    padding: 5% 5% 5% 5%;\n  }\n}\n@media (min-width:850px) {\n  #row-1778022089 > .col > .col-inner {\n    padding: 2% 2% 2% 2%;\n  }\n}\n<\/style>\n<\/div>\n\t\t<\/div>\n\n\t\t\n<style>\n#section_1307060905 {\n  padding-top: 0px;\n  padding-bottom: 0px;\n  background-color: rgb(247, 247, 247);\n}\n@media (min-width:550px) {\n  #section_1307060905 {\n    padding-top: 0px;\n    padding-bottom: 0px;\n  }\n}\n@media (min-width:850px) {\n  #section_1307060905 {\n    padding-top: 0px;\n    padding-bottom: 0px;\n  }\n}\n<\/style>\n\t<\/section>\n\t\n","protected":false},"excerpt":{"rendered":"","protected":false},"author":1,"featured_media":0,"parent":0,"menu_order":0,"comment_status":"closed","ping_status":"closed","template":"page-blank.php","meta":{"footnotes":""},"class_list":["post-176386","page","type-page","status-publish","hentry"],"_links":{"self":[{"href":"https:\/\/www.magped.com\/it\/wp-json\/wp\/v2\/pages\/176386","targetHints":{"allow":["GET"]}}],"collection":[{"href":"https:\/\/www.magped.com\/it\/wp-json\/wp\/v2\/pages"}],"about":[{"href":"https:\/\/www.magped.com\/it\/wp-json\/wp\/v2\/types\/page"}],"author":[{"embeddable":true,"href":"https:\/\/www.magped.com\/it\/wp-json\/wp\/v2\/users\/1"}],"replies":[{"embeddable":true,"href":"https:\/\/www.magped.com\/it\/wp-json\/wp\/v2\/comments?post=176386"}],"version-history":[{"count":0,"href":"https:\/\/www.magped.com\/it\/wp-json\/wp\/v2\/pages\/176386\/revisions"}],"wp:attachment":[{"href":"https:\/\/www.magped.com\/it\/wp-json\/wp\/v2\/media?parent=176386"}],"curies":[{"name":"wp","href":"https:\/\/api.w.org\/{rel}","templated":true}]}}