{"id":199135,"date":"2026-01-13T08:48:27","date_gmt":"2026-01-13T07:48:27","guid":{"rendered":"https:\/\/www.magped.com\/blog\/"},"modified":"2026-02-06T12:25:03","modified_gmt":"2026-02-06T11:25:03","slug":"blog","status":"publish","type":"page","link":"https:\/\/www.magped.com\/it\/blog\/","title":{"rendered":"Blog"},"content":{"rendered":"\n\t<section class=\"section\" id=\"section_715895953\">\n\t\t<div class=\"section-bg fill\" >\n\t\t\t\t\t\t\t\t\t\n\t\t\t\n\n\t\t<\/div>\n\n\t\t\n\n\t\t<div class=\"section-content relative\">\n\t\t\t\n<div class=\"row align-center\"  id=\"row-491923975\">\n\n\t<div id=\"col-427866768\" class=\"col medium-9 small-11 large-9\"  data-animate=\"bounceInUp\">\n\t\t\t\t<div class=\"col-inner text-center\"  >\n\t\t\t\n\t\t\t\n\t<div id=\"text-404346732\" class=\"text tagline body-pastel\">\n\t\t\n<p>IL BLOG DEL PEDALE<\/p>\n\t\t\t<\/div>\n\t\n<h1>Dietro le quinte \u2013 il blog di magped<\/h1>\n\t<div id=\"gap-762530909\" class=\"gap-element clearfix\" style=\"display:block; height:auto;\">\n\t\t\n<style>\n#gap-762530909 {\n  padding-top: 15px;\n}\n<\/style>\n\t<\/div>\n\t\n\t<div id=\"text-2335921426\" class=\"text collapse\">\n\t\t\n<p>Qui trovi argomenti interessanti relativi ai pedali per biciclette.<\/p>\n\t\t\t<\/div>\n\t\n\t\t<\/div>\n\t\t\t\t\n<style>\n#col-427866768 > .col-inner {\n  margin: 0px 0px -30px 0px;\n}\n@media (min-width:550px) {\n  #col-427866768 > .col-inner {\n    margin: 0px 0px -30px 0px;\n  }\n}\n<\/style>\n\t<\/div>\n\n\t\n<\/div>\n\t\t<\/div>\n\n\t\t\n<style>\n#section_715895953 {\n  padding-top: 30px;\n  padding-bottom: 30px;\n}\n<\/style>\n\t<\/section>\n\t\n\n\t<section class=\"section\" id=\"section_629774759\">\n\t\t<div class=\"section-bg fill\" >\n\t\t\t\t\t\t\t\t\t\n\t\t\t\n\n\t\t<\/div>\n\n\t\t\n\n\t\t<div class=\"section-content relative\">\n\t\t\t\n<div class=\"row align-equal align-center\"  id=\"row-1232030878\">\n\n\t<div id=\"col-900796677\" class=\"col medium-10 small-12 large-12\"  >\n\t\t\t\t<div class=\"col-inner\"  >\n\t\t\t\n\t\t\t\n<div class=\"row align-equal\"  id=\"row-19749289\">\n\n\t<div id=\"col-511252410\" class=\"col medium-12 small-12 large-12\"  >\n\t\t\t\t<div class=\"col-inner\"  >\n\t\t\t\n\t<div class=\"is-border\"\n\t\tstyle=\"border-width:0px 0px 0px 0px;margin:0px 0px 0px 0px;\">\n\t<\/div>\n\t\t\t\n<div class=\"row row-collapse align-middle align-center\"  id=\"row-759814294\">\n\n\t<div id=\"col-777700646\" class=\"col medium-11 small-12 large-11\"  >\n\t\t\t\t<div class=\"col-inner text-left\"  >\n\t\t\t\n\t\t\t\n\n  \n    <div class=\"row blog-card large-columns-1 medium-columns-1 small-columns-1 has-shadow row-box-shadow-3-hover\" >\n  <div class=\"col post-item\" >\n\t\t\t<div class=\"col-inner\">\n\t\t\t\t<div class=\"box box-vertical box-text-top box-blog-post has-hover\">\n            \t\t\t\t\t<div class=\"box-image\" style=\"width:50%;\">\n  \t\t\t\t\t\t<div class=\"image-cover\" style=\"padding-top:70%;\">\n\t\t\t\t\t\t\t<a href=\"https:\/\/www.magped.com\/it\/anda\/\" class=\"plain\" aria-label=\"ANDA\">\n\t\t\t\t\t\t\t\t<img loading=\"lazy\" decoding=\"async\" width=\"300\" height=\"200\" src=\"https:\/\/www.magped.com\/wp-content\/uploads\/2026\/03\/ANDA-Crew-PM-300x200.jpg\" class=\"attachment-medium size-medium wp-post-image\" alt=\"\" srcset=\"https:\/\/www.magped.com\/wp-content\/uploads\/2026\/03\/ANDA-Crew-PM-300x200.jpg 300w, https:\/\/www.magped.com\/wp-content\/uploads\/2026\/03\/ANDA-Crew-PM-1024x683.jpg 1024w, https:\/\/www.magped.com\/wp-content\/uploads\/2026\/03\/ANDA-Crew-PM-150x100.jpg 150w, https:\/\/www.magped.com\/wp-content\/uploads\/2026\/03\/ANDA-Crew-PM-768x512.jpg 768w, https:\/\/www.magped.com\/wp-content\/uploads\/2026\/03\/ANDA-Crew-PM-1536x1024.jpg 1536w, https:\/\/www.magped.com\/wp-content\/uploads\/2026\/03\/ANDA-Crew-PM-2048x1365.jpg 2048w, https:\/\/www.magped.com\/wp-content\/uploads\/2026\/03\/ANDA-Crew-PM-1280x853.jpg 1280w\" sizes=\"auto, (max-width: 300px) 100vw, 300px\">\t\t\t\t\t\t\t<\/a>\n  \t\t\t\t\t\t\t  \t\t\t\t\t\t\t  \t\t\t\t\t\t<\/div>\n  \t\t\t\t\t\t  \t\t\t\t\t<\/div>\n          \t\t\t\t\t<div class=\"box-text text-left\" style=\"padding:0px 20px 40px 20px;\">\n\t\t\t\t\t<div class=\"box-text-inner blog-post-inner\">\n\n\t\t\t\t\t\n\t\t\t\t\t\t\t\t\t\t\t<p class=\"cat-label tag-label is-xxsmall op-7 uppercase\">\n\t\t\t\t\tStoria \t\t\t\t\t<\/p>\n\t\t\t\t\t\t\t\t\t\t<h5 class=\"post-title is-large \">\n\t\t\t\t\t\t<a href=\"https:\/\/www.magped.com\/it\/anda\/\" class=\"plain\">ANDA<\/a>\n\t\t\t\t\t<\/h5>\n\t\t\t\t\t\t\t\t\t\t<div class=\"is-divider\"><\/div>\n\t\t\t\t\t\t\t\t\t\t<p class=\"from_the_blog_excerpt \">\n\t\t\t\t\t\tmagped x ANDA Cycling Collective: maggiore presenza, pi\u00f9 punti di contatto, pi\u00f9 potere magnetico in Germania magped non \u00e8 pi\u00f9 un segreto. In Germania, da anni assistiamo a un forte aumento dell&#8217;interesse per i pedali magnetici: maggiore controllo, maggiore sicurezza,...\t\t\t\t\t<\/p>\n\t\t\t\t\t                    \n\t\t\t\t\t\t\t\t\t\t\t<a href=\"https:\/\/www.magped.com\/it\/anda\/\" class=\"button primary is-link is-large mb-0\">\n\t\t\t\t\t\t\t...all&#039;articolo\t\t\t\t\t\t<\/a>\n\t\t\t\t\t\n\t\t\t\t\t\n\t\t\t\t\t<\/div>\n\t\t\t\t\t<\/div>\n\t\t\t\t\t\t\t\t\t<\/div>\n\t\t\t<\/div>\n\t\t<\/div><div class=\"col post-item\" >\n\t\t\t<div class=\"col-inner\">\n\t\t\t\t<div class=\"box box-vertical box-text-top box-blog-post has-hover\">\n            \t\t\t\t\t<div class=\"box-image\" style=\"width:50%;\">\n  \t\t\t\t\t\t<div class=\"image-cover\" style=\"padding-top:70%;\">\n\t\t\t\t\t\t\t<a href=\"https:\/\/www.magped.com\/it\/posizione-perfetta-del-pedale\/\" class=\"plain\" aria-label=\"Posizione perfetta del pedale\">\n\t\t\t\t\t\t\t\t<img loading=\"lazy\" decoding=\"async\" width=\"219\" height=\"300\" src=\"https:\/\/www.magped.com\/wp-content\/uploads\/2026\/02\/foot_position_baseline-219x300.png\" class=\"attachment-medium size-medium wp-post-image\" alt=\"\" srcset=\"https:\/\/www.magped.com\/wp-content\/uploads\/2026\/02\/foot_position_baseline-219x300.png 219w, https:\/\/www.magped.com\/wp-content\/uploads\/2026\/02\/foot_position_baseline-747x1024.png 747w, https:\/\/www.magped.com\/wp-content\/uploads\/2026\/02\/foot_position_baseline-109x150.png 109w, https:\/\/www.magped.com\/wp-content\/uploads\/2026\/02\/foot_position_baseline-768x1052.png 768w, https:\/\/www.magped.com\/wp-content\/uploads\/2026\/02\/foot_position_baseline.png 864w\" sizes=\"auto, (max-width: 219px) 100vw, 219px\">\t\t\t\t\t\t\t<\/a>\n  \t\t\t\t\t\t\t  \t\t\t\t\t\t\t  \t\t\t\t\t\t<\/div>\n  \t\t\t\t\t\t  \t\t\t\t\t<\/div>\n          \t\t\t\t\t<div class=\"box-text text-left\" style=\"padding:0px 20px 40px 20px;\">\n\t\t\t\t\t<div class=\"box-text-inner blog-post-inner\">\n\n\t\t\t\t\t\n\t\t\t\t\t\t\t\t\t\t\t<p class=\"cat-label tag-label is-xxsmall op-7 uppercase\">\n\t\t\t\t\tStoria \t\t\t\t\t<\/p>\n\t\t\t\t\t\t\t\t\t\t<h5 class=\"post-title is-large \">\n\t\t\t\t\t\t<a href=\"https:\/\/www.magped.com\/it\/posizione-perfetta-del-pedale\/\" class=\"plain\">Posizione perfetta del pedale<\/a>\n\t\t\t\t\t<\/h5>\n\t\t\t\t\t\t\t\t\t\t<div class=\"is-divider\"><\/div>\n\t\t\t\t\t\t\t\t\t\t<p class=\"from_the_blog_excerpt \">\n\t\t\t\t\t\tIl mito della posizione &#8220;perfetta&#8221; del pedale (e come trovare quella giusta per te) Mani sul manubrio, sedere sulla sella. Passiamo ore a ossessionarci sulla lunghezza dell&#8217;attacco manubrio o sull&#8217;altezza della sella, ma spesso ignoriamo il motore della nostra bicicletta:...\t\t\t\t\t<\/p>\n\t\t\t\t\t                    \n\t\t\t\t\t\t\t\t\t\t\t<a href=\"https:\/\/www.magped.com\/it\/posizione-perfetta-del-pedale\/\" class=\"button primary is-link is-large mb-0\">\n\t\t\t\t\t\t\t...all&#039;articolo\t\t\t\t\t\t<\/a>\n\t\t\t\t\t\n\t\t\t\t\t\n\t\t\t\t\t<\/div>\n\t\t\t\t\t<\/div>\n\t\t\t\t\t\t\t\t\t<\/div>\n\t\t\t<\/div>\n\t\t<\/div><div class=\"col post-item\" >\n\t\t\t<div class=\"col-inner\">\n\t\t\t\t<div class=\"box box-vertical box-text-top box-blog-post has-hover\">\n            \t\t\t\t\t<div class=\"box-image\" style=\"width:50%;\">\n  \t\t\t\t\t\t<div class=\"image-cover\" style=\"padding-top:70%;\">\n\t\t\t\t\t\t\t<a href=\"https:\/\/www.magped.com\/it\/pedalare-con-disabilita\/\" class=\"plain\" aria-label=\"Pedalare con disabilit\u00e0\">\n\t\t\t\t\t\t\t\t<img loading=\"lazy\" decoding=\"async\" width=\"258\" height=\"300\" src=\"https:\/\/www.magped.com\/wp-content\/uploads\/2026\/01\/Prothese-258x300.jpeg\" class=\"attachment-medium size-medium wp-post-image\" alt=\"\" srcset=\"https:\/\/www.magped.com\/wp-content\/uploads\/2026\/01\/Prothese-258x300.jpeg 258w, https:\/\/www.magped.com\/wp-content\/uploads\/2026\/01\/Prothese-881x1024.jpeg 881w, https:\/\/www.magped.com\/wp-content\/uploads\/2026\/01\/Prothese-129x150.jpeg 129w, https:\/\/www.magped.com\/wp-content\/uploads\/2026\/01\/Prothese-768x893.jpeg 768w, https:\/\/www.magped.com\/wp-content\/uploads\/2026\/01\/Prothese.jpeg 1015w\" sizes=\"auto, (max-width: 258px) 100vw, 258px\">\t\t\t\t\t\t\t<\/a>\n  \t\t\t\t\t\t\t  \t\t\t\t\t\t\t  \t\t\t\t\t\t<\/div>\n  \t\t\t\t\t\t  \t\t\t\t\t<\/div>\n          \t\t\t\t\t<div class=\"box-text text-left\" style=\"padding:0px 20px 40px 20px;\">\n\t\t\t\t\t<div class=\"box-text-inner blog-post-inner\">\n\n\t\t\t\t\t\n\t\t\t\t\t\t\t\t\t\t\t<p class=\"cat-label tag-label is-xxsmall op-7 uppercase\">\n\t\t\t\t\tStoria \t\t\t\t\t<\/p>\n\t\t\t\t\t\t\t\t\t\t<h5 class=\"post-title is-large \">\n\t\t\t\t\t\t<a href=\"https:\/\/www.magped.com\/it\/pedalare-con-disabilita\/\" class=\"plain\">Pedalare con disabilit\u00e0<\/a>\n\t\t\t\t\t<\/h5>\n\t\t\t\t\t\t\t\t\t\t<div class=\"is-divider\"><\/div>\n\t\t\t\t\t\t\t\t\t\t<p class=\"from_the_blog_excerpt \">\n\t\t\t\t\t\tPedalare con disabilit\u00e0: i pedali magnetici sono la chiave per una nuova mobilit\u00e0? Andare in bicicletta \u00e8 molto pi\u00f9 di un semplice spostamento. Per le persone con disabilit\u00e0 fisiche, \u00e8 una porta verso una maggiore mobilit\u00e0, indipendenza e qualit\u00e0 della...\t\t\t\t\t<\/p>\n\t\t\t\t\t                    \n\t\t\t\t\t\t\t\t\t\t\t<a href=\"https:\/\/www.magped.com\/it\/pedalare-con-disabilita\/\" class=\"button primary is-link is-large mb-0\">\n\t\t\t\t\t\t\t...all&#039;articolo\t\t\t\t\t\t<\/a>\n\t\t\t\t\t\n\t\t\t\t\t\n\t\t\t\t\t<\/div>\n\t\t\t\t\t<\/div>\n\t\t\t\t\t\t\t\t\t<\/div>\n\t\t\t<\/div>\n\t\t<\/div><div class=\"col post-item\" >\n\t\t\t<div class=\"col-inner\">\n\t\t\t\t<div class=\"box box-vertical box-text-top box-blog-post has-hover\">\n            \t\t\t\t\t<div class=\"box-image\" style=\"width:50%;\">\n  \t\t\t\t\t\t<div class=\"image-cover\" style=\"padding-top:70%;\">\n\t\t\t\t\t\t\t<a href=\"https:\/\/www.magped.com\/it\/capodanno-2026\/\" class=\"plain\" aria-label=\"Capodanno 2026\">\n\t\t\t\t\t\t\t\t<img loading=\"lazy\" decoding=\"async\" width=\"300\" height=\"219\" src=\"https:\/\/www.magped.com\/wp-content\/uploads\/2026\/01\/happy_new_year_2026_road2-300x219.jpg\" class=\"attachment-medium size-medium wp-post-image\" alt=\"\" srcset=\"https:\/\/www.magped.com\/wp-content\/uploads\/2026\/01\/happy_new_year_2026_road2-300x219.jpg 300w, https:\/\/www.magped.com\/wp-content\/uploads\/2026\/01\/happy_new_year_2026_road2-1024x747.jpg 1024w, https:\/\/www.magped.com\/wp-content\/uploads\/2026\/01\/happy_new_year_2026_road2-150x109.jpg 150w, https:\/\/www.magped.com\/wp-content\/uploads\/2026\/01\/happy_new_year_2026_road2-768x560.jpg 768w, https:\/\/www.magped.com\/wp-content\/uploads\/2026\/01\/happy_new_year_2026_road2.jpg 1184w\" sizes=\"auto, (max-width: 300px) 100vw, 300px\">\t\t\t\t\t\t\t<\/a>\n  \t\t\t\t\t\t\t  \t\t\t\t\t\t\t  \t\t\t\t\t\t<\/div>\n  \t\t\t\t\t\t  \t\t\t\t\t<\/div>\n          \t\t\t\t\t<div class=\"box-text text-left\" style=\"padding:0px 20px 40px 20px;\">\n\t\t\t\t\t<div class=\"box-text-inner blog-post-inner\">\n\n\t\t\t\t\t\n\t\t\t\t\t\t\t\t\t\t\t<p class=\"cat-label tag-label is-xxsmall op-7 uppercase\">\n\t\t\t\t\tStoria \t\t\t\t\t<\/p>\n\t\t\t\t\t\t\t\t\t\t<h5 class=\"post-title is-large \">\n\t\t\t\t\t\t<a href=\"https:\/\/www.magped.com\/it\/capodanno-2026\/\" class=\"plain\">Capodanno 2026<\/a>\n\t\t\t\t\t<\/h5>\n\t\t\t\t\t\t\t\t\t\t<div class=\"is-divider\"><\/div>\n\t\t\t\t\t\t\t\t\t\t<p class=\"from_the_blog_excerpt \">\n\t\t\t\t\t\tAnno nuovo, fiducia in te stesso rinnovata: come i pedali giusti possono cambiare i tuoi obiettivi ciclistici per il 2026 Gennaio \u00e8 pieno di possibilit\u00e0. Nuovi obiettivi, nuova motivazione e il desiderio di rendere quest&#8217;anno il migliore di sempre. Per...\t\t\t\t\t<\/p>\n\t\t\t\t\t                    \n\t\t\t\t\t\t\t\t\t\t\t<a href=\"https:\/\/www.magped.com\/it\/capodanno-2026\/\" class=\"button primary is-link is-large mb-0\">\n\t\t\t\t\t\t\t...all&#039;articolo\t\t\t\t\t\t<\/a>\n\t\t\t\t\t\n\t\t\t\t\t\n\t\t\t\t\t<\/div>\n\t\t\t\t\t<\/div>\n\t\t\t\t\t\t\t\t\t<\/div>\n\t\t\t<\/div>\n\t\t<\/div><\/div>\n\t\t<\/div>\n\t\t\t\t\n<style>\n#col-777700646 > .col-inner {\n  padding: 30px 0px 0px 0px;\n}\n<\/style>\n\t<\/div>\n\n\t\n<\/div>\n\t\t<\/div>\n\t\t\t\t\n<style>\n#col-511252410 > .col-inner {\n  padding: 0px 0px 0px 0px;\n  margin: 0px 0px 0px 0px;\n}\n<\/style>\n\t<\/div>\n\n\t\n\n<style>\n#row-19749289 > .col > .col-inner {\n  padding: 25px 25px 15px 25px;\n  background-color: #f2ece2;\n  border-radius: 20px;\n}\n<\/style>\n<\/div>\n\t\t<\/div>\n\t\t\t\t\n<style>\n#col-900796677 > .col-inner {\n  margin: 0px 0px -50px 0px;\n}\n<\/style>\n\t<\/div>\n\n\t\n<\/div>\n\t\t<\/div>\n\n\t\t\n<style>\n#section_629774759 {\n  padding-top: 30px;\n  padding-bottom: 30px;\n}\n<\/style>\n\t<\/section>\n\t\n","protected":false},"excerpt":{"rendered":"","protected":false},"author":1,"featured_media":0,"parent":0,"menu_order":0,"comment_status":"closed","ping_status":"closed","template":"page-blank.php","meta":{"footnotes":""},"class_list":["post-199135","page","type-page","status-publish","hentry"],"_links":{"self":[{"href":"https:\/\/www.magped.com\/it\/wp-json\/wp\/v2\/pages\/199135","targetHints":{"allow":["GET"]}}],"collection":[{"href":"https:\/\/www.magped.com\/it\/wp-json\/wp\/v2\/pages"}],"about":[{"href":"https:\/\/www.magped.com\/it\/wp-json\/wp\/v2\/types\/page"}],"author":[{"embeddable":true,"href":"https:\/\/www.magped.com\/it\/wp-json\/wp\/v2\/users\/1"}],"replies":[{"embeddable":true,"href":"https:\/\/www.magped.com\/it\/wp-json\/wp\/v2\/comments?post=199135"}],"version-history":[{"count":5,"href":"https:\/\/www.magped.com\/it\/wp-json\/wp\/v2\/pages\/199135\/revisions"}],"predecessor-version":[{"id":199974,"href":"https:\/\/www.magped.com\/it\/wp-json\/wp\/v2\/pages\/199135\/revisions\/199974"}],"wp:attachment":[{"href":"https:\/\/www.magped.com\/it\/wp-json\/wp\/v2\/media?parent=199135"}],"curies":[{"name":"wp","href":"https:\/\/api.w.org\/{rel}","templated":true}]}}