{"id":184357,"date":"2025-03-22T09:27:13","date_gmt":"2025-03-22T08:27:13","guid":{"rendered":"https:\/\/www.magped.com\/?post_type=product&#038;p=184357"},"modified":"2026-03-17T07:41:12","modified_gmt":"2026-03-17T06:41:12","slug":"magped-gravity","status":"publish","type":"product","link":"https:\/\/www.magped.com\/it\/shop\/magped-gravity\/","title":{"rendered":"magped GRAVITY"},"content":{"rendered":"<h1><strong>pedale magped GRAVITY<\/strong><\/h1>\n<p>Domina ogni Trail con il magped GRAVITY, il pedale progettato per superare ogni limite. Sviluppato per enduro e downhill, questo pedale offre un controllo e un grip senza pari, grazie a una combinazione di design innovativo e materiali di altissima qualit\u00e0. <\/p>\n<p><strong>Posizione perfetta per il massimo controllo:<\/strong><\/p>\n<p>A differenza dell&#8217;ENDURO2, il GRAVITY posiziona il magnete in avanti rispetto all&#8217;asse di rotazione, per una posizione del piede pi\u00f9 avanzata e centrata, ideale per affrontare le discese pi\u00f9 tecniche. Questa configurazione ottimizza equilibrio, stabilit\u00e0 e controllo, offrendoti un vantaggio competitivo cruciale.   <\/p>\n<p><strong>Costruito per resistere a ogni impatto:<\/strong><\/p>\n<p>Realizzato in alluminio 7075, una lega ad alte prestazioni utilizzata in ambito aeronautico, lavorato a CNC con tolleranze minime, il GRAVITY \u00e8 incredibilmente robusto e leggero. Il mandrino in acciaio rinforzato da 12 mm e i PIN SWITCH intercambiabili (9\/11 mm) garantiscono una presa eccezionale e una resistenza senza compromessi anche negli atterraggi pi\u00f9 duri. La piattaforma pi\u00f9 ampia rispetto all&#8217;ENDURO2 aumenta ulteriormente la stabilit\u00e0 e il controllo.  <\/p>\n<ul>\n<li><strong>Resistenza senza compromessi:<\/strong> il mandrino in acciaio rinforzato da 12 mm assorbe l&#8217;impatto degli atterraggi pi\u00f9 duri e garantisce un&#8217;affidabilit\u00e0 incrollabile.<\/li>\n<li><strong>Presa migliorata: <\/strong>gli aggressivi perni intercambiabili SWITCH (9 mm\/11 mm) offrono una presa eccezionale e una sicurezza per il piede, per non volare fuori pista anche nelle condizioni pi\u00f9 difficili.<\/li>\n<li><strong>Piattaforma pi\u00f9 grande:<\/strong> una piattaforma leggermente pi\u00f9 grande rispetto a quella dell&#8217;ENDURO2 offre maggiore stabilit\u00e0 e controllo, per affrontare con sicurezza qualsiasi percorso in discesa.<\/li>\n<\/ul>\n<p><strong>Caratteristiche principali:<\/strong><\/p>\n<ul>\n<li><strong>Alluminio 7075 fresato a CNC:<\/strong> corpo del pedale indistruttibile<\/li>\n<li><strong>Pin di commutazione variabili (9mm\/11mm):<\/strong> Configurazione dei pin personalizzabile per prestazioni individuali<\/li>\n<li><strong>Asse rinforzato da 12 mm:<\/strong> costruito per resistere a carichi e impatti estremi<\/li>\n<li><strong>Posizionamento ottimizzato del magnete:<\/strong> posizione centrata del piede per un controllo eccezionale in discesa<\/li>\n<\/ul>\n<p><strong>Specifiche:<\/strong><\/p>\n<ul>\n<li><strong>Peso per coppia (senza perni):<\/strong>\n<ul>\n<li>GRAVITY 150: 488g<\/li>\n<li>GRAVITY 200: 518g<\/li>\n<\/ul>\n<\/li>\n<li><strong>Dimensioni:<\/strong> lunghezza=112mm larghezza=110mm altezza=17mm<\/li>\n<\/ul>\n<p>&nbsp;<\/p>\n<h3><strong>Stop just riding. Start conquering. Choose magped GRAVITY.  <\/strong><\/h3>\n<p>&nbsp;<\/p>\n<p>Raccomandiamo scarpe SPD con un battistrada da fine a medio-grosso:<\/p>\n<a data-animate=\"fadeInLeft\" href=\"https:\/\/www.magped.com\/it\/shoe-recommendation\/\" class=\"button primary is-outline is-medium\" style=\"border-radius:99px;padding:0px 10px 0px 10px;\">\n\t\t<span>Scarpe raccomandate<\/span>\n\t<\/a>\n\n<p><strong>includono:<\/strong><\/p>\n<ul>\n<li>Un paio di pedali magped GRAVITY (L+R)<\/li>\n<li>Magneti<\/li>\n<li>Piastrine metalliche per scarpe SPD<\/li>\n<li>Viti per magneti di 2 differenti lunghezze<\/li>\n<li>Chiave a brugola<\/li>\n<li>50 PIN in acciaio<\/li>\n<\/ul>\n<p>I perni possono essere montati in 2 diverse lunghezze.<\/p>\n<p><strong>Raccomandazioni relative alla forza dei magneti:<\/strong><\/p>\n<ul>\n<li>150 N per conducenti fino a 80 kg<\/li>\n<li>200N per ciclisti &gt;75 kg<\/li>\n<\/ul>\n<h3><strong>Video:<\/strong><\/h3>\n<div class=\"aiovg-player-container\" style=\"max-width: 100%;\"><div class=\"aiovg-player aiovg-player-iframe\" style=\"padding-bottom: 56.25%;\"><iframe loading=\"lazy\" src=\"https:\/\/www.magped.com\/player-embed\/id\/201276\/\" title=\"GRAVITY video\" width=\"560\" height=\"315\" frameborder=\"0\" scrolling=\"no\" allow=\"accelerometer; autoplay; clipboard-write; encrypted-media; gyroscope; picture-in-picture; web-share\" allowfullscreen><\/iframe><\/div><\/div><script type=\"application\/ld+json\">{\"@context\":\"https:\\\/\\\/schema.org\",\"@type\":\"VideoObject\",\"@id\":\"https:\\\/\\\/www.magped.com\\\/it\\\/#\\\/schema\\\/video\\\/201276\",\"name\":\"GRAVITY video\",\"thumbnailUrl\":\"https:\\\/\\\/i.vimeocdn.com\\\/video\\\/1994731068-217f10826ec397f32c9759a5ee35fddd8c9e0eab25007d8aa2b4b63ea7098228-d_640?isnew=1\",\"uploadDate\":\"2026-03-16T06:18:01+01:00\",\"embedUrl\":\"https:\\\/\\\/www.magped.com\\\/player-embed\\\/id\\\/201276\\\/\",\"duration\":\"PT8022S\",\"interactionStatistic\":{\"@type\":\"InteractionCounter\",\"interactionType\":{\"@type\":\"http:\\\/\\\/schema.org\\\/WatchAction\"},\"userInteractionCount\":743}}<\/script>\n<br \/>Nel video di configurazione dei pedali magped GRAVITY si apprende come montare le tacchette, installare i perni e regolare in modo ottimale l\u2019altezza del magnete.<\/p>\n<div class=\"video-button-wrapper\"><a href=\"https:\/\/vimeo.com\/803498137\" class=\"button open-video icon circle is-outline is-xlarge\" role=\"button\" aria-label=\"Open video in lightbox\" data-flatsome-role-button><i class=\"icon-play\" aria-hidden=\"true\" style=\"font-size:1.5em;\"><\/i><\/a><\/div>\n<p>Nel video sulla manutenzione scoprirai come fare la manutenzione del pedale e come sostituire i magneti.<\/p>\n<div class=\"video-button-wrapper\"><a href=\"https:\/\/vimeo.com\/803493793\" class=\"button open-video icon circle is-outline is-xlarge\" role=\"button\" aria-label=\"Open video in lightbox\" data-flatsome-role-button><i class=\"icon-play\" aria-hidden=\"true\" style=\"font-size:1.5em;\"><\/i><\/a><\/div>\n","protected":false},"excerpt":{"rendered":"<p>Un paio di pedali magped GRAVITY<\/p>\n","protected":false},"featured_media":184519,"template":"","meta":[],"product_brand":[],"product_cat":[75],"product_tag":[],"class_list":{"0":"post-184357","1":"product","2":"type-product","3":"status-publish","4":"has-post-thumbnail","6":"product_cat-pedale-it","8":"first","9":"instock","10":"taxable","11":"shipping-taxable","12":"purchasable","13":"product-type-variable","14":"has-default-attributes"},"_links":{"self":[{"href":"https:\/\/www.magped.com\/it\/wp-json\/wp\/v2\/product\/184357","targetHints":{"allow":["GET"]}}],"collection":[{"href":"https:\/\/www.magped.com\/it\/wp-json\/wp\/v2\/product"}],"about":[{"href":"https:\/\/www.magped.com\/it\/wp-json\/wp\/v2\/types\/product"}],"wp:featuredmedia":[{"embeddable":true,"href":"https:\/\/www.magped.com\/it\/wp-json\/wp\/v2\/media\/184519"}],"wp:attachment":[{"href":"https:\/\/www.magped.com\/it\/wp-json\/wp\/v2\/media?parent=184357"}],"wp:term":[{"taxonomy":"product_brand","embeddable":true,"href":"https:\/\/www.magped.com\/it\/wp-json\/wp\/v2\/product_brand?post=184357"},{"taxonomy":"product_cat","embeddable":true,"href":"https:\/\/www.magped.com\/it\/wp-json\/wp\/v2\/product_cat?post=184357"},{"taxonomy":"product_tag","embeddable":true,"href":"https:\/\/www.magped.com\/it\/wp-json\/wp\/v2\/product_tag?post=184357"}],"curies":[{"name":"wp","href":"https:\/\/api.w.org\/{rel}","templated":true}]}}